{"id":66824,"date":"2025-12-02T18:58:31","date_gmt":"2025-12-02T17:58:31","guid":{"rendered":"https:\/\/www.studiolongboard.com\/?post_type=product&#038;p=66824"},"modified":"2026-04-02T21:26:46","modified_gmt":"2026-04-02T19:26:46","slug":"kendama-play-one-green","status":"publish","type":"product","link":"https:\/\/www.studiolongboard.com\/es\/shop\/kendama\/kendama-play-one-green\/","title":{"rendered":"KENDAMA Play One Verde"},"content":{"rendered":"<h2>KENDAMA Play One Verde<\/h2>\n<p>Das Play One \u2013 Dein Allrounder f\u00fcr jeden Trick!<\/p>\n<p>Das Play One ist das ultimative Kendama f\u00fcr Einsteiger und Fortgeschrittene. Mit seiner durchdachten Konstruktion und den vergr\u00f6\u00dferten Cups ist es die perfekte Wahl f\u00fcr alle, die in den Kendama-Sport einsteigen oder ihre F\u00e4higkeiten auf das n\u00e4chste Level bringen wollen. Eine echte Lace-Maschine \u2013 ideal f\u00fcr den leichten Einstieg, fortgeschrittenes Freestyle und l\u00e4ssiges Flow Play.<\/p>\n<p>Verbesserte Features f\u00fcr maximales Spielvergn\u00fcgen:<\/p>\n<p>&#8211; Gr\u00f6\u00dfere Cups: Die vergr\u00f6\u00dferten Cups machen das Spiel zwischen den Tellern auch f\u00fcr Einsteiger fast schon m\u00fchelos. Erfolgserlebnisse garantiert!<br \/>\n&#8211; Volumin\u00f6ses Sarado: Das kr\u00e4ftige Sarado sorgt f\u00fcr exzellente Lunar-Balance und gibt dir Sicherheit bei Spintricks.<br \/>\n&#8211; Erweitertes Kugelloch: Mit dem vergr\u00f6\u00dferten Kugelloch (23,7 mm) und dem angepassten Eintrittswinkel war Spiken noch nie einfacher.<br \/>\n&#8211; Optimierte Ken-Form: Das Ken liegt perfekt in der Hand, bietet optimale Kontrolle f\u00fcr Kenflips und perfekte Tama Stall-Points.<br \/>\n&#8211; Lack: Alle Lackvarianten bieten eine beeindruckende Haltbarkeit und Langlebigkeit \u2013 genau so, wie du es von Kendama Europe gewohnt bist.<br \/>\n&#8211; Perfekte Schnurl\u00e4nge: Die optimierte Schnurl\u00e4nge erleichtert das Erlernen von Cup-Tricks und ersten Flow-Varianten. Eine extra lange Ersatzschnur f\u00fcr fortgeschrittene Spieler ist inklusive.<\/p>\n<p>Hinter dem Design des Play One stehen der europ\u00e4ische Kendama-Pionier Marc und das internationale Kendama Europe Spieler- und Entwicklerteam. Gemeinsam haben sie ihre jahrelange Erfahrung und Leidenschaft in die Entwicklung dieses Kendamas eingebracht, um ein Produkt zu schaffen, das sowohl Anf\u00e4ngern schnelle Erfolgserlebnisse erm\u00f6glicht als auch fortgeschrittene Spieler mit exzellenter Balance und Flow Performance begeistert.<\/p>\n<p>Fazit:<br \/>\nDas Play One ist das perfekte Kendama f\u00fcr Einsteiger und Fortgeschrittene \u2013 ideal f\u00fcr neue Tricks, besseren Flow und unvergessliche Spikes.<\/p>\n<p>Diese Kendama wird mit folgenden Extras geliefert:<br \/>\nEine illustrierte Gebrauchs-, und Trickanleitung<br \/>\nExtra lange Ersatzschnur, Perle &amp; Einf\u00e4delwerkzeug<br \/>\nViele coole Sticker<\/p>\n<p>Farbe: \tgr\u00fcn<br \/>\nGr\u00f6\u00dfe: \tklassisch<br \/>\nLackart: \tklassisch<br \/>\nHersteller: \tKendama Europe<br \/>\nVerpackungsgewicht: \t225 g<br \/>\nAltersempfehlung: \tGeeignet f\u00fcr Kinder ab 7 Jahren.<br \/>\nHolzart Ken: \tBuchenholz<br \/>\nHolzart Kugel: \tBuchenholz<br \/>\nSchnurl\u00e4nge: \tsechs Finger<\/p>","protected":false},"excerpt":{"rendered":"<p>KENDAMA Play One Green Das Play One \u2013 Dein Allrounder f\u00fcr jeden Trick! Das Play One ist das ultimative Kendama f\u00fcr Einsteiger und Fortgeschrittene. Mit seiner durchdachten Konstruktion und den vergr\u00f6\u00dferten Cups ist es die perfekte Wahl f\u00fcr alle, die in den Kendama-Sport einsteigen oder ihre F\u00e4higkeiten auf das n\u00e4chste Level bringen wollen. Eine echte [&#8230;]\n","protected":false},"featured_media":66825,"comment_status":"open","ping_status":"closed","template":"","meta":{"jetpack_post_was_ever_published":false,"jetpack_publicize_message":"","jetpack_publicize_feature_enabled":true,"jetpack_social_post_already_shared":true,"jetpack_social_options":{"image_generator_settings":{"template":"highway","default_image_id":0,"font":"","enabled":false},"version":2}},"product_brand":[9183],"product_cat":[732,320],"product_tag":[722,726,9338],"class_list":{"0":"post-66824","1":"product","2":"type-product","3":"status-publish","4":"has-post-thumbnail","6":"product_brand-kendama-europe","7":"product_cat-kendama","8":"product_cat-accessories","9":"product_tag-kendama","10":"product_tag-triple-stripes","11":"product_tag-kendama-play-one-green","12":"product_shipping_class-paket-m","14":"first","15":"outofstock","16":"taxable","17":"shipping-taxable","18":"purchasable","19":"product-type-simple"},"composite_virtual":false,"composite_layout":"","composite_add_to_cart_form_location":"","composite_editable_in_cart":false,"composite_sold_individually_context":"","composite_shop_price_calc":"","composite_components":[],"composite_scenarios":[],"booking_location":null,"booking_location_type":null,"booking_duration":null,"booking_duration_unit":null,"booking_buffer":null,"booking_cost":null,"booking_resources":null,"jetpack_publicize_connections":[],"jetpack_sharing_enabled":true,"_links":{"self":[{"href":"https:\/\/www.studiolongboard.com\/es\/wp-json\/wp\/v2\/product\/66824","targetHints":{"allow":["GET"]}}],"collection":[{"href":"https:\/\/www.studiolongboard.com\/es\/wp-json\/wp\/v2\/product"}],"about":[{"href":"https:\/\/www.studiolongboard.com\/es\/wp-json\/wp\/v2\/types\/product"}],"replies":[{"embeddable":true,"href":"https:\/\/www.studiolongboard.com\/es\/wp-json\/wp\/v2\/comments?post=66824"}],"wp:featuredmedia":[{"embeddable":true,"href":"https:\/\/www.studiolongboard.com\/es\/wp-json\/wp\/v2\/media\/66825"}],"wp:attachment":[{"href":"https:\/\/www.studiolongboard.com\/es\/wp-json\/wp\/v2\/media?parent=66824"}],"wp:term":[{"taxonomy":"product_brand","embeddable":true,"href":"https:\/\/www.studiolongboard.com\/es\/wp-json\/wp\/v2\/product_brand?post=66824"},{"taxonomy":"product_cat","embeddable":true,"href":"https:\/\/www.studiolongboard.com\/es\/wp-json\/wp\/v2\/product_cat?post=66824"},{"taxonomy":"product_tag","embeddable":true,"href":"https:\/\/www.studiolongboard.com\/es\/wp-json\/wp\/v2\/product_tag?post=66824"}],"curies":[{"name":"wp","href":"https:\/\/api.w.org\/{rel}","templated":true}]}}