{"id":66713,"date":"2025-11-27T20:37:07","date_gmt":"2025-11-27T19:37:07","guid":{"rendered":"https:\/\/www.studiolongboard.com\/?post_type=product&#038;p=66713"},"modified":"2025-12-31T12:13:32","modified_gmt":"2025-12-31T11:13:32","slug":"motorhead-lemmy-modern-cowboy-reaction-figure","status":"publish","type":"product","link":"https:\/\/www.studiolongboard.com\/es\/shop\/accessories\/motorhead-lemmy-modern-cowboy-reaction-figure\/","title":{"rendered":"Figura de acci\u00f3n Lemmy Modern Cowboy de Motorhead"},"content":{"rendered":"<p>Motorhead Lemmy (Modern Cowboy) ReAction Figure \u2013 Beschreibung<\/p>\n<p>Die \u201eModern Cowboy\u201c-Version der legend\u00e4ren Lemmy-Figur bringt die Rock-Ikone Lemmy Kilmister von Mot\u00f6rhead zur\u00fcck \u2013 in Form einer detailreichen Sammler-Actionfigur. Mit typischer 3,75\u2033-Gr\u00f6\u00dfe (ca. 9,5 cm) spiegelt sie den charakteristischen Stil Lemmys wider: Sonnenbrille, der ikonische Reiterhut und robuste Cowboy-Stiefel \u2014 ein Look, der nur zu Lemmy passt.<\/p>\n<p>In der Packung enthalten sind seine markante Bassgitarre sowie der \u201eMurder One\u201c-Verst\u00e4rker \u2014 das perfekte Zubeh\u00f6r f\u00fcr Fans und Sammler, die Lemmys Bass-Sound und B\u00fchnen-Aura einfangen wollen.<\/p>","protected":false},"excerpt":{"rendered":"<p>Motorhead Lemmy (Modern Cowboy) ReAction Figure \u2013 Beschreibung Die \u201eModern Cowboy\u201c-Version der legend\u00e4ren Lemmy-Figur bringt die Rock-Ikone Lemmy Kilmister von Mot\u00f6rhead zur\u00fcck \u2013 in Form einer detailreichen Sammler-Actionfigur. Mit typischer 3,75\u2033-Gr\u00f6\u00dfe (ca. 9,5 cm) spiegelt sie den charakteristischen Stil Lemmys wider: Sonnenbrille, der ikonische Reiterhut und robuste Cowboy-Stiefel \u2014 ein Look, der nur zu Lemmy [&#8230;]\n","protected":false},"featured_media":66714,"comment_status":"closed","ping_status":"closed","template":"","meta":{"jetpack_post_was_ever_published":true,"jetpack_publicize_message":"","jetpack_publicize_feature_enabled":true,"jetpack_social_post_already_shared":true,"jetpack_social_options":{"image_generator_settings":{"template":"highway","default_image_id":0,"font":"","enabled":false},"version":2}},"product_brand":[],"product_cat":[320],"product_tag":[9334,9335,399,9324,9325,9326,9330,9331,9333],"class_list":{"0":"post-66713","1":"product","2":"type-product","3":"status-publish","4":"has-post-thumbnail","6":"product_cat-accessories","7":"product_tag-spielzeug","8":"product_tag-figur","9":"product_tag-motoerhead","10":"product_tag-lemmy","11":"product_tag-geschenk","12":"product_tag-gift","13":"product_tag-metal","14":"product_tag-fan","15":"product_tag-sammelstueck","17":"first","18":"instock","19":"featured","20":"taxable","21":"shipping-taxable","22":"purchasable","23":"product-type-simple"},"composite_virtual":false,"composite_layout":"","composite_add_to_cart_form_location":"","composite_editable_in_cart":false,"composite_sold_individually_context":"","composite_shop_price_calc":"","composite_components":[],"composite_scenarios":[],"booking_location":null,"booking_location_type":null,"booking_duration":null,"booking_duration_unit":null,"booking_buffer":null,"booking_cost":null,"booking_resources":null,"jetpack_publicize_connections":[],"jetpack_sharing_enabled":true,"_links":{"self":[{"href":"https:\/\/www.studiolongboard.com\/es\/wp-json\/wp\/v2\/product\/66713","targetHints":{"allow":["GET"]}}],"collection":[{"href":"https:\/\/www.studiolongboard.com\/es\/wp-json\/wp\/v2\/product"}],"about":[{"href":"https:\/\/www.studiolongboard.com\/es\/wp-json\/wp\/v2\/types\/product"}],"replies":[{"embeddable":true,"href":"https:\/\/www.studiolongboard.com\/es\/wp-json\/wp\/v2\/comments?post=66713"}],"wp:featuredmedia":[{"embeddable":true,"href":"https:\/\/www.studiolongboard.com\/es\/wp-json\/wp\/v2\/media\/66714"}],"wp:attachment":[{"href":"https:\/\/www.studiolongboard.com\/es\/wp-json\/wp\/v2\/media?parent=66713"}],"wp:term":[{"taxonomy":"product_brand","embeddable":true,"href":"https:\/\/www.studiolongboard.com\/es\/wp-json\/wp\/v2\/product_brand?post=66713"},{"taxonomy":"product_cat","embeddable":true,"href":"https:\/\/www.studiolongboard.com\/es\/wp-json\/wp\/v2\/product_cat?post=66713"},{"taxonomy":"product_tag","embeddable":true,"href":"https:\/\/www.studiolongboard.com\/es\/wp-json\/wp\/v2\/product_tag?post=66713"}],"curies":[{"name":"wp","href":"https:\/\/api.w.org\/{rel}","templated":true}]}}