{"id":66710,"date":"2025-11-27T20:35:02","date_gmt":"2025-11-27T19:35:02","guid":{"rendered":"https:\/\/www.studiolongboard.com\/?post_type=product&#038;p=66710"},"modified":"2025-12-31T12:14:27","modified_gmt":"2025-12-31T11:14:27","slug":"independent-x-motoerhead-warpig-pint-glass","status":"publish","type":"product","link":"https:\/\/www.studiolongboard.com\/es\/shop\/accessories\/independent-x-motoerhead-warpig-pint-glass\/","title":{"rendered":"Independiente x Mot\u00f6rhead Warpig Vaso de pintura"},"content":{"rendered":"<h2>Independiente x Mot\u00f6rhead Warpig Vaso de pintura<\/h2>\n<p>Offizielles Pint-Glas f\u00fcr echte Rock- &amp; Skate-Legenden<\/p>\n<p>Das Independent x Mot\u00f6rhead Warpig Pint Glass vereint zwei Ikonen der Subkultur in einem kraftvollen Design: Die Skateboard-Institution Independent Trucks trifft auf die Heavy-Metal-Legende Mot\u00f6rhead. Entstanden ist ein Pint-Glas, das nicht nur ein Sammlerst\u00fcck, sondern ein Statement ist.<\/p>\n<p>Auf der Vorderseite prangt das legend\u00e4re Warpig-Logo \u2013 ein Symbol f\u00fcr pure Energie, Rebellion und kompromisslosen Sound. Erg\u00e4nzt wird das Glas durch das charakteristische Independent Cross, das seit Jahrzehnten f\u00fcr Skateboarding auf h\u00f6chstem Niveau steht.<\/p>\n<p>Gefertigt aus robustem, klaren Glas bietet das Pint-Glas optimale Haltbarkeit und ein angenehmes Gewicht in der Hand. Perfekt f\u00fcr Bierliebhaber, Sammler oder alle, die ihre Bar mit einem St\u00fcck Rock-\u2019n\u2019-Roll-Geschichte aufwerten m\u00f6chten.<\/p>\n<p>Highlights<\/p>\n<p>Offizielles Independent x Mot\u00f6rhead Kollaborationsprodukt<\/p>\n<p>Markantes Warpig \/ Snaggletooth Design<\/p>\n<p>Robustes Pint-Glas f\u00fcr 473 ml (16 oz)<\/p>\n<p>Ideal als Sammlerst\u00fcck, Geschenk oder f\u00fcr die eigene Bar<\/p>\n<p>Perfekte Mischung aus Skate-Kultur und Heavy-Metal-\u00c4sthetik<\/p>\n<p>Wenn du m\u00f6chtest, kann ich dir auch eine verkaufsoptimierte Version, eine k\u00fcrzere Kurzbeschreibung oder eine bullet-point Version f\u00fcr einen Onlineshop erstellen.<\/p>","protected":false},"excerpt":{"rendered":"<p>Independent x Mot\u00f6rhead Warpig Pint Glass Offizielles Pint-Glas f\u00fcr echte Rock- &amp; Skate-Legenden Das Independent x Mot\u00f6rhead Warpig Pint Glass vereint zwei Ikonen der Subkultur in einem kraftvollen Design: Die Skateboard-Institution Independent Trucks trifft auf die Heavy-Metal-Legende Mot\u00f6rhead. Entstanden ist ein Pint-Glas, das nicht nur ein Sammlerst\u00fcck, sondern ein Statement ist. Auf der Vorderseite prangt [&#8230;]\n","protected":false},"featured_media":66711,"comment_status":"closed","ping_status":"closed","template":"","meta":{"jetpack_post_was_ever_published":true,"jetpack_publicize_message":"","jetpack_publicize_feature_enabled":true,"jetpack_social_post_already_shared":true,"jetpack_social_options":{"image_generator_settings":{"template":"highway","default_image_id":0,"font":"","enabled":false},"version":2}},"product_brand":[9304],"product_cat":[320],"product_tag":[9330,9331,399,9324,9325,9326,9327,9328,9329],"class_list":{"0":"post-66710","1":"product","2":"type-product","3":"status-publish","4":"has-post-thumbnail","6":"product_brand-independent-trucks","7":"product_cat-accessories","8":"product_tag-metal","9":"product_tag-fan","10":"product_tag-motoerhead","11":"product_tag-lemmy","12":"product_tag-geschenk","13":"product_tag-gift","14":"product_tag-bar","15":"product_tag-glas","16":"product_tag-skate","17":"product_shipping_class-paket-m","19":"first","20":"instock","21":"taxable","22":"shipping-taxable","23":"purchasable","24":"product-type-simple"},"composite_virtual":false,"composite_layout":"","composite_add_to_cart_form_location":"","composite_editable_in_cart":false,"composite_sold_individually_context":"","composite_shop_price_calc":"","composite_components":[],"composite_scenarios":[],"booking_location":null,"booking_location_type":null,"booking_duration":null,"booking_duration_unit":null,"booking_buffer":null,"booking_cost":null,"booking_resources":null,"jetpack_publicize_connections":[],"jetpack_sharing_enabled":true,"_links":{"self":[{"href":"https:\/\/www.studiolongboard.com\/es\/wp-json\/wp\/v2\/product\/66710","targetHints":{"allow":["GET"]}}],"collection":[{"href":"https:\/\/www.studiolongboard.com\/es\/wp-json\/wp\/v2\/product"}],"about":[{"href":"https:\/\/www.studiolongboard.com\/es\/wp-json\/wp\/v2\/types\/product"}],"replies":[{"embeddable":true,"href":"https:\/\/www.studiolongboard.com\/es\/wp-json\/wp\/v2\/comments?post=66710"}],"wp:featuredmedia":[{"embeddable":true,"href":"https:\/\/www.studiolongboard.com\/es\/wp-json\/wp\/v2\/media\/66711"}],"wp:attachment":[{"href":"https:\/\/www.studiolongboard.com\/es\/wp-json\/wp\/v2\/media?parent=66710"}],"wp:term":[{"taxonomy":"product_brand","embeddable":true,"href":"https:\/\/www.studiolongboard.com\/es\/wp-json\/wp\/v2\/product_brand?post=66710"},{"taxonomy":"product_cat","embeddable":true,"href":"https:\/\/www.studiolongboard.com\/es\/wp-json\/wp\/v2\/product_cat?post=66710"},{"taxonomy":"product_tag","embeddable":true,"href":"https:\/\/www.studiolongboard.com\/es\/wp-json\/wp\/v2\/product_tag?post=66710"}],"curies":[{"name":"wp","href":"https:\/\/api.w.org\/{rel}","templated":true}]}}