{"id":64816,"date":"2025-09-18T20:34:03","date_gmt":"2025-09-18T18:34:03","guid":{"rendered":"https:\/\/www.studiolongboard.com\/?post_type=product&#038;p=64816"},"modified":"2025-12-31T12:57:10","modified_gmt":"2025-12-31T11:57:10","slug":"santa-cruz-toxic-dot-pintail-cruiser-longboard","status":"publish","type":"product","link":"https:\/\/www.studiolongboard.com\/es\/shop\/longboards\/komplett-longboards\/kinder-longboards\/santa-cruz-toxic-dot-pintail-cruiser-longboard\/","title":{"rendered":"SANTA-CRUZ Toxic Dot Pintail Cruiser Longboard"},"content":{"rendered":"<h2>SANTA-CRUZ Toxic Dot Pintail Cruiser Longboard<\/h2>\n<p>SANTA-CRUZ Toxic Dot Pintail Cruiser Longboard<\/p>\n<p>    Breite &#8211; 9,2&#8243;<br \/>\n    L\u00e4nge &#8211; 33&#8243;<br \/>\n    Radstand &#8211; 21&#8243;<br \/>\n    Santa Cruz 9-lagiges Ahorndeck<br \/>\n    Kugeltrucks<br \/>\n    Santa Cruz -R\u00e4der<br \/>\n    Abgeschirmte Lager<\/p>\n<p>Ideal f\u00fcr Kinder oder alle die einfach ein kleines leichtes wendiges Board suchen.<\/p>\n<p>Bullet Longboard Achsen<br \/>\n65mm 78a Road Rider Rollen<\/p>\n<p>33&#8243; x 9.2&#8243;<\/p>","protected":false},"excerpt":{"rendered":"<p>SANTA-CRUZ Toxic Dot Pintail Cruiser Longboard SANTA-CRUZ Toxic Dot Pintail Cruiser Longboard Breite &#8211; 9,2&#8243; L\u00e4nge &#8211; 33&#8243; Radstand &#8211; 21&#8243; Santa Cruz 9-lagiges Ahorndeck Kugeltrucks Santa Cruz -R\u00e4der Abgeschirmte Lager Ideal f\u00fcr Kinder oder alle die einfach ein kleines leichtes wendiges Board suchen. Bullet Longboard Achsen 65mm 78a Road Rider Rollen 33&#8243; x 9.2&#8243;<\/p>","protected":false},"featured_media":64817,"comment_status":"closed","ping_status":"closed","template":"","meta":{"jetpack_post_was_ever_published":false,"jetpack_publicize_message":"","jetpack_publicize_feature_enabled":true,"jetpack_social_post_already_shared":true,"jetpack_social_options":{"image_generator_settings":{"template":"highway","default_image_id":0,"font":"","enabled":false},"version":2}},"product_brand":[9276],"product_cat":[8641,8642,687,310],"product_tag":[772,2164,5528,5888,5889],"class_list":{"0":"post-64816","1":"product","2":"type-product","3":"status-publish","4":"has-post-thumbnail","6":"product_brand-santa-cruz","7":"product_cat-kinder-longboards","8":"product_cat-einsteiger-longboards","9":"product_cat-sale","10":"product_cat-komplett-longboards","11":"product_tag-pintail","12":"product_tag-komplettlongboard","13":"product_tag-kinder","14":"product_tag-beginner","15":"product_tag-anfaenger","16":"product_shipping_class-paket","18":"first","19":"instock","20":"sale","21":"taxable","22":"shipping-taxable","23":"purchasable","24":"product-type-simple"},"composite_virtual":false,"composite_layout":"","composite_add_to_cart_form_location":"","composite_editable_in_cart":false,"composite_sold_individually_context":"","composite_shop_price_calc":"","composite_components":[],"composite_scenarios":[],"booking_location":null,"booking_location_type":null,"booking_duration":null,"booking_duration_unit":null,"booking_buffer":null,"booking_cost":null,"booking_resources":null,"jetpack_publicize_connections":[],"jetpack_sharing_enabled":true,"_links":{"self":[{"href":"https:\/\/www.studiolongboard.com\/es\/wp-json\/wp\/v2\/product\/64816","targetHints":{"allow":["GET"]}}],"collection":[{"href":"https:\/\/www.studiolongboard.com\/es\/wp-json\/wp\/v2\/product"}],"about":[{"href":"https:\/\/www.studiolongboard.com\/es\/wp-json\/wp\/v2\/types\/product"}],"replies":[{"embeddable":true,"href":"https:\/\/www.studiolongboard.com\/es\/wp-json\/wp\/v2\/comments?post=64816"}],"wp:featuredmedia":[{"embeddable":true,"href":"https:\/\/www.studiolongboard.com\/es\/wp-json\/wp\/v2\/media\/64817"}],"wp:attachment":[{"href":"https:\/\/www.studiolongboard.com\/es\/wp-json\/wp\/v2\/media?parent=64816"}],"wp:term":[{"taxonomy":"product_brand","embeddable":true,"href":"https:\/\/www.studiolongboard.com\/es\/wp-json\/wp\/v2\/product_brand?post=64816"},{"taxonomy":"product_cat","embeddable":true,"href":"https:\/\/www.studiolongboard.com\/es\/wp-json\/wp\/v2\/product_cat?post=64816"},{"taxonomy":"product_tag","embeddable":true,"href":"https:\/\/www.studiolongboard.com\/es\/wp-json\/wp\/v2\/product_tag?post=64816"}],"curies":[{"name":"wp","href":"https:\/\/api.w.org\/{rel}","templated":true}]}}