{"id":6474,"date":"2019-01-26T17:17:17","date_gmt":"2019-01-26T16:17:17","guid":{"rendered":"https:\/\/www.studiolongboard.com\/?post_type=product&#038;p=6474"},"modified":"2026-02-14T13:02:13","modified_gmt":"2026-02-14T12:02:13","slug":"gesangsaufnahme-fun-buchen","status":"publish","type":"product","link":"https:\/\/www.studiolongboard.com\/es\/shop\/tonstudio-dienstleistungen\/gesangsaufnahme-fun-buchen\/","title":{"rendered":"Reserva grabaci\u00f3n vocal DIVERSI\u00d3N\/grupo"},"content":{"rendered":"<h2>Reserva grabaci\u00f3n vocal DIVERSI\u00d3N\/grupo<\/h2>\n<p>Gesangsaufnahme buchen in Hamburgs coolstem <a href=\"https:\/\/www.studiolongboard.com\/es\/estudio-de-grabacion\/\">Estudio de grabaci\u00f3n<\/a>!<\/p>\n<p>Gesangsaufnahmen zu Playback eigenen sich wunderbar f\u00fcr Feste wie Kindergeburtstage, Junggesellenabschiede, Firmenfeiern oder sonstigen Festivit\u00e4ten sowie auch als Geschenkideen f\u00fcr eure Liebsten. Ihr k\u00f6nnt entweder eure eigenen Playbacks mitbringen oder wir organisieren welche f\u00fcr euch.<\/p>\n<p>Im Paket enthalten ist neben der Aufnahme, Mixing &amp; Mastering der Aufnahmen und Bereitstellung als unkomprimierte (wav-Format) und komprimierte (mp3-Format) Datei. Der Mix und das Master wird noch in der von euch gebuchten Zeit fertiggestellt, \u00a0so dass ihr am Ende das fertige Produkt gleich mitnehmen k\u00f6nnt. Aus Erfahrung ben\u00f6tigen wir ungef\u00e4hr die gleiche Zeit f\u00fcr Mixing &amp; Mastering wie f\u00fcr die Aufnahme selbst.<\/p>\n<p>Bucht ihr eine Stunde, dann kann in der Zeit nur maximal ein Song aufgenommen werden. Bei zwei Stunden sind 2 bis 3 Songs m\u00f6glich, bei 3 Stunden 3 bis 4 Song usw.<\/p>\n<p>W\u00e4hrend des Mix- &amp; Mastering-Vorgangs k\u00f6nnt ihr uns entweder \u00fcber die Schulter schauen, oder euch in unserem Aufenthaltsraum oder auf der Terrasse entspannen.<\/p>\n<p>Ob Gruppenaufnahmen oder Einzelaufnahmen &#8211; das professionelle Umfeld, die erfahrenen Tontechniker und die kreative Atmosph\u00e4re helfen euch das Beste aus eurer Stimme rauszuholen.<\/p>\n<p>&nbsp;<\/p>","protected":false},"excerpt":{"rendered":"<p>Gesangsaufnahme FUN\/Gruppe buchen Gesangsaufnahme buchen in Hamburgs coolstem Tonstudio! Gesangsaufnahmen zu Playback eigenen sich wunderbar f\u00fcr Feste wie Kindergeburtstage, Junggesellenabschiede, Firmenfeiern oder sonstigen Festivit\u00e4ten sowie auch als Geschenkideen f\u00fcr eure Liebsten. Ihr k\u00f6nnt entweder eure eigenen Playbacks mitbringen oder wir organisieren welche f\u00fcr euch. Im Paket enthalten ist neben der Aufnahme, Mixing &amp; Mastering der [&#8230;]\n","protected":false},"featured_media":6509,"comment_status":"closed","ping_status":"closed","template":"","meta":{"jetpack_post_was_ever_published":false,"jetpack_publicize_message":"","jetpack_publicize_feature_enabled":true,"jetpack_social_post_already_shared":true,"jetpack_social_options":{"image_generator_settings":{"template":"highway","default_image_id":0,"font":"","enabled":false},"version":2}},"product_brand":[],"product_cat":[2674],"product_tag":[2209,2210,2211,6486],"class_list":{"0":"post-6474","1":"product","2":"type-product","3":"status-publish","4":"has-post-thumbnail","6":"product_cat-tonstudio-dienstleistungen","7":"product_tag-kindergeburtstag","8":"product_tag-junggesellinnenabschied","9":"product_tag-firmenfeier","10":"product_tag-gruppenaufnnahme","12":"first","13":"instock","14":"virtual","15":"sold-individually","16":"taxable","17":"purchasable","18":"product-type-booking"},"composite_virtual":false,"composite_layout":"","composite_add_to_cart_form_location":"","composite_editable_in_cart":false,"composite_sold_individually_context":"","composite_shop_price_calc":"","composite_components":[],"composite_scenarios":[],"booking_location":"","booking_location_type":"","booking_duration":1,"booking_duration_unit":"hour","booking_buffer":0,"booking_cost":0,"booking_resources":[6448],"jetpack_publicize_connections":[],"jetpack_sharing_enabled":true,"_links":{"self":[{"href":"https:\/\/www.studiolongboard.com\/es\/wp-json\/wp\/v2\/product\/6474","targetHints":{"allow":["GET"]}}],"collection":[{"href":"https:\/\/www.studiolongboard.com\/es\/wp-json\/wp\/v2\/product"}],"about":[{"href":"https:\/\/www.studiolongboard.com\/es\/wp-json\/wp\/v2\/types\/product"}],"replies":[{"embeddable":true,"href":"https:\/\/www.studiolongboard.com\/es\/wp-json\/wp\/v2\/comments?post=6474"}],"wp:featuredmedia":[{"embeddable":true,"href":"https:\/\/www.studiolongboard.com\/es\/wp-json\/wp\/v2\/media\/6509"}],"wp:attachment":[{"href":"https:\/\/www.studiolongboard.com\/es\/wp-json\/wp\/v2\/media?parent=6474"}],"wp:term":[{"taxonomy":"product_brand","embeddable":true,"href":"https:\/\/www.studiolongboard.com\/es\/wp-json\/wp\/v2\/product_brand?post=6474"},{"taxonomy":"product_cat","embeddable":true,"href":"https:\/\/www.studiolongboard.com\/es\/wp-json\/wp\/v2\/product_cat?post=6474"},{"taxonomy":"product_tag","embeddable":true,"href":"https:\/\/www.studiolongboard.com\/es\/wp-json\/wp\/v2\/product_tag?post=6474"}],"curies":[{"name":"wp","href":"https:\/\/api.w.org\/{rel}","templated":true}]}}