{"id":64737,"date":"2025-09-16T18:32:21","date_gmt":"2025-09-16T16:32:21","guid":{"rendered":"https:\/\/www.studiolongboard.com\/?post_type=product&#038;p=64737"},"modified":"2025-12-31T12:57:25","modified_gmt":"2025-12-31T11:57:25","slug":"arbor-performance-solstice-b4bc-fish-37","status":"publish","type":"product","link":"https:\/\/www.studiolongboard.com\/es\/shop\/longboards\/komplett-longboards\/einsteiger-longboards\/arbor-performance-solstice-b4bc-fish-37\/","title":{"rendered":"ARBOR Performance Solstice B4BC Pez 37\u2033."},"content":{"rendered":"<h2>ARBOR Performance Solstice B4BC Pez 37\u2033.<\/h2>\n<p>Completamente montado. Desc\u00e1rgala y empieza a navegar. Acabado de madera de palisandro premium Ply Una pintail compacta con una distancia entre ejes extendida y una flexi\u00f3n suave para pasear por la ciudad y hacer carving a baja velocidad.<\/p>\n<p>L: 37.00\u2033 | A: 8.40\u2033<\/p>\n<p>Acabado de palisandro de primera calidad<\/p>\n<p>Artista: Hilary Jane<\/p>\n<p>UNA PARTE DE TODAS LAS VENTAS DE LA COLECCI\u00d3N SOLSTICIO A BENEFICIO DE BOARDING FOR BREAST CANCER<\/p>\n<p>CUBIERTA<br \/>\nArce Hardrock de 7 capas con un acabado premium de palisandro Madera de capas<br \/>\nEl material de madera procede de fuentes de suministro sostenibles<br \/>\nLos subproductos de la madera se recuperan para utilizarlos en otros productos<\/p>\n<p>CAMIONES<br \/>\nPar\u00eds Reverso 50\u00b0 150mm<\/p>\n<p>RUEDAS<br \/>\nArbor Easyrider Series - Mosh Mezcla perfecta entre aceleraci\u00f3n r\u00e1pida y velocidad de balanceo Buena para cruising y carving en tablas de todos los tama\u00f1os<\/p>\n<p>Tama\u00f1o: 65mm | Dur\u00f3metro: 78a Punto de Contacto: 36.0mm | Offset: 0.0mm N\u00facleo Momentum: Amortigua los baches F\u00f3rmula Venecia: Suave y con agarre<\/p>\n<p>OTROS COMPONENTES<br \/>\nRodamientos ABEC 7 con separadores 1\/8\u2033.<br \/>\nParis Risers Vidrio reciclado Re-Grit<\/p>","protected":false},"excerpt":{"rendered":"<p>ARBOR Performance Solstice B4BC Fish 37&#8243; Completely assembled. Unbox it and start cruising. Premium Palisander Wood Finish Ply A compact pintail with an extended wheelbase and mellow flex for around town cruising and lower speed Carving. L: 37.00&#8243; | W: 8.40&#8243; Premium Palisander Wood Finish Ply Artist: Hilary Jane A PORTION OF ALL SOLSTICE COLLECTION [&#8230;]\n","protected":false},"featured_media":64746,"comment_status":"closed","ping_status":"closed","template":"","meta":{"jetpack_post_was_ever_published":false,"jetpack_publicize_message":"","jetpack_publicize_feature_enabled":true,"jetpack_social_post_already_shared":true,"jetpack_social_options":{"image_generator_settings":{"template":"highway","default_image_id":0,"font":"","enabled":false},"version":2}},"product_brand":[],"product_cat":[687,310,8642],"product_tag":[462,772,5888,8271],"class_list":{"0":"post-64737","1":"product","2":"type-product","3":"status-publish","4":"has-post-thumbnail","6":"product_cat-sale","7":"product_cat-komplett-longboards","8":"product_cat-einsteiger-longboards","9":"product_tag-cruiser","10":"product_tag-pintail","11":"product_tag-beginner","12":"product_tag-einsteiger","13":"product_shipping_class-paket","15":"first","16":"outofstock","17":"sale","18":"taxable","19":"shipping-taxable","20":"purchasable","21":"product-type-simple"},"composite_virtual":false,"composite_layout":"","composite_add_to_cart_form_location":"","composite_editable_in_cart":false,"composite_sold_individually_context":"","composite_shop_price_calc":"","composite_components":[],"composite_scenarios":[],"booking_location":null,"booking_location_type":null,"booking_duration":null,"booking_duration_unit":null,"booking_buffer":null,"booking_cost":null,"booking_resources":null,"jetpack_publicize_connections":[],"jetpack_sharing_enabled":true,"_links":{"self":[{"href":"https:\/\/www.studiolongboard.com\/es\/wp-json\/wp\/v2\/product\/64737","targetHints":{"allow":["GET"]}}],"collection":[{"href":"https:\/\/www.studiolongboard.com\/es\/wp-json\/wp\/v2\/product"}],"about":[{"href":"https:\/\/www.studiolongboard.com\/es\/wp-json\/wp\/v2\/types\/product"}],"replies":[{"embeddable":true,"href":"https:\/\/www.studiolongboard.com\/es\/wp-json\/wp\/v2\/comments?post=64737"}],"wp:featuredmedia":[{"embeddable":true,"href":"https:\/\/www.studiolongboard.com\/es\/wp-json\/wp\/v2\/media\/64746"}],"wp:attachment":[{"href":"https:\/\/www.studiolongboard.com\/es\/wp-json\/wp\/v2\/media?parent=64737"}],"wp:term":[{"taxonomy":"product_brand","embeddable":true,"href":"https:\/\/www.studiolongboard.com\/es\/wp-json\/wp\/v2\/product_brand?post=64737"},{"taxonomy":"product_cat","embeddable":true,"href":"https:\/\/www.studiolongboard.com\/es\/wp-json\/wp\/v2\/product_cat?post=64737"},{"taxonomy":"product_tag","embeddable":true,"href":"https:\/\/www.studiolongboard.com\/es\/wp-json\/wp\/v2\/product_tag?post=64737"}],"curies":[{"name":"wp","href":"https:\/\/api.w.org\/{rel}","templated":true}]}}