{"id":64698,"date":"2025-09-15T19:41:20","date_gmt":"2025-09-15T17:41:20","guid":{"rendered":"https:\/\/www.studiolongboard.com\/?post_type=product&#038;p=64698"},"modified":"2025-11-13T09:51:19","modified_gmt":"2025-11-13T08:51:19","slug":"kendama-play-one-grip-cool-mango","status":"publish","type":"product","link":"https:\/\/www.studiolongboard.com\/es\/shop\/kendama\/kendama-play-one-grip-cool-mango\/","title":{"rendered":"KENDAMA Play One Grip Cool Mango"},"content":{"rendered":"<h2>KENDAMA Play One Grip Cool Mango<\/h2>\n<p>KENDAMA Play One Grip Cool Mango ist ein echter Allesk\u00f6nner! Es bietet jede Menge Spa\u00df f\u00fcr Einsteiger und Fortgeschrittene. Die gro\u00dfen Cups erleichtern das Cup Spiel. Das kr\u00e4ftig volumige Sarado sorgt f\u00fcr exzellente Lunar Balance, der ausgepr\u00e4gte Kendama Grip Ridge bietet beste Kenflip Kontrolle und mit dem gro\u00dfen Kugelloch verfehlst Du nie wieder einen Spike.<\/p>\n<p>Play One G-Serie: Spezial-Grip-Lack f\u00fcr Balance-Tricks<\/p>\n<p>Die Play One G-Serie kommt mit einer speziellen Grip-Lackmischung, die ideal f\u00fcr Balance-Tricks ist. Der Lack bietet den perfekten Grip f\u00fcr Balance-Tricks und gleichzeitig genug Gleitf\u00e4higkeit f\u00fcr Korrekturbewegungen. Die Designs erleichtern das Kugeltracking und verbessern das Spiken.<\/p>\n<p>Hinter dem Design des Play One stehen der europ\u00e4ische Kendama-Pionier Marc und das internationale Kendama Europe Spieler- und Entwicklerteam. Gemeinsam haben sie ihre jahrelange Erfahrung und Leidenschaft in die Entwicklung dieses Kendamas eingebracht, um ein Produkt zu schaffen, das sowohl Anf\u00e4ngern schnelle Erfolgserlebnisse erm\u00f6glicht als auch fortgeschrittene Spieler mit exzellenter Balance und Flow-Performance begeistert.<\/p>\n<p>Fazit:<br \/>\nDas Play One ist das perfekte Kendama f\u00fcr Einsteiger und Fortgeschrittene \u2013 ideal f\u00fcr neue Tricks, besseren Flow und unvergessliche Spikes.<\/p>\n<p>Diese Kendama wird mit folgenden Extras geliefert:<br \/>\nEine illustrierte Gebrauchs-, und Trickanleitung<br \/>\nExtra lange Ersatzschnur, Perle &#038; Einf\u00e4delwerkzeug<br \/>\nViele coole Sticker<\/p>\n<p>Technische Daten:<\/p>\n<p>GR\u00d6SSE\tklassisch<br \/>\nFARBE:\tblau, orange<br \/>\nLACKART:\tklassisch<br \/>\nHERSTELLER:\tKendama Europe<br \/>\nVERPACKUNGSGEWICHT:\t225 g<br \/>\nALTERSEMPFEHLUNG:\tGeeignet f\u00fcr Kinder ab 7 Jahren.<br \/>\nHOLZART KEN:\tBuchenholz<br \/>\nHOLZART KUGEL:\tBuchenholz<br \/>\nSCHNURL\u00c4NGE:\tsechs Finger<br \/>\nALTERSEMPFEHLUNG: Geeignet f\u00fcr Kinder ab 7 Jahren.<\/p>","protected":false},"excerpt":{"rendered":"<p>KENDAMA Play One Grip Cool Mango KENDAMA Play One Grip Cool Mango ist ein echter Allesk\u00f6nner! Es bietet jede Menge Spa\u00df f\u00fcr Einsteiger und Fortgeschrittene. Die gro\u00dfen Cups erleichtern das Cup Spiel. Das kr\u00e4ftig volumige Sarado sorgt f\u00fcr exzellente Lunar Balance, der ausgepr\u00e4gte Kendama Grip Ridge bietet beste Kenflip Kontrolle und mit dem gro\u00dfen Kugelloch [&#8230;]\n","protected":false},"featured_media":21403,"comment_status":"open","ping_status":"closed","template":"","meta":{"jetpack_post_was_ever_published":false,"jetpack_publicize_message":"","jetpack_publicize_feature_enabled":true,"jetpack_social_post_already_shared":true,"jetpack_social_options":{"image_generator_settings":{"template":"highway","default_image_id":0,"font":"","enabled":false},"version":2}},"product_brand":[9183],"product_cat":[732,320],"product_tag":[722,726],"class_list":{"0":"post-64698","1":"product","2":"type-product","3":"status-publish","4":"has-post-thumbnail","6":"product_brand-kendama-europe","7":"product_cat-kendama","8":"product_cat-accessories","9":"product_tag-kendama","10":"product_tag-triple-stripes","11":"product_shipping_class-paket-m","13":"first","14":"outofstock","15":"taxable","16":"shipping-taxable","17":"purchasable","18":"product-type-simple"},"composite_virtual":false,"composite_layout":"","composite_add_to_cart_form_location":"","composite_editable_in_cart":false,"composite_sold_individually_context":"","composite_shop_price_calc":"","composite_components":[],"composite_scenarios":[],"booking_location":null,"booking_location_type":null,"booking_duration":null,"booking_duration_unit":null,"booking_buffer":null,"booking_cost":null,"booking_resources":null,"jetpack_publicize_connections":[],"jetpack_sharing_enabled":true,"_links":{"self":[{"href":"https:\/\/www.studiolongboard.com\/es\/wp-json\/wp\/v2\/product\/64698","targetHints":{"allow":["GET"]}}],"collection":[{"href":"https:\/\/www.studiolongboard.com\/es\/wp-json\/wp\/v2\/product"}],"about":[{"href":"https:\/\/www.studiolongboard.com\/es\/wp-json\/wp\/v2\/types\/product"}],"replies":[{"embeddable":true,"href":"https:\/\/www.studiolongboard.com\/es\/wp-json\/wp\/v2\/comments?post=64698"}],"wp:featuredmedia":[{"embeddable":true,"href":"https:\/\/www.studiolongboard.com\/es\/wp-json\/wp\/v2\/media\/21403"}],"wp:attachment":[{"href":"https:\/\/www.studiolongboard.com\/es\/wp-json\/wp\/v2\/media?parent=64698"}],"wp:term":[{"taxonomy":"product_brand","embeddable":true,"href":"https:\/\/www.studiolongboard.com\/es\/wp-json\/wp\/v2\/product_brand?post=64698"},{"taxonomy":"product_cat","embeddable":true,"href":"https:\/\/www.studiolongboard.com\/es\/wp-json\/wp\/v2\/product_cat?post=64698"},{"taxonomy":"product_tag","embeddable":true,"href":"https:\/\/www.studiolongboard.com\/es\/wp-json\/wp\/v2\/product_tag?post=64698"}],"curies":[{"name":"wp","href":"https:\/\/api.w.org\/{rel}","templated":true}]}}