{"id":6464,"date":"2019-01-25T17:49:16","date_gmt":"2019-01-25T16:49:16","guid":{"rendered":"https:\/\/www.studiolongboard.com\/?post_type=product&#038;p=6464"},"modified":"2025-11-23T16:47:54","modified_gmt":"2025-11-23T15:47:54","slug":"professionelle-bandaufnahme-im-tonstudio","status":"publish","type":"product","link":"https:\/\/www.studiolongboard.com\/es\/shop\/tonstudio-dienstleistungen\/professionelle-bandaufnahme-im-tonstudio\/","title":{"rendered":"Grabaci\u00f3n profesional de bandas en el estudio de grabaci\u00f3n"},"content":{"rendered":"<h2>Grabaci\u00f3n profesional de bandas en el estudio de grabaci\u00f3n<\/h2>\n<p>Professionelle Band-Aufnahme im Tonstudio jetzt online buchen. Ihr seid eine Band und wollt euer Material endlich professionell im <a href=\"https:\/\/www.studiolongboard.com\/es\/estudio-de-grabacion\/\">Estudio de grabaci\u00f3n<\/a> aufnehmen lassen? Hier k\u00f6nnt ihr tageweise unser Tonstudio mit Techniker buchen.<\/p>\n<p>Die Aufnahmen k\u00f6nnen entweder simultan (live) oder nacheinander durchgef\u00fchrt werden.<\/p>\n<p>Ab dem zweiten Buchungstag reduziert sich der Endpreis um 20%. Maximal k\u00f6nnen pro Buchung 30 Tage gebucht werden.<\/p>\n<p>Mit unserem Know-How, langj\u00e4hriger Erfahrung sowie der pers\u00f6nlichen Hingabe und Leidenschaft zur Musik und zum Handwerk sind Tonaufnahmen h\u00f6chster Qualit\u00e4t garantiert.<\/p>\n<p>Eine Auswahl an unseren letzten Aufnahmeprojekten findet ihr hier:<\/p>\n<p>&nbsp;<\/p>\n<blockquote class=\"wp-embedded-content\" data-secret=\"pVtIx0kWfm\"><p><a href=\"https:\/\/www.studiolongboard.com\/es\/sugar-city-sideshow-neues-album-roots-rock-reggae\/\">Sugar City Sideshow - nuevo \u00e1lbum (roots rock reggae)<\/a><\/p><\/blockquote>\n<p><iframe loading=\"lazy\" class=\"wp-embedded-content\" sandbox=\"allow-scripts\" security=\"restricted\" style=\"position: absolute; visibility: hidden;\" title=\"&#8222;Sugar City Sideshow &#8211; neues Album (roots rock reggae)&#8220; &#8211; Studio Longboard\" src=\"https:\/\/www.studiolongboard.com\/sugar-city-sideshow-neues-album-roots-rock-reggae\/embed\/#?secret=bslZiD2oeU#?secret=pVtIx0kWfm\" data-secret=\"pVtIx0kWfm\" width=\"600\" height=\"338\" frameborder=\"0\" marginwidth=\"0\" marginheight=\"0\" scrolling=\"no\"><\/iframe><\/p>\n<p>&nbsp;<\/p>\n<blockquote class=\"wp-embedded-content\" data-secret=\"d3aiZ5ZMJt\"><p><a href=\"https:\/\/www.studiolongboard.com\/es\/between-lines-endless-curse\/\">BETWEEN LINES &#8211; endless curse<\/a><\/p><\/blockquote>\n<p><iframe loading=\"lazy\" class=\"wp-embedded-content\" sandbox=\"allow-scripts\" security=\"restricted\" style=\"position: absolute; visibility: hidden;\" title=\"&#8222;BETWEEN LINES &#8211; endless curse&#8220; &#8211; Studio Longboard\" src=\"https:\/\/www.studiolongboard.com\/between-lines-endless-curse\/embed\/#?secret=83b0DoZQe3#?secret=d3aiZ5ZMJt\" data-secret=\"d3aiZ5ZMJt\" width=\"600\" height=\"338\" frameborder=\"0\" marginwidth=\"0\" marginheight=\"0\" scrolling=\"no\"><\/iframe><\/p>\n<blockquote class=\"wp-embedded-content\" data-secret=\"YBARXutv7z\"><p><a href=\"https:\/\/www.studiolongboard.com\/es\/leoniden\/\">LEONIDEN<\/a><\/p><\/blockquote>\n<p><iframe loading=\"lazy\" class=\"wp-embedded-content\" sandbox=\"allow-scripts\" security=\"restricted\" style=\"position: absolute; visibility: hidden;\" title=\"&#8222;LEONIDEN&#8220; &#8211; Studio Longboard\" src=\"https:\/\/www.studiolongboard.com\/leoniden\/embed\/#?secret=2hpviHe5ao#?secret=YBARXutv7z\" data-secret=\"YBARXutv7z\" width=\"600\" height=\"338\" frameborder=\"0\" marginwidth=\"0\" marginheight=\"0\" scrolling=\"no\"><\/iframe><\/p>","protected":false},"excerpt":{"rendered":"<p>Ab dem zweiten Buchungstag reduziert sich der Endpreis um 20% !!!<\/p>","protected":false},"featured_media":18249,"comment_status":"closed","ping_status":"closed","template":"","meta":{"jetpack_post_was_ever_published":false,"jetpack_publicize_message":"","jetpack_publicize_feature_enabled":true,"jetpack_social_post_already_shared":true,"jetpack_social_options":{"image_generator_settings":{"template":"highway","default_image_id":0,"font":"","enabled":false},"version":2}},"product_brand":[],"product_cat":[2674],"product_tag":[2219,6483],"class_list":{"0":"post-6464","1":"product","2":"type-product","3":"status-publish","4":"has-post-thumbnail","6":"product_cat-tonstudio-dienstleistungen","7":"product_tag-aufnahmen","8":"product_tag-recording","10":"first","11":"instock","12":"virtual","13":"sold-individually","14":"taxable","15":"purchasable","16":"product-type-booking"},"composite_virtual":false,"composite_layout":"","composite_add_to_cart_form_location":"","composite_editable_in_cart":false,"composite_sold_individually_context":"","composite_shop_price_calc":"","composite_components":[],"composite_scenarios":[],"booking_location":"","booking_location_type":"","booking_duration":1,"booking_duration_unit":"day","booking_buffer":0,"booking_cost":0,"booking_resources":[6448],"jetpack_publicize_connections":[],"jetpack_sharing_enabled":true,"_links":{"self":[{"href":"https:\/\/www.studiolongboard.com\/es\/wp-json\/wp\/v2\/product\/6464","targetHints":{"allow":["GET"]}}],"collection":[{"href":"https:\/\/www.studiolongboard.com\/es\/wp-json\/wp\/v2\/product"}],"about":[{"href":"https:\/\/www.studiolongboard.com\/es\/wp-json\/wp\/v2\/types\/product"}],"replies":[{"embeddable":true,"href":"https:\/\/www.studiolongboard.com\/es\/wp-json\/wp\/v2\/comments?post=6464"}],"wp:featuredmedia":[{"embeddable":true,"href":"https:\/\/www.studiolongboard.com\/es\/wp-json\/wp\/v2\/media\/18249"}],"wp:attachment":[{"href":"https:\/\/www.studiolongboard.com\/es\/wp-json\/wp\/v2\/media?parent=6464"}],"wp:term":[{"taxonomy":"product_brand","embeddable":true,"href":"https:\/\/www.studiolongboard.com\/es\/wp-json\/wp\/v2\/product_brand?post=6464"},{"taxonomy":"product_cat","embeddable":true,"href":"https:\/\/www.studiolongboard.com\/es\/wp-json\/wp\/v2\/product_cat?post=6464"},{"taxonomy":"product_tag","embeddable":true,"href":"https:\/\/www.studiolongboard.com\/es\/wp-json\/wp\/v2\/product_tag?post=6464"}],"curies":[{"name":"wp","href":"https:\/\/api.w.org\/{rel}","templated":true}]}}