{"id":64514,"date":"2025-09-08T17:10:55","date_gmt":"2025-09-08T15:10:55","guid":{"rendered":"https:\/\/www.studiolongboard.com\/?post_type=product&#038;p=64514"},"modified":"2025-12-31T12:57:42","modified_gmt":"2025-12-31T11:57:42","slug":"loaded-rumble-bee-28-cruiser","status":"publish","type":"product","link":"https:\/\/www.studiolongboard.com\/es\/shop\/longboards\/komplett-longboards\/einsteiger-longboards\/loaded-rumble-bee-28-cruiser\/","title":{"rendered":"CARGADO Rumble Bee 28\u2033 Cruiser"},"content":{"rendered":"<p>Der Loaded Rumble Bee 28&#8243; Cruiser (Ballona Rumblebee) ist so wendig wie eine pollenbetrunkene Hummel \u2013 klein, agil und bereit f\u00fcr jedes Abenteuer. Auf Basis des beliebten Loaded Ballona bringt dieser Cruiser ein kompaktes, leichtes Deck mit fein abgestimmtem Lenkverhalten und hoher Man\u00f6vrierbarkeit.<\/p>\n<p>Kompakt, agil &#038; voller Flow<\/p>\n<p>Ausgestattet mit den Orangatang Bee\u2019s Knees Wheels liefert das Setup Komfort, Speed und Grip in jeder Situation. Die Paris V3 150mm Trucks sorgen f\u00fcr pr\u00e4zises Handling, w\u00e4hrend die Konstruktion aus hochwertigem Ahornholz Stabilit\u00e4t und Langlebigkeit garantiert.<\/p>\n<p>Ob Pumptrack, City-Cruise oder Skatepark \u2013 der Rumble Bee vereint Flow, Kontrolle und Fahrspa\u00df in einem kompakten Komplettboard.<\/p>\n<p>\u2705 Kompaktes Deck: 70,5 cm (27.75&#8243;) x 22,9 cm (9&#8243;)<br \/>\n\u2705 Wheelbase: 37,5\u201340,6 cm (14.75&#8243;\u201316&#8243;)<br \/>\n\u2705 Trucks: Paris V3 150mm \/ 50\u00b0<br \/>\n\u2705 Wheels: Orangatang Bee\u2019s Knees 90mm \/ 77a oder 80 a<br \/>\n\u2705 Maple-Construction f\u00fcr Stabilit\u00e4t &#038; Langlebigkeit<\/p>\n<p>Der Rumble Bee Cruiser ist die ideale Wahl f\u00fcr Rider, die ein leichtes, wendiges und stylisches Board suchen, das sowohl in der Stadt als auch auf dem Track begeistert.<\/p>","protected":false},"excerpt":{"rendered":"<p>Der Loaded Rumble Bee 28&#8243; Cruiser (Ballona Rumblebee) ist so wendig wie eine pollenbetrunkene Hummel \u2013 klein, agil und bereit f\u00fcr jedes Abenteuer. Auf Basis des beliebten Loaded Ballona bringt dieser Cruiser ein kompaktes, leichtes Deck mit fein abgestimmtem Lenkverhalten und hoher Man\u00f6vrierbarkeit. Kompakt, agil &#038; voller Flow Ausgestattet mit den Orangatang Bee\u2019s Knees Wheels [&#8230;]\n","protected":false},"featured_media":64515,"comment_status":"closed","ping_status":"closed","template":"","meta":{"jetpack_post_was_ever_published":false,"jetpack_publicize_message":"","jetpack_publicize_feature_enabled":true,"jetpack_social_post_already_shared":true,"jetpack_social_options":{"image_generator_settings":{"template":"highway","default_image_id":0,"font":"","enabled":false},"version":2}},"product_brand":[9162],"product_cat":[310,312,319,8642,8643,9086,9127],"product_tag":[],"class_list":{"0":"post-64514","1":"product","2":"type-product","3":"status-publish","4":"has-post-thumbnail","6":"product_brand-loaded","7":"product_cat-komplett-longboards","8":"product_cat-skateboards","9":"product_cat-komplett-skateboards","10":"product_cat-einsteiger-longboards","11":"product_cat-mini-cruiser","12":"product_cat-cruiser-skateboards","13":"product_cat-ldp-completes","15":"first","16":"instock","17":"taxable","18":"shipping-taxable","19":"purchasable","20":"product-type-variable"},"composite_virtual":false,"composite_layout":"","composite_add_to_cart_form_location":"","composite_editable_in_cart":false,"composite_sold_individually_context":"","composite_shop_price_calc":"","composite_components":[],"composite_scenarios":[],"booking_location":null,"booking_location_type":null,"booking_duration":null,"booking_duration_unit":null,"booking_buffer":null,"booking_cost":null,"booking_resources":null,"jetpack_publicize_connections":[],"jetpack_sharing_enabled":true,"_links":{"self":[{"href":"https:\/\/www.studiolongboard.com\/es\/wp-json\/wp\/v2\/product\/64514","targetHints":{"allow":["GET"]}}],"collection":[{"href":"https:\/\/www.studiolongboard.com\/es\/wp-json\/wp\/v2\/product"}],"about":[{"href":"https:\/\/www.studiolongboard.com\/es\/wp-json\/wp\/v2\/types\/product"}],"replies":[{"embeddable":true,"href":"https:\/\/www.studiolongboard.com\/es\/wp-json\/wp\/v2\/comments?post=64514"}],"wp:featuredmedia":[{"embeddable":true,"href":"https:\/\/www.studiolongboard.com\/es\/wp-json\/wp\/v2\/media\/64515"}],"wp:attachment":[{"href":"https:\/\/www.studiolongboard.com\/es\/wp-json\/wp\/v2\/media?parent=64514"}],"wp:term":[{"taxonomy":"product_brand","embeddable":true,"href":"https:\/\/www.studiolongboard.com\/es\/wp-json\/wp\/v2\/product_brand?post=64514"},{"taxonomy":"product_cat","embeddable":true,"href":"https:\/\/www.studiolongboard.com\/es\/wp-json\/wp\/v2\/product_cat?post=64514"},{"taxonomy":"product_tag","embeddable":true,"href":"https:\/\/www.studiolongboard.com\/es\/wp-json\/wp\/v2\/product_tag?post=64514"}],"curies":[{"name":"wp","href":"https:\/\/api.w.org\/{rel}","templated":true}]}}