{"id":64510,"date":"2025-09-08T16:54:06","date_gmt":"2025-09-08T14:54:06","guid":{"rendered":"https:\/\/www.studiolongboard.com\/?post_type=product&#038;p=64510"},"modified":"2026-04-07T20:00:15","modified_gmt":"2026-04-07T18:00:15","slug":"loaded-bolsa-ii-34-deck-only","status":"publish","type":"product","link":"https:\/\/www.studiolongboard.com\/es\/shop\/longboards\/longboard-decks\/loaded-bolsa-ii-34-deck-only\/","title":{"rendered":"CARGADO Bolsa II 34\u2033 Cubierta solamente"},"content":{"rendered":"<h2>LOADED Bolsa II 34&#8243; Deck only<\/h2>\n<p>Loaded Bolsa II 34&#8243; Deck \u2013 Vielseitigkeit auf h\u00f6chstem Niveau<\/p>\n<p>Das neue Bolsa vereint Performance und Anpassungsf\u00e4higkeit in einem Board. Mit seiner verfeinerten Shape l\u00e4sst es sich nahtlos als Street-, Longboard- oder Surfskate-Setup fahren. Egal ob Pumptrack, Skatepark oder City Streets \u2013 dieses Deck liefert stets zuverl\u00e4ssige Performance.<\/p>\n<p>Dank seiner gro\u00dfz\u00fcgigen Breite (23,9 cm \/ 9.4&#8243;), dem subtilen Rocker und der milden Concave bietet das Bolsa II maximalen Komfort und volle Kontrolle. Die funktionalen Kicktails sorgen f\u00fcr soliden Pop bei Ollies und Tricks, w\u00e4hrend mellow Wheel Flares und pr\u00e4zisionsgefr\u00e4ste Wheel Wells sicheren Stand und zus\u00e4tzliche Wheel Clearance garantieren.<\/p>\n<p>\u2705 Hybrid-Shape \u2013 <a href=\"https:\/\/www.studiolongboard.com\/es\/product-category\/monopatines\/\">Skateboard<\/a>, <a href=\"https:\/\/www.studiolongboard.com\/es\/product-category\/longboards\/\">Longboard<\/a> &amp; <a href=\"https:\/\/www.studiolongboard.com\/es\/product-category\/surfskates\/\">Surfskate<\/a><br \/>\n\u2705 Komfortabler Rocker &amp; mellow Concave<br \/>\n\u2705 Kicktails f\u00fcr Tricks &amp; Ollies<br \/>\n\u2705 Wheel Flares + gefr\u00e4ste Wheel Wells f\u00fcr Stabilit\u00e4t<br \/>\n\u2705 Ma\u00dfe: 86,4 cm (34&#8243;) L\u00e4nge | 23,9 cm (9.4&#8243;) Breite<\/p>\n<p>Das Deck ist die perfekte Wahl f\u00fcr Rider, die Flexibilit\u00e4t, Kontrolle und Performance in einem Board suchen.<\/p>","protected":false},"excerpt":{"rendered":"<p>LOADED Bolsa II 34&#8243; Deck only Loaded Bolsa II 34&#8243; Deck \u2013 Vielseitigkeit auf h\u00f6chstem Niveau Das neue Bolsa vereint Performance und Anpassungsf\u00e4higkeit in einem Board. Mit seiner verfeinerten Shape l\u00e4sst es sich nahtlos als Street-, Longboard- oder Surfskate-Setup fahren. Egal ob Pumptrack, Skatepark oder City Streets \u2013 dieses Deck liefert stets zuverl\u00e4ssige Performance. Dank [&#8230;]\n","protected":false},"featured_media":64511,"comment_status":"closed","ping_status":"closed","template":"","meta":{"jetpack_post_was_ever_published":false,"jetpack_publicize_message":"","jetpack_publicize_feature_enabled":true,"jetpack_social_post_already_shared":true,"jetpack_social_options":{"image_generator_settings":{"template":"highway","default_image_id":0,"font":"","enabled":false},"version":2}},"product_brand":[9162],"product_cat":[312,313,314,531,8907],"product_tag":[9307,9308,404,439],"class_list":{"0":"post-64510","1":"product","2":"type-product","3":"status-publish","4":"has-post-thumbnail","6":"product_brand-loaded","7":"product_cat-skateboards","8":"product_cat-longboard-decks","9":"product_cat-skateboard-decks","10":"product_cat-surfskates","11":"product_cat-surfskate-decks","12":"product_tag-bolsa","13":"product_tag-mellow-concave","14":"product_tag-hybrid","15":"product_tag-rocker","16":"product_shipping_class-paket","18":"first","19":"onbackorder","20":"taxable","21":"shipping-taxable","22":"purchasable","23":"product-type-simple"},"composite_virtual":false,"composite_layout":"","composite_add_to_cart_form_location":"","composite_editable_in_cart":false,"composite_sold_individually_context":"","composite_shop_price_calc":"","composite_components":[],"composite_scenarios":[],"booking_location":null,"booking_location_type":null,"booking_duration":null,"booking_duration_unit":null,"booking_buffer":null,"booking_cost":null,"booking_resources":null,"jetpack_publicize_connections":[],"jetpack_sharing_enabled":true,"_links":{"self":[{"href":"https:\/\/www.studiolongboard.com\/es\/wp-json\/wp\/v2\/product\/64510","targetHints":{"allow":["GET"]}}],"collection":[{"href":"https:\/\/www.studiolongboard.com\/es\/wp-json\/wp\/v2\/product"}],"about":[{"href":"https:\/\/www.studiolongboard.com\/es\/wp-json\/wp\/v2\/types\/product"}],"replies":[{"embeddable":true,"href":"https:\/\/www.studiolongboard.com\/es\/wp-json\/wp\/v2\/comments?post=64510"}],"wp:featuredmedia":[{"embeddable":true,"href":"https:\/\/www.studiolongboard.com\/es\/wp-json\/wp\/v2\/media\/64511"}],"wp:attachment":[{"href":"https:\/\/www.studiolongboard.com\/es\/wp-json\/wp\/v2\/media?parent=64510"}],"wp:term":[{"taxonomy":"product_brand","embeddable":true,"href":"https:\/\/www.studiolongboard.com\/es\/wp-json\/wp\/v2\/product_brand?post=64510"},{"taxonomy":"product_cat","embeddable":true,"href":"https:\/\/www.studiolongboard.com\/es\/wp-json\/wp\/v2\/product_cat?post=64510"},{"taxonomy":"product_tag","embeddable":true,"href":"https:\/\/www.studiolongboard.com\/es\/wp-json\/wp\/v2\/product_tag?post=64510"}],"curies":[{"name":"wp","href":"https:\/\/api.w.org\/{rel}","templated":true}]}}