{"id":62732,"date":"2025-07-09T13:57:36","date_gmt":"2025-07-09T11:57:36","guid":{"rendered":"https:\/\/www.studiolongboard.com\/?post_type=product&#038;p=62732"},"modified":"2026-04-16T15:18:22","modified_gmt":"2026-04-16T13:18:22","slug":"nemo-palmease-puck-risers-regular-16mm-small-size","status":"publish","type":"product","link":"https:\/\/www.studiolongboard.com\/es\/shop\/protection\/handschuhe\/nemo-palmease-puck-risers-regular-16mm-small-size\/","title":{"rendered":"Nemo Palmease Puck-Risers Regular 16mm Tama\u00f1o Peque\u00f1o"},"content":{"rendered":"<h2>Nemo Palmease Puck-Risers Regular 16mm Tama\u00f1o Peque\u00f1o<\/h2>\n<p>Nemo Palmease Puck-Risers Regular 16mm Tama\u00f1o Peque\u00f1o<\/p>\n<p>Palmease ergonomic puck-risers in 16mm regular height.<\/p>\n<p>Designed to support your riding form and ease your palm.<\/p>\n<p>They help to transfer your body weight more above your board while sliding and gripping corners which results in more grip and board control<\/p>\n<p>&nbsp;<\/p>\n<p>Set of 2<\/p>\n<p>Small size &#8211; for smaller hands<\/p>\n<p>&nbsp;<\/p>","protected":false},"excerpt":{"rendered":"<p>Nemo Palmease Puck-Risers Regular 16mm Small Size Nemo Palmease Puck-Risers Regular 16mm Small Size Palmease ergonomic puck-risers in 16mm regular height. Designed to support your riding form and ease your palm. They help to transfer your body weight more above your board while sliding and gripping corners which results in more grip and board control [&#8230;]\n","protected":false},"featured_media":27449,"comment_status":"closed","ping_status":"closed","template":"","meta":{"jetpack_post_was_ever_published":false,"jetpack_publicize_message":"","jetpack_publicize_feature_enabled":true,"jetpack_social_post_already_shared":true,"jetpack_social_options":{"image_generator_settings":{"template":"highway","default_image_id":0,"font":"","enabled":false},"version":2}},"product_brand":[9287],"product_cat":[505,530,4608,320],"product_tag":[4601,7556,8810,9003],"class_list":{"0":"post-62732","1":"product","2":"type-product","3":"status-publish","4":"has-post-thumbnail","6":"product_brand-nemo","7":"product_cat-protection","8":"product_cat-handschuhe","9":"product_cat-riser-und-shockpads","10":"product_cat-accessories","11":"product_tag-riser","12":"product_tag-risers","13":"product_tag-riser-pucks","14":"product_tag-puck-riser","15":"product_shipping_class-paket-m","17":"first","18":"instock","19":"taxable","20":"shipping-taxable","21":"purchasable","22":"product-type-simple"},"composite_virtual":false,"composite_layout":"","composite_add_to_cart_form_location":"","composite_editable_in_cart":false,"composite_sold_individually_context":"","composite_shop_price_calc":"","composite_components":[],"composite_scenarios":[],"booking_location":null,"booking_location_type":null,"booking_duration":null,"booking_duration_unit":null,"booking_buffer":null,"booking_cost":null,"booking_resources":null,"jetpack_publicize_connections":[],"jetpack_sharing_enabled":true,"_links":{"self":[{"href":"https:\/\/www.studiolongboard.com\/es\/wp-json\/wp\/v2\/product\/62732","targetHints":{"allow":["GET"]}}],"collection":[{"href":"https:\/\/www.studiolongboard.com\/es\/wp-json\/wp\/v2\/product"}],"about":[{"href":"https:\/\/www.studiolongboard.com\/es\/wp-json\/wp\/v2\/types\/product"}],"replies":[{"embeddable":true,"href":"https:\/\/www.studiolongboard.com\/es\/wp-json\/wp\/v2\/comments?post=62732"}],"wp:featuredmedia":[{"embeddable":true,"href":"https:\/\/www.studiolongboard.com\/es\/wp-json\/wp\/v2\/media\/27449"}],"wp:attachment":[{"href":"https:\/\/www.studiolongboard.com\/es\/wp-json\/wp\/v2\/media?parent=62732"}],"wp:term":[{"taxonomy":"product_brand","embeddable":true,"href":"https:\/\/www.studiolongboard.com\/es\/wp-json\/wp\/v2\/product_brand?post=62732"},{"taxonomy":"product_cat","embeddable":true,"href":"https:\/\/www.studiolongboard.com\/es\/wp-json\/wp\/v2\/product_cat?post=62732"},{"taxonomy":"product_tag","embeddable":true,"href":"https:\/\/www.studiolongboard.com\/es\/wp-json\/wp\/v2\/product_tag?post=62732"}],"curies":[{"name":"wp","href":"https:\/\/api.w.org\/{rel}","templated":true}]}}