{"id":61830,"date":"2025-06-13T14:25:35","date_gmt":"2025-06-13T12:25:35","guid":{"rendered":"https:\/\/www.studiolongboard.com\/?post_type=product&#038;p=61830"},"modified":"2025-12-31T12:59:16","modified_gmt":"2025-12-31T11:59:16","slug":"bastl-boards-forro-complete","status":"publish","type":"product","link":"https:\/\/www.studiolongboard.com\/es\/shop\/longboards\/komplett-longboards\/dance-und-freestyle\/bastl-boards-forro-complete\/","title":{"rendered":"BASTL BOARDS Forr\u00f3 complete"},"content":{"rendered":"<h2>BASTL BOARDS Forr\u00f3 complete<\/h2>\n<p><strong>Choose your setup using our configurator<\/strong>. All components are preselected by us and fit very good to the deck. If you have questions, send us a message or just call us.<\/p>\n<p>BASTL BOARDS Forr\u00f3 complete ist f\u00fcr den progressiven, allt\u00e4glichen Shredder, der seine Freestyle- und Geschwindigkeitsgrenzen ausloten will. Es ist f\u00fcr dich da, um das Universum zu shredden! Mit seinem festen Flex und den gro\u00dfen Kicks, die f\u00fcr einen bissigen Pop sorgen, kannst du mit dem Forr\u00f3 Ollies und Flips machen, als w\u00e4re es nichts. Wenn du mit dem Skaten fertig bist, ziehst du deine Freeride-Rollen an und f\u00e4hrst deinen Lieblingsh\u00fcgel hinunter. Der Forr\u00f3 hat eine radiale Konkave in Kombination mit einem keilf\u00f6rmigen Rocker und tiefen Radausbuchtungen. Diese helfen dir, die richtige Fu\u00dfposition zu finden, ohne dass du nach unten schauen musst. Deine F\u00fc\u00dfe werden bei jedem noch so verr\u00fcckten Slide blockiert sein!<\/p>\n<p>Especificaciones:<\/p>\n<p>Micro Drop<br \/>\nWheelflares<br \/>\nWheelwells<br \/>\nTwinTip Shape<br \/>\nDouble Kicks<br \/>\nLength: 104 cm | 41\u2033<br \/>\nWidth: 23,5 cm | 9.25\u2033<br \/>\nLong wheelbase: 63 cm | 24.8\u2033<br \/>\nShort wheelbase: 59 cm | 23.2\u2033<br \/>\nWeight: 1,85 kg<\/p>","protected":false},"excerpt":{"rendered":"<p>BASTL BOARDS Forr\u00f3 complete Choose your setup using our configurator. All components are preselected by us and fit very good to the deck. If you have questions, send us a message or just call us. BASTL BOARDS Forr\u00f3 complete ist f\u00fcr den progressiven, allt\u00e4glichen Shredder, der seine Freestyle- und Geschwindigkeitsgrenzen ausloten will. Es ist f\u00fcr [&#8230;]\n","protected":false},"featured_media":61832,"comment_status":"open","ping_status":"closed","template":"","meta":{"jetpack_post_was_ever_published":false,"jetpack_publicize_message":"","jetpack_publicize_feature_enabled":true,"jetpack_social_post_already_shared":true,"jetpack_social_options":{"image_generator_settings":{"template":"highway","default_image_id":0,"font":"","enabled":false},"version":2}},"product_brand":[9254],"product_cat":[310,8627],"product_tag":[2164,3483,373,6547],"class_list":{"0":"post-61830","1":"product","2":"type-product","3":"status-publish","4":"has-post-thumbnail","6":"product_brand-bastl-boards","7":"product_cat-komplett-longboards","8":"product_cat-dance-und-freestyle","9":"product_tag-komplettlongboard","10":"product_tag-complete","11":"product_tag-dancer","12":"product_tag-longboard-freestyle","13":"product_shipping_class-paket","15":"first","16":"instock","17":"sale","18":"taxable","19":"shipping-taxable","20":"purchasable","21":"product-type-composite"},"composite_virtual":false,"composite_layout":"progressive","composite_add_to_cart_form_location":"after_summary","composite_editable_in_cart":true,"composite_sold_individually_context":"product","composite_shop_price_calc":"defaults","composite_components":[{"id":"1629463911","title":"Skateboard Trucks","description":"","query_type":"product_ids","query_ids":[7255,7261,7267,7269,19727,19730,19724,7300,9989,12388,19441,19712,19437,17831,17842,2112],"default_option_id":7267,"thumbnail_id":"","thumbnail_src":"","quantity_min":2,"quantity_max":2,"priced_individually":true,"shipped_individually":false,"optional":false,"discount":5,"options_style":"dropdowns","pagination_style":"classic","display_prices":"absolute","show_sorting_options":false,"show_filtering_options":false,"attribute_filter_ids":[],"select_action":"view","product_title_visible":true,"product_descr_visible":true,"product_price_visible":true,"product_thumb_visible":true,"subtotal_visible_product":true,"subtotal_visible_cart":true,"subtotal_visible_orders":true},{"id":"1629463912","title":"Ruedas","description":"","query_type":"product_ids","query_ids":[21064,13304,16054,7036,7031,67308,18738,5711,5709,5707,12917,6089,6096,5723,5722,5720,14381,2070,14394,20525,7666,7670,7672,10016,22637,4789,57374],"default_option_id":21064,"thumbnail_id":"","thumbnail_src":"","quantity_min":1,"quantity_max":1,"priced_individually":true,"shipped_individually":false,"optional":false,"discount":5,"options_style":"dropdowns","pagination_style":"classic","display_prices":"absolute","show_sorting_options":false,"show_filtering_options":false,"attribute_filter_ids":[],"select_action":"view","product_title_visible":true,"product_descr_visible":true,"product_price_visible":true,"product_thumb_visible":true,"subtotal_visible_product":true,"subtotal_visible_cart":true,"subtotal_visible_orders":true},{"id":"1629463913","title":"Rodamientos","description":"","query_type":"product_ids","query_ids":[6792,11957,6044,8047,15162,16487,28656,28658,28664,67265],"default_option_id":8047,"thumbnail_id":"","thumbnail_src":"","quantity_min":1,"quantity_max":1,"priced_individually":true,"shipped_individually":false,"optional":false,"discount":5,"options_style":"thumbnails","pagination_style":"classic","display_prices":"absolute","show_sorting_options":false,"show_filtering_options":false,"attribute_filter_ids":[],"select_action":"view","product_title_visible":true,"product_descr_visible":true,"product_price_visible":true,"product_thumb_visible":true,"subtotal_visible_product":true,"subtotal_visible_cart":true,"subtotal_visible_orders":true},{"id":"1749909084","title":"Cinta adhesiva","description":"<p>choose the amount on griptape (1 unit = 10cm) to be placed on kicktails. we recommend 5 units, 25 cm on each kicktail.<br \/>\nif you have any special wish just let us know in the comment of your order<\/p>","query_type":"product_ids","query_ids":[9701,14652],"default_option_id":9701,"thumbnail_id":"","thumbnail_src":"","quantity_min":4,"quantity_max":12,"priced_individually":true,"shipped_individually":false,"optional":false,"discount":5,"options_style":"dropdowns","pagination_style":"classic","display_prices":"absolute","show_sorting_options":false,"show_filtering_options":false,"attribute_filter_ids":[],"select_action":"view","product_title_visible":true,"product_descr_visible":true,"product_price_visible":true,"product_thumb_visible":true,"subtotal_visible_product":true,"subtotal_visible_cart":true,"subtotal_visible_orders":true}],"composite_scenarios":[],"booking_location":null,"booking_location_type":null,"booking_duration":null,"booking_duration_unit":null,"booking_buffer":null,"booking_cost":null,"booking_resources":null,"jetpack_publicize_connections":[],"jetpack_sharing_enabled":true,"_links":{"self":[{"href":"https:\/\/www.studiolongboard.com\/es\/wp-json\/wp\/v2\/product\/61830","targetHints":{"allow":["GET"]}}],"collection":[{"href":"https:\/\/www.studiolongboard.com\/es\/wp-json\/wp\/v2\/product"}],"about":[{"href":"https:\/\/www.studiolongboard.com\/es\/wp-json\/wp\/v2\/types\/product"}],"replies":[{"embeddable":true,"href":"https:\/\/www.studiolongboard.com\/es\/wp-json\/wp\/v2\/comments?post=61830"}],"wp:featuredmedia":[{"embeddable":true,"href":"https:\/\/www.studiolongboard.com\/es\/wp-json\/wp\/v2\/media\/61832"}],"wp:attachment":[{"href":"https:\/\/www.studiolongboard.com\/es\/wp-json\/wp\/v2\/media?parent=61830"}],"wp:term":[{"taxonomy":"product_brand","embeddable":true,"href":"https:\/\/www.studiolongboard.com\/es\/wp-json\/wp\/v2\/product_brand?post=61830"},{"taxonomy":"product_cat","embeddable":true,"href":"https:\/\/www.studiolongboard.com\/es\/wp-json\/wp\/v2\/product_cat?post=61830"},{"taxonomy":"product_tag","embeddable":true,"href":"https:\/\/www.studiolongboard.com\/es\/wp-json\/wp\/v2\/product_tag?post=61830"}],"curies":[{"name":"wp","href":"https:\/\/api.w.org\/{rel}","templated":true}]}}