{"id":6183,"date":"2018-12-04T16:21:42","date_gmt":"2018-12-04T15:21:42","guid":{"rendered":"https:\/\/www.studiolongboard.com\/?post_type=product&#038;p=6183"},"modified":"2025-07-14T14:03:31","modified_gmt":"2025-07-14T12:03:31","slug":"skateworkshop-gutschein","status":"publish","type":"product","link":"https:\/\/www.studiolongboard.com\/es\/shop\/accessories\/gutscheine\/skateworkshop-gutschein\/","title":{"rendered":"Bono de taller de patinaje"},"content":{"rendered":"<h2>Bono de taller de patinaje<\/h2>\n<p>Du m\u00f6chtest Jemandem ein Gutschein \u00fcber ein Workshop schenken. Kein Problem.<br \/>\nDu kannst w\u00e4hlen zwischen einem Einzeltraining (bis maximal 2 Personen) oder einem Gruppenworkshop und\u00a0folgenden Kategorien:<\/p>\n<ul>\n<li>Einzeltrainig (f\u00fcr Anf\u00e4nger und Fortgeschrittene im Skateboarding, Longboarding und Surfskating)<\/li>\n<li>Basics Workshop in der Gruppe (Einstieg ins Longboarding oder Skateboarding)<\/li>\n<li>Longboard Dance &amp; Freestyle Workshop (Dancing Moves und erste Freestyle Tricks)<\/li>\n<li>Surfskate Workshop (Grundlagen im Surfskateboarding<\/li>\n<li>Slide Workshop (Grundlagen im Downhill-Longboarding)<\/li>\n<\/ul>\n<p>Alle Kurse finden in Hamburg statt. Mehr Details zu den Kursen und kommende Termine findest du unter <a href=\"https:\/\/www.studiolongboard.com\/es\/longboardkurse\/\">Talleres de patinaje<\/a>. Dort k\u00f6nnen die Kurse mit dem Gutschein gebucht werden. Hierf\u00fcr ist lediglich die Angabe des Gutscheincodes notwendig.<\/p>\n<p>Nach dem Kauf bekommst du von uns einen Gutschein per Post zugeschickt. Der Gutschein enth\u00e4lt einen Gutschein-Code, den du auch beim Online-Kauf ganz einfach einl\u00f6sen kannst.<\/p>\n<p>Der Preis pro Person liegt f\u00fcr Gruppenworkshops bei 39,90 Euro pro Person. Einzeltraining kostet 59,90 Euro bei einer Person bzw 95,84 \u20ac bei zwei Personen.<\/p>","protected":false},"excerpt":{"rendered":"<p>Skateworkshop Gutschein Du m\u00f6chtest Jemandem ein Gutschein \u00fcber ein Workshop schenken. Kein Problem. Du kannst w\u00e4hlen zwischen einem Einzeltraining (bis maximal 2 Personen) oder einem Gruppenworkshop und\u00a0folgenden Kategorien: Einzeltrainig (f\u00fcr Anf\u00e4nger und Fortgeschrittene im Skateboarding, Longboarding und Surfskating) Basics Workshop in der Gruppe (Einstieg ins Longboarding oder Skateboarding) Longboard Dance &amp; Freestyle Workshop (Dancing Moves [&#8230;]\n","protected":false},"featured_media":25887,"comment_status":"open","ping_status":"closed","template":"","meta":{"jetpack_post_was_ever_published":false,"jetpack_publicize_message":"","jetpack_publicize_feature_enabled":true,"jetpack_social_post_already_shared":true,"jetpack_social_options":{"image_generator_settings":{"template":"highway","default_image_id":0,"font":"","enabled":false},"version":2}},"product_brand":[],"product_cat":[8639,320,4860],"product_tag":[331,1137,1389,1395,1396,1397],"class_list":{"0":"post-6183","1":"product","2":"type-product","3":"status-publish","4":"has-post-thumbnail","6":"product_cat-gutscheine","7":"product_cat-accessories","8":"product_cat-skateworkshops","9":"product_tag-surfskate","10":"product_tag-slide","11":"product_tag-gutschein","12":"product_tag-workshop","13":"product_tag-dancing","14":"product_tag-longboarding","15":"product_shipping_class-paket-m","17":"first","18":"instock","19":"taxable","20":"shipping-taxable","21":"purchasable","22":"product-type-variable"},"composite_virtual":false,"composite_layout":"","composite_add_to_cart_form_location":"","composite_editable_in_cart":false,"composite_sold_individually_context":"","composite_shop_price_calc":"","composite_components":[],"composite_scenarios":[],"booking_location":null,"booking_location_type":null,"booking_duration":null,"booking_duration_unit":null,"booking_buffer":null,"booking_cost":null,"booking_resources":null,"jetpack_publicize_connections":[],"jetpack_sharing_enabled":true,"_links":{"self":[{"href":"https:\/\/www.studiolongboard.com\/es\/wp-json\/wp\/v2\/product\/6183","targetHints":{"allow":["GET"]}}],"collection":[{"href":"https:\/\/www.studiolongboard.com\/es\/wp-json\/wp\/v2\/product"}],"about":[{"href":"https:\/\/www.studiolongboard.com\/es\/wp-json\/wp\/v2\/types\/product"}],"replies":[{"embeddable":true,"href":"https:\/\/www.studiolongboard.com\/es\/wp-json\/wp\/v2\/comments?post=6183"}],"wp:featuredmedia":[{"embeddable":true,"href":"https:\/\/www.studiolongboard.com\/es\/wp-json\/wp\/v2\/media\/25887"}],"wp:attachment":[{"href":"https:\/\/www.studiolongboard.com\/es\/wp-json\/wp\/v2\/media?parent=6183"}],"wp:term":[{"taxonomy":"product_brand","embeddable":true,"href":"https:\/\/www.studiolongboard.com\/es\/wp-json\/wp\/v2\/product_brand?post=6183"},{"taxonomy":"product_cat","embeddable":true,"href":"https:\/\/www.studiolongboard.com\/es\/wp-json\/wp\/v2\/product_cat?post=6183"},{"taxonomy":"product_tag","embeddable":true,"href":"https:\/\/www.studiolongboard.com\/es\/wp-json\/wp\/v2\/product_tag?post=6183"}],"curies":[{"name":"wp","href":"https:\/\/api.w.org\/{rel}","templated":true}]}}