{"id":61650,"date":"2025-06-06T09:04:46","date_gmt":"2025-06-06T07:04:46","guid":{"rendered":"https:\/\/www.studiolongboard.com\/?post_type=product&#038;p=61650"},"modified":"2025-07-07T15:58:40","modified_gmt":"2025-07-07T13:58:40","slug":"rocket-longboards-torque-block-regular","status":"publish","type":"product","link":"https:\/\/www.studiolongboard.com\/es\/shop\/accessories\/hardware\/rocket-longboards-torque-block-regular\/","title":{"rendered":"Rocket Longboards Torque Block Regular"},"content":{"rendered":"<h2 data-start=\"171\" data-end=\"260\"><strong data-start=\"174\" data-end=\"260\">Rocket Longboards Torque Block \u2013 Regular Version \u2013 Kontrolle &amp; Komfort beim Downhill<\/strong><\/h2>\n<p data-start=\"347\" data-end=\"682\">En <strong data-start=\"351\" data-end=\"380\">Rocket Torque Block Regular<\/strong> wurde speziell entwickelt, um Downhill-Fahrern mehr <strong data-start=\"433\" data-end=\"461\">Stabilit\u00e4t und Kontrolle<\/strong> beim Bremsen und bei hohen Geschwindigkeiten zu bieten. Durch seine ergonomische Form passt sich der Block optimal an deinen Fu\u00df an und verbessert die Verbindung zwischen Fahrer und Board \u2013 ohne den Stand einzuschr\u00e4nken.<\/p>\n<h3 data-start=\"684\" data-end=\"748\"><strong data-start=\"688\" data-end=\"748\">Ergonomisch, flexibel, pr\u00e4zise \u2013 perfekt f\u00fcr Regular-Rider<\/strong><\/h3>\n<p data-start=\"750\" data-end=\"1049\">Der Torque Block wird im <strong data-start=\"775\" data-end=\"796\">3D-Druckverfahren<\/strong> aus einem flexiblen, aber formstabilen Material gefertigt. Er ist flexibel genug, um sich dem <strong data-start=\"891\" data-end=\"926\">Concave deines Decks anzupassen<\/strong>, bleibt aber stabil genug, um dir den n\u00f6tigen Halt zu geben \u2013 besonders bei Toe-Side-Bremsman\u00f6vern und kraftvollen Slides.<\/p>\n<p data-start=\"1051\" data-end=\"1323\">Statt Schraubenl\u00f6chern nutzt der Torque Block ein cleveres <strong data-start=\"1110\" data-end=\"1152\">Klettsystem mit Klettstreifen (Velcro)<\/strong> zur Befestigung. Das erm\u00f6glicht eine <strong data-start=\"1190\" data-end=\"1224\">freie Platzierung auf dem Deck<\/strong>, schnelles Umsetzen und ein einfaches Entfernen \u2013 zum Beispiel beim Achswechsel oder Setup-Tuning.<\/p>\n<p data-start=\"1325\" data-end=\"1434\">En <strong data-start=\"1329\" data-end=\"1346\">Regular-Version<\/strong> ist speziell f\u00fcr Fahrer mit Regular-Stance designt. (<a href=\"https:\/\/www.studiolongboard.com\/es\/product-2\/rocket-longboard%e2%80%a6rque-block-goofy\/\">Goofy-Version<\/a> separat erh\u00e4ltlich.)<\/p>\n<hr data-start=\"1436\" data-end=\"1439\" \/>\n<h3 data-start=\"1441\" data-end=\"1476\"><strong data-start=\"1445\" data-end=\"1476\">Eigenschaften im \u00dcberblick:<\/strong><\/h3>\n<ul data-start=\"1477\" data-end=\"1962\">\n<li data-start=\"1477\" data-end=\"1549\">\n<p data-start=\"1479\" data-end=\"1549\"><strong data-start=\"1479\" data-end=\"1500\">Ergonomische Form<\/strong> \u2013 f\u00fcr optimalen Kontakt zwischen Fu\u00df und Board<\/p>\n<\/li>\n<li data-start=\"1550\" data-end=\"1631\">\n<p data-start=\"1552\" data-end=\"1631\"><strong data-start=\"1552\" data-end=\"1586\">Flexible 3D-Druck-Konstruktion<\/strong> \u2013 passt sich dem Concave an, bleibt stabil<\/p>\n<\/li>\n<li data-start=\"1632\" data-end=\"1718\">\n<p data-start=\"1634\" data-end=\"1718\"><strong data-start=\"1634\" data-end=\"1658\">Freie Positionierung<\/strong> \u2013 ohne Schraubenl\u00f6cher, mit Klettsystem (inkl. Klettband)<\/p>\n<\/li>\n<li data-start=\"1719\" data-end=\"1781\">\n<p data-start=\"1721\" data-end=\"1781\"><strong data-start=\"1721\" data-end=\"1753\">Einfach entfern- &amp; anpassbar<\/strong> \u2013 ideal f\u00fcr Setup-Wechsel<\/p>\n<\/li>\n<li data-start=\"1782\" data-end=\"1866\">\n<p data-start=\"1784\" data-end=\"1866\"><strong data-start=\"1784\" data-end=\"1814\">Nachbearbeitbar mit Cutter<\/strong> \u2013 Material l\u00e4sst sich leicht individuell anpassen<\/p>\n<\/li>\n<li data-start=\"1867\" data-end=\"1920\">\n<p data-start=\"1869\" data-end=\"1920\"><strong data-start=\"1869\" data-end=\"1889\">Regular-Ausf\u00fchrung<\/strong> \u2013 f\u00fcr Rider mit Regular-Stance<\/p>\n<\/li>\n<li data-start=\"1921\" data-end=\"1962\">\n<p data-start=\"1923\" data-end=\"1962\"><strong data-start=\"1923\" data-end=\"1962\">Auch als <a href=\"https:\/\/www.studiolongboard.com\/es\/product-2\/rocket-longboard%e2%80%a6rque-block-goofy\/\">Goofy-Version<\/a> erh\u00e4ltlich<\/strong><\/p>\n<\/li>\n<\/ul>\n<hr data-start=\"1964\" data-end=\"1967\" \/>\n<h3 data-start=\"1969\" data-end=\"2036\"><strong data-start=\"1973\" data-end=\"2036\">Warum der Torque Block Regular dein Downhill-Setup verbessert<\/strong><\/h3>\n<p data-start=\"2038\" data-end=\"2359\">Ob beim Bremsen, Carven oder bei Highspeed-Sessions \u2013 mit dem <strong data-start=\"2100\" data-end=\"2123\">Rocket Torque Block<\/strong> bekommst du ein sp\u00fcrbar direkteres Boardgef\u00fchl und zus\u00e4tzliche Sicherheit. Die Kombination aus cleverem Material, einfacher Montage und ergonomischem Design macht ihn zur perfekten Erg\u00e4nzung f\u00fcr jedes <strong data-start=\"2325\" data-end=\"2358\">Downhill- oder Freeride-Setup<\/strong>.<\/p>","protected":false},"excerpt":{"rendered":"<p>Rocket Longboards Torque Block \u2013 Regular Version \u2013 Kontrolle &amp; Komfort beim Downhill Der Rocket Torque Block Regular wurde speziell entwickelt, um Downhill-Fahrern mehr Stabilit\u00e4t und Kontrolle beim Bremsen und bei hohen Geschwindigkeiten zu bieten. Durch seine ergonomische Form passt sich der Block optimal an deinen Fu\u00df an und verbessert die Verbindung zwischen Fahrer und [&#8230;]\n","protected":false},"featured_media":61649,"comment_status":"closed","ping_status":"closed","template":"","meta":{"jetpack_post_was_ever_published":false,"jetpack_publicize_message":"","jetpack_publicize_feature_enabled":true,"jetpack_social_post_already_shared":true,"jetpack_social_options":{"image_generator_settings":{"template":"highway","default_image_id":0,"font":"","enabled":false},"version":2}},"product_brand":[9145],"product_cat":[320,532,4608],"product_tag":[8984,9061,9270],"class_list":{"0":"post-61650","1":"product","2":"type-product","3":"status-publish","4":"has-post-thumbnail","6":"product_brand-rocket","7":"product_cat-accessories","8":"product_cat-hardware","9":"product_cat-riser-und-shockpads","10":"product_tag-torque-block","11":"product_tag-torque","12":"product_tag-rocket-longboards","13":"product_shipping_class-paket-m","15":"first","16":"instock","17":"taxable","18":"shipping-taxable","19":"purchasable","20":"product-type-simple"},"composite_virtual":false,"composite_layout":"","composite_add_to_cart_form_location":"","composite_editable_in_cart":false,"composite_sold_individually_context":"","composite_shop_price_calc":"","composite_components":[],"composite_scenarios":[],"booking_location":null,"booking_location_type":null,"booking_duration":null,"booking_duration_unit":null,"booking_buffer":null,"booking_cost":null,"booking_resources":null,"jetpack_publicize_connections":[],"jetpack_sharing_enabled":true,"_links":{"self":[{"href":"https:\/\/www.studiolongboard.com\/es\/wp-json\/wp\/v2\/product\/61650","targetHints":{"allow":["GET"]}}],"collection":[{"href":"https:\/\/www.studiolongboard.com\/es\/wp-json\/wp\/v2\/product"}],"about":[{"href":"https:\/\/www.studiolongboard.com\/es\/wp-json\/wp\/v2\/types\/product"}],"replies":[{"embeddable":true,"href":"https:\/\/www.studiolongboard.com\/es\/wp-json\/wp\/v2\/comments?post=61650"}],"wp:featuredmedia":[{"embeddable":true,"href":"https:\/\/www.studiolongboard.com\/es\/wp-json\/wp\/v2\/media\/61649"}],"wp:attachment":[{"href":"https:\/\/www.studiolongboard.com\/es\/wp-json\/wp\/v2\/media?parent=61650"}],"wp:term":[{"taxonomy":"product_brand","embeddable":true,"href":"https:\/\/www.studiolongboard.com\/es\/wp-json\/wp\/v2\/product_brand?post=61650"},{"taxonomy":"product_cat","embeddable":true,"href":"https:\/\/www.studiolongboard.com\/es\/wp-json\/wp\/v2\/product_cat?post=61650"},{"taxonomy":"product_tag","embeddable":true,"href":"https:\/\/www.studiolongboard.com\/es\/wp-json\/wp\/v2\/product_tag?post=61650"}],"curies":[{"name":"wp","href":"https:\/\/api.w.org\/{rel}","templated":true}]}}