{"id":61006,"date":"2025-05-19T19:10:15","date_gmt":"2025-05-19T17:10:15","guid":{"rendered":"https:\/\/www.studiolongboard.com\/?post_type=product&#038;p=61006"},"modified":"2025-12-31T13:15:51","modified_gmt":"2025-12-31T12:15:51","slug":"bastl-boards-forro-longboard-deck","status":"publish","type":"product","link":"https:\/\/www.studiolongboard.com\/es\/shop\/longboards\/longboard-decks\/dance-freestyle-decks\/bastl-boards-forro-longboard-deck\/","title":{"rendered":"BASTL BOARDS Forr\u00f3 Longboard Deck"},"content":{"rendered":"<h2>BASTL BOARDS Forr\u00f3 Longboard Deck<\/h2>\n<p>Das Forr\u00f3 ist f\u00fcr den progressiven, allt\u00e4glichen Shredder, der seine Freestyle- und Geschwindigkeitsgrenzen ausloten will. Es ist f\u00fcr dich da, um das Universum zu shredden! Mit seinem festen Flex und den gro\u00dfen Kicks, die f\u00fcr einen bissigen Pop sorgen, kannst du mit dem Forr\u00f3 Ollies und Flips machen, als w\u00e4re es nichts. Wenn du mit dem Skaten fertig bist, ziehst du deine Freeride-Rollen an und f\u00e4hrst deinen Lieblingsh\u00fcgel hinunter. Der Forr\u00f3 hat eine radiale Konkave in Kombination mit einem keilf\u00f6rmigen Rocker und tiefen Radausbuchtungen. Diese helfen dir, die richtige Fu\u00dfposition zu finden, ohne dass du nach unten schauen musst. Deine F\u00fc\u00dfe werden bei jedem noch so verr\u00fcckten Slide blockiert sein!<\/p>\n<p>Especificaciones:<\/p>\n<p>Micro Drop<br \/>\nWheelflares<br \/>\nWheelwells<br \/>\nTwinTip Shape<br \/>\nDouble Kicks<br \/>\nLength: 104 cm | 41\u2033<br \/>\nWidth: 23,5 cm | 9.25\u2033<br \/>\nLong wheelbase: 63 cm | 24.8\u2033<br \/>\nShort wheelbase: 59 cm | 23.2\u2033<br \/>\nWeight: 1,85 kg<\/p>","protected":false},"excerpt":{"rendered":"<p>BASTL BOARDS Forr\u00f3 Longboard Deck Das Forr\u00f3 ist f\u00fcr den progressiven, allt\u00e4glichen Shredder, der seine Freestyle- und Geschwindigkeitsgrenzen ausloten will. Es ist f\u00fcr dich da, um das Universum zu shredden! Mit seinem festen Flex und den gro\u00dfen Kicks, die f\u00fcr einen bissigen Pop sorgen, kannst du mit dem Forr\u00f3 Ollies und Flips machen, als w\u00e4re [&#8230;]\n","protected":false},"featured_media":61007,"comment_status":"closed","ping_status":"closed","template":"","meta":{"jetpack_post_was_ever_published":false,"jetpack_publicize_message":"","jetpack_publicize_feature_enabled":true,"jetpack_social_post_already_shared":true,"jetpack_social_options":{"image_generator_settings":{"template":"highway","default_image_id":0,"font":"","enabled":false},"version":2}},"product_brand":[9254],"product_cat":[313,8789],"product_tag":[],"class_list":{"0":"post-61006","1":"product","2":"type-product","3":"status-publish","4":"has-post-thumbnail","6":"product_brand-bastl-boards","7":"product_cat-longboard-decks","8":"product_cat-dance-freestyle-decks","9":"product_shipping_class-paket","11":"first","12":"instock","13":"taxable","14":"shipping-taxable","15":"purchasable","16":"product-type-simple"},"composite_virtual":false,"composite_layout":"","composite_add_to_cart_form_location":"","composite_editable_in_cart":false,"composite_sold_individually_context":"","composite_shop_price_calc":"","composite_components":[],"composite_scenarios":[],"booking_location":null,"booking_location_type":null,"booking_duration":null,"booking_duration_unit":null,"booking_buffer":null,"booking_cost":null,"booking_resources":null,"jetpack_publicize_connections":[],"jetpack_sharing_enabled":true,"_links":{"self":[{"href":"https:\/\/www.studiolongboard.com\/es\/wp-json\/wp\/v2\/product\/61006","targetHints":{"allow":["GET"]}}],"collection":[{"href":"https:\/\/www.studiolongboard.com\/es\/wp-json\/wp\/v2\/product"}],"about":[{"href":"https:\/\/www.studiolongboard.com\/es\/wp-json\/wp\/v2\/types\/product"}],"replies":[{"embeddable":true,"href":"https:\/\/www.studiolongboard.com\/es\/wp-json\/wp\/v2\/comments?post=61006"}],"wp:featuredmedia":[{"embeddable":true,"href":"https:\/\/www.studiolongboard.com\/es\/wp-json\/wp\/v2\/media\/61007"}],"wp:attachment":[{"href":"https:\/\/www.studiolongboard.com\/es\/wp-json\/wp\/v2\/media?parent=61006"}],"wp:term":[{"taxonomy":"product_brand","embeddable":true,"href":"https:\/\/www.studiolongboard.com\/es\/wp-json\/wp\/v2\/product_brand?post=61006"},{"taxonomy":"product_cat","embeddable":true,"href":"https:\/\/www.studiolongboard.com\/es\/wp-json\/wp\/v2\/product_cat?post=61006"},{"taxonomy":"product_tag","embeddable":true,"href":"https:\/\/www.studiolongboard.com\/es\/wp-json\/wp\/v2\/product_tag?post=61006"}],"curies":[{"name":"wp","href":"https:\/\/api.w.org\/{rel}","templated":true}]}}