{"id":60939,"date":"2025-05-19T10:47:07","date_gmt":"2025-05-19T08:47:07","guid":{"rendered":"https:\/\/www.studiolongboard.com\/?post_type=product&#038;p=60939"},"modified":"2025-12-31T13:16:25","modified_gmt":"2025-12-31T12:16:25","slug":"landyachtz-drop-cat-journey-38","status":"publish","type":"product","link":"https:\/\/www.studiolongboard.com\/es\/shop\/longboards\/komplett-longboards\/einsteiger-longboards\/landyachtz-drop-cat-journey-38\/","title":{"rendered":"LANDYACHTZ Drop Cat Journey 38&#8243;"},"content":{"rendered":"<h2>LANDYACHTZ Drop Cat Journey 38&#8243;<\/h2>\n<p>Un longboard c\u00f3nico, direccional, drop-through que tiene la cantidad perfecta de flex. El Drop Cat 38 es ideal para riders altos o personas que buscan una sensaci\u00f3n estable pero sensible. La flexi\u00f3n media suavizar\u00e1 tu conducci\u00f3n en pavimento rugoso, mientras que sigue siendo lo suficientemente r\u00edgida como para manejar algo de velocidad y deslizamiento. Los flares en las esquinas de la cubierta te mantienen bloqueado y c\u00f3modo. Un rocker agresivo te acerca al suelo y cambia el \u00e1ngulo de los trucks, lo que aumenta la capacidad de respuesta de la tabla. La plataforma rebajada hace que esta tabla sea extra r\u00e1pida para los empujes y los grandes desplazamientos, a la vez que aumenta la estabilidad. Saborea la perfecci\u00f3n con la Drop Cat 38.<\/p>\n<p>Longitud: 96,5 cm \/ 38\u2033.<br \/>\nAnchura: 23,8 cm \/ 9,375\u2033.<br \/>\nModel Journey <\/p>\n<p>camiones:Bear Grizzly Gen 6 Negro 180mm 50\u00b0<br \/>\nruedas: Hawgs Plow King 72mm 78a<br \/>\nrodamientos: Rodamientos Bear Spaceball<\/p>","protected":false},"excerpt":{"rendered":"<p>LANDYACHTZ Drop Cat Journey 38&#8243; A tapered, directional, drop-through longboard that has the perfect amount of flex. The Drop Cat 38 is ideal for taller riders or people looking for a stable yet responsive feel. The medium flex will smooth out your ride on rough pavement while still being stiff enough to handle some speed [&#8230;]\n","protected":false},"featured_media":60940,"comment_status":"open","ping_status":"closed","template":"","meta":{"jetpack_post_was_ever_published":false,"jetpack_publicize_message":"","jetpack_publicize_feature_enabled":true,"jetpack_social_post_already_shared":true,"jetpack_social_options":{"image_generator_settings":{"template":"highway","default_image_id":0,"font":"","enabled":false},"version":2}},"product_brand":[9227],"product_cat":[8642,310],"product_tag":[439,322],"class_list":{"0":"post-60939","1":"product","2":"type-product","3":"status-publish","4":"has-post-thumbnail","6":"product_brand-landyachtz","7":"product_cat-einsteiger-longboards","8":"product_cat-komplett-longboards","9":"product_tag-rocker","10":"product_tag-drop-through","11":"product_shipping_class-paket","13":"first","14":"outofstock","15":"taxable","16":"shipping-taxable","17":"purchasable","18":"product-type-simple"},"composite_virtual":false,"composite_layout":"","composite_add_to_cart_form_location":"","composite_editable_in_cart":false,"composite_sold_individually_context":"","composite_shop_price_calc":"","composite_components":[],"composite_scenarios":[],"booking_location":null,"booking_location_type":null,"booking_duration":null,"booking_duration_unit":null,"booking_buffer":null,"booking_cost":null,"booking_resources":null,"jetpack_publicize_connections":[],"jetpack_sharing_enabled":true,"_links":{"self":[{"href":"https:\/\/www.studiolongboard.com\/es\/wp-json\/wp\/v2\/product\/60939","targetHints":{"allow":["GET"]}}],"collection":[{"href":"https:\/\/www.studiolongboard.com\/es\/wp-json\/wp\/v2\/product"}],"about":[{"href":"https:\/\/www.studiolongboard.com\/es\/wp-json\/wp\/v2\/types\/product"}],"replies":[{"embeddable":true,"href":"https:\/\/www.studiolongboard.com\/es\/wp-json\/wp\/v2\/comments?post=60939"}],"wp:featuredmedia":[{"embeddable":true,"href":"https:\/\/www.studiolongboard.com\/es\/wp-json\/wp\/v2\/media\/60940"}],"wp:attachment":[{"href":"https:\/\/www.studiolongboard.com\/es\/wp-json\/wp\/v2\/media?parent=60939"}],"wp:term":[{"taxonomy":"product_brand","embeddable":true,"href":"https:\/\/www.studiolongboard.com\/es\/wp-json\/wp\/v2\/product_brand?post=60939"},{"taxonomy":"product_cat","embeddable":true,"href":"https:\/\/www.studiolongboard.com\/es\/wp-json\/wp\/v2\/product_cat?post=60939"},{"taxonomy":"product_tag","embeddable":true,"href":"https:\/\/www.studiolongboard.com\/es\/wp-json\/wp\/v2\/product_tag?post=60939"}],"curies":[{"name":"wp","href":"https:\/\/api.w.org\/{rel}","templated":true}]}}