{"id":6093,"date":"2018-11-06T16:12:44","date_gmt":"2018-11-06T15:12:44","guid":{"rendered":"https:\/\/www.studiolongboard.com\/?post_type=product&#038;p=6093"},"modified":"2025-12-31T14:12:59","modified_gmt":"2025-12-31T13:12:59","slug":"blood-orange-jammerz-69mm-82a","status":"publish","type":"product","link":"https:\/\/www.studiolongboard.com\/es\/shop\/longboards\/longboard-wheels\/blood-orange-jammerz-69mm-82a\/","title":{"rendered":"BLOOD ORANGE Jammerz 69MM 82A"},"content":{"rendered":"<h2>BLOOD ORANGE Jammerz 69MM 82A<\/h2>\n<p>BLOOD ORANGE Jammerz 69MM 82A \u00a0ist mit 31mm Kontaktfl\u00e4che und 44mm Breite super zum Freeriden. Die neue Jammerz-Formel erm\u00f6glicht lange und stabile Slides und macht dich zum King of the Neighbourhood Hills.<\/p>\n<p>Gr\u00f6\u00dfe: 69mm<br \/>\nH\u00e4rte: 82A<br \/>\nFarbe: wei\u00df<br \/>\nMade in USA<\/p>\n<p><a href=\"https:\/\/www.studiolongboard.com\/es\/blood-orange-jammerz\/\"><img loading=\"lazy\" decoding=\"async\" class=\"aligncenter wp-image-6092 size-large\" src=\"https:\/\/www.studiolongboard.com\/wp-content\/uploads\/2018\/11\/JAMMERZ-Web-Banner-1024x440.jpg\" alt=\"\" width=\"640\" height=\"275\" srcset=\"https:\/\/www.studiolongboard.com\/wp-content\/uploads\/2018\/11\/JAMMERZ-Web-Banner-1024x440.jpg 1024w, https:\/\/www.studiolongboard.com\/wp-content\/uploads\/2018\/11\/JAMMERZ-Web-Banner-510x219.jpg 510w, https:\/\/www.studiolongboard.com\/wp-content\/uploads\/2018\/11\/JAMMERZ-Web-Banner-300x129.jpg 300w, https:\/\/www.studiolongboard.com\/wp-content\/uploads\/2018\/11\/JAMMERZ-Web-Banner-708x304.jpg 708w, https:\/\/www.studiolongboard.com\/wp-content\/uploads\/2018\/11\/JAMMERZ-Web-Banner.jpg 1705w\" sizes=\"auto, (max-width: 640px) 100vw, 640px\" \/><\/a><\/p>\n<p><a href=\"http:\/\/skatebloodorange.com\">http:\/\/skatebloodorange.com<\/a><\/p>\n<p>&nbsp;<\/p>","protected":false},"excerpt":{"rendered":"<p>BLOOD ORANGE Jammerz 69MM 82A BLOOD ORANGE Jammerz 69MM 82A \u00a0ist mit 31mm Kontaktfl\u00e4che und 44mm Breite super zum Freeriden. Die neue Jammerz-Formel erm\u00f6glicht lange und stabile Slides und macht dich zum King of the Neighbourhood Hills. Gr\u00f6\u00dfe: 69mm H\u00e4rte: 82A Farbe: wei\u00df Made in USA http:\/\/skatebloodorange.com &nbsp;<\/p>","protected":false},"featured_media":6094,"comment_status":"open","ping_status":"closed","template":"","meta":{"jetpack_post_was_ever_published":false,"jetpack_publicize_message":"","jetpack_publicize_feature_enabled":true,"jetpack_social_post_already_shared":true,"jetpack_social_options":{"image_generator_settings":{"template":"highway","default_image_id":0,"font":"","enabled":false},"version":2}},"product_brand":[],"product_cat":[317],"product_tag":[1162],"class_list":{"0":"post-6093","1":"product","2":"type-product","3":"status-publish","4":"has-post-thumbnail","6":"product_cat-longboard-wheels","7":"product_tag-jammerz","8":"product_shipping_class-paket-m","10":"first","11":"instock","12":"taxable","13":"shipping-taxable","14":"purchasable","15":"product-type-simple"},"composite_virtual":false,"composite_layout":"","composite_add_to_cart_form_location":"","composite_editable_in_cart":false,"composite_sold_individually_context":"","composite_shop_price_calc":"","composite_components":[],"composite_scenarios":[],"booking_location":null,"booking_location_type":null,"booking_duration":null,"booking_duration_unit":null,"booking_buffer":null,"booking_cost":null,"booking_resources":null,"jetpack_publicize_connections":[],"jetpack_sharing_enabled":true,"_links":{"self":[{"href":"https:\/\/www.studiolongboard.com\/es\/wp-json\/wp\/v2\/product\/6093","targetHints":{"allow":["GET"]}}],"collection":[{"href":"https:\/\/www.studiolongboard.com\/es\/wp-json\/wp\/v2\/product"}],"about":[{"href":"https:\/\/www.studiolongboard.com\/es\/wp-json\/wp\/v2\/types\/product"}],"replies":[{"embeddable":true,"href":"https:\/\/www.studiolongboard.com\/es\/wp-json\/wp\/v2\/comments?post=6093"}],"wp:featuredmedia":[{"embeddable":true,"href":"https:\/\/www.studiolongboard.com\/es\/wp-json\/wp\/v2\/media\/6094"}],"wp:attachment":[{"href":"https:\/\/www.studiolongboard.com\/es\/wp-json\/wp\/v2\/media?parent=6093"}],"wp:term":[{"taxonomy":"product_brand","embeddable":true,"href":"https:\/\/www.studiolongboard.com\/es\/wp-json\/wp\/v2\/product_brand?post=6093"},{"taxonomy":"product_cat","embeddable":true,"href":"https:\/\/www.studiolongboard.com\/es\/wp-json\/wp\/v2\/product_cat?post=6093"},{"taxonomy":"product_tag","embeddable":true,"href":"https:\/\/www.studiolongboard.com\/es\/wp-json\/wp\/v2\/product_tag?post=6093"}],"curies":[{"name":"wp","href":"https:\/\/api.w.org\/{rel}","templated":true}]}}