{"id":60835,"date":"2025-05-14T17:52:46","date_gmt":"2025-05-14T15:52:46","guid":{"rendered":"https:\/\/www.studiolongboard.com\/?post_type=product&#038;p=60835"},"modified":"2026-01-06T23:35:18","modified_gmt":"2026-01-06T22:35:18","slug":"bronson-speed-co-kugellager-raw","status":"publish","type":"product","link":"https:\/\/www.studiolongboard.com\/es\/shop\/accessories\/kugellager\/bronson-speed-co-kugellager-raw\/","title":{"rendered":"BRONSON Speed Co Kugellager Raw"},"content":{"rendered":"<h2>BRONSON Speed Co Kugellager Raw<\/h2>\n<p>Erlebe Geschwindigkeit neu mit den Bronson Speed Co. RAW Kugellagern \u2013 den ersten komplett offenen, staubfreien Kugellagern, die speziell f\u00fcr Skateboarding entwickelt wurden. Ohne Abdeckscheiben (\u201eShield-Free Design\u201c) bieten sie dir minimale Reibung, maximalen Speed und ein unverf\u00e4lschtes Fahrgef\u00fchl.<br \/>\nProduktmerkmale:<\/p>\n<p>Shield-Free Design \u2013 Offenes Kugellager f\u00fcr geringeren Rollwiderstand und einfachere Reinigung<\/p>\n<p>High-Speed Ceramic Oil \u2013 Spezielles Schmiermittel reduziert Hitzeentwicklung und sch\u00fctzt vor Korrosion<\/p>\n<p>Micro Groove Raceway Surfaces \u2013 Pr\u00e4zisionsgefr\u00e4ste Laufbahnen f\u00fcr fl\u00fcssigere Performance<\/p>\n<p>Deep Groove Raceways \u2013 H\u00f6here Stabilit\u00e4t bei seitlichem Druck<\/p>\n<p>Maximale Langlebigkeit \u2013 Entwickelt f\u00fcr harte Sessions und lange Haltbarkeit<\/p>\n<p>Warum RAW Kugellager von Bronson?<\/p>\n<p>Die RAW-Serie ist f\u00fcr echte Skate-Enthusiasten gedacht, die keine Kompromisse bei Geschwindigkeit, Haltbarkeit und Style eingehen wollen. Ob im Park, auf der Stra\u00dfe oder bei hohen Gaps \u2013 diese Kugellager liefern verl\u00e4sslich Top-Performance.<\/p>\n<p>Optimiert f\u00fcr:<\/p>\n<p>Street &amp; Park Skateboarding, Vert &amp; Bowl Riding, technische Tricks &amp; Long-Distance Pushes<\/p>","protected":false},"excerpt":{"rendered":"<p>BRONSON Speed Co Kugellager Raw Erlebe Geschwindigkeit neu mit den Bronson Speed Co. RAW Kugellagern \u2013 den ersten komplett offenen, staubfreien Kugellagern, die speziell f\u00fcr Skateboarding entwickelt wurden. Ohne Abdeckscheiben (\u201eShield-Free Design\u201c) bieten sie dir minimale Reibung, maximalen Speed und ein unverf\u00e4lschtes Fahrgef\u00fchl. Produktmerkmale: Shield-Free Design \u2013 Offenes Kugellager f\u00fcr geringeren Rollwiderstand und einfachere Reinigung [&#8230;]\n","protected":false},"featured_media":60836,"comment_status":"closed","ping_status":"closed","template":"","meta":{"jetpack_post_was_ever_published":false,"jetpack_publicize_message":"","jetpack_publicize_feature_enabled":true,"jetpack_social_post_already_shared":true,"jetpack_social_options":{"image_generator_settings":{"template":"highway","default_image_id":0,"font":"","enabled":false},"version":2}},"product_brand":[9252],"product_cat":[4130,320],"product_tag":[9253],"class_list":{"0":"post-60835","1":"product","2":"type-product","3":"status-publish","4":"has-post-thumbnail","6":"product_brand-bronson","7":"product_cat-kugellager","8":"product_cat-accessories","9":"product_tag-shield-free","10":"product_shipping_class-paket-m","12":"first","13":"instock","14":"taxable","15":"shipping-taxable","16":"purchasable","17":"product-type-simple"},"composite_virtual":false,"composite_layout":"","composite_add_to_cart_form_location":"","composite_editable_in_cart":false,"composite_sold_individually_context":"","composite_shop_price_calc":"","composite_components":[],"composite_scenarios":[],"booking_location":null,"booking_location_type":null,"booking_duration":null,"booking_duration_unit":null,"booking_buffer":null,"booking_cost":null,"booking_resources":null,"jetpack_publicize_connections":[],"jetpack_sharing_enabled":true,"_links":{"self":[{"href":"https:\/\/www.studiolongboard.com\/es\/wp-json\/wp\/v2\/product\/60835","targetHints":{"allow":["GET"]}}],"collection":[{"href":"https:\/\/www.studiolongboard.com\/es\/wp-json\/wp\/v2\/product"}],"about":[{"href":"https:\/\/www.studiolongboard.com\/es\/wp-json\/wp\/v2\/types\/product"}],"replies":[{"embeddable":true,"href":"https:\/\/www.studiolongboard.com\/es\/wp-json\/wp\/v2\/comments?post=60835"}],"wp:featuredmedia":[{"embeddable":true,"href":"https:\/\/www.studiolongboard.com\/es\/wp-json\/wp\/v2\/media\/60836"}],"wp:attachment":[{"href":"https:\/\/www.studiolongboard.com\/es\/wp-json\/wp\/v2\/media?parent=60835"}],"wp:term":[{"taxonomy":"product_brand","embeddable":true,"href":"https:\/\/www.studiolongboard.com\/es\/wp-json\/wp\/v2\/product_brand?post=60835"},{"taxonomy":"product_cat","embeddable":true,"href":"https:\/\/www.studiolongboard.com\/es\/wp-json\/wp\/v2\/product_cat?post=60835"},{"taxonomy":"product_tag","embeddable":true,"href":"https:\/\/www.studiolongboard.com\/es\/wp-json\/wp\/v2\/product_tag?post=60835"}],"curies":[{"name":"wp","href":"https:\/\/api.w.org\/{rel}","templated":true}]}}