{"id":58978,"date":"2025-04-14T18:53:17","date_gmt":"2025-04-14T16:53:17","guid":{"rendered":"https:\/\/www.studiolongboard.com\/?post_type=product&#038;p=58978"},"modified":"2025-12-31T13:20:55","modified_gmt":"2025-12-31T12:20:55","slug":"alternative-longboards-heron-complete","status":"publish","type":"product","link":"https:\/\/www.studiolongboard.com\/es\/shop\/longboards\/komplett-longboards\/dance-und-freestyle\/alternative-longboards-heron-complete\/","title":{"rendered":"Alternative Longboards Heron complete"},"content":{"rendered":"<h2>Alternative Longboards Heron complete<\/h2>\n<p>Customize your Heron Dancer!<\/p>\n<p>With the help of our product configurator you can create your own Karoo dancer. We have made a suitable selection of trucks and wheels, with which you will always have fun and which is at least as good as the original setup.<\/p>\n<p>Da rienda suelta a tu creatividad y fluidez con la tabla Heron. Dise\u00f1ada con elegancia y precisi\u00f3n en mente, la Heron es perfecta para aquellos a los que les encanta bailar, hacer freestyle y realizar trucos en su longboard. Con su excepcional construcci\u00f3n y elegante dise\u00f1o, esta tabla transformar\u00e1 tus paseos en un elegante baile.<\/p>\n<p>El longboard Heron fue creado para aquellos que buscan elegancia y rendimiento en su conducci\u00f3n. Su construcci\u00f3n de alta calidad garantiza la durabilidad y una conducci\u00f3n suave, mientras que su aspecto elegante hace una declaraci\u00f3n audaz. Baila por la vida con el Heron y deja que cada empuj\u00f3n sea una expresi\u00f3n de arte.<br \/>\nEspecificaciones:<\/p>\n<p>Deck dimensions (L x W): 108 cm | 48\u2033 x 23 cm | 9\u2033<br \/>\nDistancia entre ejes: 65-69 cm<br \/>\nPeso: 2,0 kg Soft Flex | 2,2 kg Medium Flex<br \/>\nPeso m\u00e1ximo del usuario: 120 kg<\/p>","protected":false},"excerpt":{"rendered":"<p>choose your setup<\/p>","protected":false},"featured_media":58979,"comment_status":"open","ping_status":"closed","template":"","meta":{"jetpack_post_was_ever_published":false,"jetpack_publicize_message":"","jetpack_publicize_feature_enabled":true,"jetpack_social_post_already_shared":true,"jetpack_social_options":{"image_generator_settings":{"template":"highway","default_image_id":0,"font":"","enabled":false},"version":2}},"product_brand":[],"product_cat":[310,8627],"product_tag":[373,757,1396],"class_list":{"0":"post-58978","1":"product","2":"type-product","3":"status-publish","4":"has-post-thumbnail","6":"product_cat-komplett-longboards","7":"product_cat-dance-und-freestyle","8":"product_tag-dancer","9":"product_tag-longboard-dancing","10":"product_tag-dancing","11":"product_shipping_class-paket","13":"first","14":"instock","15":"sale","16":"taxable","17":"shipping-taxable","18":"purchasable","19":"product-type-composite"},"composite_virtual":false,"composite_layout":"progressive","composite_add_to_cart_form_location":"after_summary","composite_editable_in_cart":false,"composite_sold_individually_context":"product","composite_shop_price_calc":"defaults","composite_components":[{"id":"1744657358","title":"Cubierta","description":"","query_type":"product_ids","query_ids":[58973],"default_option_id":58973,"thumbnail_id":"","thumbnail_src":"","quantity_min":1,"quantity_max":1,"priced_individually":true,"shipped_individually":false,"optional":false,"discount":5,"options_style":"dropdowns","pagination_style":"classic","display_prices":"absolute","show_sorting_options":false,"show_filtering_options":false,"attribute_filter_ids":[],"select_action":"view","product_title_visible":true,"product_descr_visible":true,"product_price_visible":true,"product_thumb_visible":true,"subtotal_visible_product":true,"subtotal_visible_cart":true,"subtotal_visible_orders":true},{"id":"1619632937","title":"Skateboard Trucks","description":"","query_type":"product_ids","query_ids":[19730,19727,19724,7300,7261,7267,12385,12388,17831,19437,19441,19712,19796,2112,33184,33186],"default_option_id":7267,"thumbnail_id":"","thumbnail_src":"","quantity_min":2,"quantity_max":2,"priced_individually":true,"shipped_individually":false,"optional":false,"discount":5,"options_style":"dropdowns","pagination_style":"classic","display_prices":"absolute","show_sorting_options":false,"show_filtering_options":false,"attribute_filter_ids":[],"select_action":"view","product_title_visible":true,"product_descr_visible":true,"product_price_visible":true,"product_thumb_visible":true,"subtotal_visible_product":true,"subtotal_visible_cart":true,"subtotal_visible_orders":true},{"id":"1619632938","title":"Ruedas","description":"","query_type":"product_ids","query_ids":[4789,10045,20008,67308,5707,5709,5711,5720,5722,14394,5723,6089,12917,5714,5703,5774,16058,7036,17215,18738,21064,7666,7670,7672],"default_option_id":21064,"thumbnail_id":7033,"thumbnail_src":"https:\/\/www.studiolongboard.com\/wp-content\/uploads\/2019\/05\/orangatang-fat-free-wheels-65mm-77a-blue.jpg","quantity_min":1,"quantity_max":1,"priced_individually":true,"shipped_individually":false,"optional":false,"discount":5,"options_style":"dropdowns","pagination_style":"classic","display_prices":"absolute","show_sorting_options":false,"show_filtering_options":false,"attribute_filter_ids":[],"select_action":"view","product_title_visible":true,"product_descr_visible":true,"product_price_visible":true,"product_thumb_visible":true,"subtotal_visible_product":true,"subtotal_visible_cart":true,"subtotal_visible_orders":true},{"id":"1626807854","title":"Rodamientos \/ Rodamientos de bolas","description":"","query_type":"product_ids","query_ids":[15162,6792,11957,19576,8047,6044],"default_option_id":15162,"thumbnail_id":"","thumbnail_src":"","quantity_min":1,"quantity_max":1,"priced_individually":true,"shipped_individually":false,"optional":false,"discount":5,"options_style":"dropdowns","pagination_style":"classic","display_prices":"absolute","show_sorting_options":false,"show_filtering_options":false,"attribute_filter_ids":[],"select_action":"view","product_title_visible":true,"product_descr_visible":true,"product_price_visible":true,"product_thumb_visible":true,"subtotal_visible_product":true,"subtotal_visible_cart":true,"subtotal_visible_orders":true},{"id":"1654861497","title":"Cinta adhesiva","description":"<p>choose the amount on griptape (1 unit = 10cm) to be placed on kicktails. we recommend 5 units, 25 cm on each kicktail.<br \/>\nif you have any special wish just let us know in the comment of your order<\/p>","query_type":"product_ids","query_ids":[9701,14652],"default_option_id":"","thumbnail_id":"","thumbnail_src":"","quantity_min":4,"quantity_max":13,"priced_individually":true,"shipped_individually":false,"optional":true,"discount":5,"options_style":"dropdowns","pagination_style":"classic","display_prices":"absolute","show_sorting_options":false,"show_filtering_options":false,"attribute_filter_ids":[],"select_action":"view","product_title_visible":true,"product_descr_visible":true,"product_price_visible":true,"product_thumb_visible":true,"subtotal_visible_product":true,"subtotal_visible_cart":true,"subtotal_visible_orders":true}],"composite_scenarios":[],"booking_location":null,"booking_location_type":null,"booking_duration":null,"booking_duration_unit":null,"booking_buffer":null,"booking_cost":null,"booking_resources":null,"jetpack_publicize_connections":[],"jetpack_sharing_enabled":true,"_links":{"self":[{"href":"https:\/\/www.studiolongboard.com\/es\/wp-json\/wp\/v2\/product\/58978","targetHints":{"allow":["GET"]}}],"collection":[{"href":"https:\/\/www.studiolongboard.com\/es\/wp-json\/wp\/v2\/product"}],"about":[{"href":"https:\/\/www.studiolongboard.com\/es\/wp-json\/wp\/v2\/types\/product"}],"replies":[{"embeddable":true,"href":"https:\/\/www.studiolongboard.com\/es\/wp-json\/wp\/v2\/comments?post=58978"}],"wp:featuredmedia":[{"embeddable":true,"href":"https:\/\/www.studiolongboard.com\/es\/wp-json\/wp\/v2\/media\/58979"}],"wp:attachment":[{"href":"https:\/\/www.studiolongboard.com\/es\/wp-json\/wp\/v2\/media?parent=58978"}],"wp:term":[{"taxonomy":"product_brand","embeddable":true,"href":"https:\/\/www.studiolongboard.com\/es\/wp-json\/wp\/v2\/product_brand?post=58978"},{"taxonomy":"product_cat","embeddable":true,"href":"https:\/\/www.studiolongboard.com\/es\/wp-json\/wp\/v2\/product_cat?post=58978"},{"taxonomy":"product_tag","embeddable":true,"href":"https:\/\/www.studiolongboard.com\/es\/wp-json\/wp\/v2\/product_tag?post=58978"}],"curies":[{"name":"wp","href":"https:\/\/api.w.org\/{rel}","templated":true}]}}