{"id":5778,"date":"2018-05-22T19:08:58","date_gmt":"2018-05-22T17:08:58","guid":{"rendered":"https:\/\/www.studiolongboard.com\/?post_type=product&#038;p=5778"},"modified":"2026-02-28T14:50:13","modified_gmt":"2026-02-28T13:50:13","slug":"timber-boards-tortini","status":"publish","type":"product","link":"https:\/\/www.studiolongboard.com\/es\/shop\/longboards\/longboard-decks\/dance-freestyle-decks\/timber-boards-tortini\/","title":{"rendered":"TABLEROS DE MADERA Tortini 2022"},"content":{"rendered":"<h3>TABLAS DE MADERA Tortini<\/h3>\n<p>TIMBER BOARDS Tortini ist der kleine Bruder des <a href=\"https:\/\/www.studiolongboard.com\/es\/product-2\/timber-boards-tortuga\/\">Tortuga<\/a> aus der neuen Serie von Timber! Mit der selben Shape in einer jedoch 10cm k\u00fcrzeren Variante bietet das Tortini eine gute Analternative f\u00fcr alle denen das Tortuga ein wenig zu gro\u00df erscheint.\u00a0 Durch seine K\u00fcrze und einer menge Pop sind einem keine Grenzen gesetzt , egal ob beim Dancen oder im Freestyle Bereich .<\/p>\n<p>Specs:<\/p>\n<p>Flex type Flex, Medium, Stiff<\/p>\n<p>Length 110 cm, 43.31 inch<\/p>\n<p>Width 23 cm, 9.06 inch<\/p>\n<p>Wheelbase 63.9 cm \u2013 70.0 cm, 25.16 inch \u2013 27.56 inch (total of 9 options)<\/p>\n<p><img loading=\"lazy\" decoding=\"async\" class=\"alignleft wp-image-20626 size-full\" src=\"https:\/\/www.studiolongboard.com\/wp-content\/uploads\/2018\/05\/tortini.jpg\" alt=\"\" width=\"960\" height=\"360\" srcset=\"https:\/\/www.studiolongboard.com\/wp-content\/uploads\/2018\/05\/tortini.jpg 960w, https:\/\/www.studiolongboard.com\/wp-content\/uploads\/2018\/05\/tortini-510x191.jpg 510w, https:\/\/www.studiolongboard.com\/wp-content\/uploads\/2018\/05\/tortini-300x113.jpg 300w, https:\/\/www.studiolongboard.com\/wp-content\/uploads\/2018\/05\/tortini-708x266.jpg 708w\" sizes=\"auto, (max-width: 960px) 100vw, 960px\" \/><\/p>\n<p><span class=\"embed-youtube\" style=\"text-align:center; display: block;\"><iframe loading=\"lazy\" class=\"youtube-player\" width=\"1020\" height=\"574\" src=\"https:\/\/www.youtube.com\/embed\/Wo5gofk1_Fc?version=3&#038;rel=1&#038;showsearch=0&#038;showinfo=1&#038;iv_load_policy=1&#038;fs=1&#038;hl=es-ES&#038;autohide=2&#038;wmode=transparent\" allowfullscreen=\"true\" style=\"border:0;\" sandbox=\"allow-scripts allow-same-origin allow-popups allow-presentation allow-popups-to-escape-sandbox\"><\/iframe><\/span><\/p>","protected":false},"excerpt":{"rendered":"<p>TIMBER BOARDS Tortini TIMBER BOARDS Tortini ist der kleine Bruder des Tortuga aus der neuen Serie von Timber! Mit der selben Shape in einer jedoch 10cm k\u00fcrzeren Variante bietet das Tortini eine gute Analternative f\u00fcr alle denen das Tortuga ein wenig zu gro\u00df erscheint.\u00a0 Durch seine K\u00fcrze und einer menge Pop sind einem keine Grenzen [&#8230;]\n","protected":false},"featured_media":5786,"comment_status":"open","ping_status":"closed","template":"","meta":{"jetpack_post_was_ever_published":false,"jetpack_publicize_message":"","jetpack_publicize_feature_enabled":true,"jetpack_social_post_already_shared":true,"jetpack_social_options":{"image_generator_settings":{"template":"highway","default_image_id":0,"font":"","enabled":false},"version":2}},"product_brand":[],"product_cat":[8789,311,313],"product_tag":[8480,373],"class_list":{"0":"post-5778","1":"product","2":"type-product","3":"status-publish","4":"has-post-thumbnail","6":"product_cat-dance-freestyle-decks","7":"product_cat-longboards","8":"product_cat-longboard-decks","9":"product_tag-freeystle","10":"product_tag-dancer","11":"product_shipping_class-paket","13":"first","14":"instock","15":"taxable","16":"shipping-taxable","17":"purchasable","18":"product-type-variable"},"composite_virtual":false,"composite_layout":"","composite_add_to_cart_form_location":"","composite_editable_in_cart":false,"composite_sold_individually_context":"","composite_shop_price_calc":"","composite_components":[],"composite_scenarios":[],"booking_location":null,"booking_location_type":null,"booking_duration":null,"booking_duration_unit":null,"booking_buffer":null,"booking_cost":null,"booking_resources":null,"jetpack_publicize_connections":[],"jetpack_sharing_enabled":true,"_links":{"self":[{"href":"https:\/\/www.studiolongboard.com\/es\/wp-json\/wp\/v2\/product\/5778","targetHints":{"allow":["GET"]}}],"collection":[{"href":"https:\/\/www.studiolongboard.com\/es\/wp-json\/wp\/v2\/product"}],"about":[{"href":"https:\/\/www.studiolongboard.com\/es\/wp-json\/wp\/v2\/types\/product"}],"replies":[{"embeddable":true,"href":"https:\/\/www.studiolongboard.com\/es\/wp-json\/wp\/v2\/comments?post=5778"}],"wp:featuredmedia":[{"embeddable":true,"href":"https:\/\/www.studiolongboard.com\/es\/wp-json\/wp\/v2\/media\/5786"}],"wp:attachment":[{"href":"https:\/\/www.studiolongboard.com\/es\/wp-json\/wp\/v2\/media?parent=5778"}],"wp:term":[{"taxonomy":"product_brand","embeddable":true,"href":"https:\/\/www.studiolongboard.com\/es\/wp-json\/wp\/v2\/product_brand?post=5778"},{"taxonomy":"product_cat","embeddable":true,"href":"https:\/\/www.studiolongboard.com\/es\/wp-json\/wp\/v2\/product_cat?post=5778"},{"taxonomy":"product_tag","embeddable":true,"href":"https:\/\/www.studiolongboard.com\/es\/wp-json\/wp\/v2\/product_tag?post=5778"}],"curies":[{"name":"wp","href":"https:\/\/api.w.org\/{rel}","templated":true}]}}