{"id":57569,"date":"2025-03-12T16:34:23","date_gmt":"2025-03-12T15:34:23","guid":{"rendered":"https:\/\/www.studiolongboard.com\/?post_type=product&#038;p=57569"},"modified":"2025-03-12T16:39:48","modified_gmt":"2025-03-12T15:39:48","slug":"ace-77-af1-9-5-polished-skateboard-truck","status":"publish","type":"product","link":"https:\/\/www.studiolongboard.com\/es\/shop\/skateboards\/trucks\/ace-77-af1-9-5-polished-skateboard-truck\/","title":{"rendered":"Carretilla de monopat\u00edn ACE 77 AF1 9.5\u2033 pulida"},"content":{"rendered":"<h2>Carretilla de monopat\u00edn ACE 77 AF1 9.5\u2033 pulida<\/h2>\n<p>Carretilla de monopat\u00edn ACE 77 AF1 9.5\u2033 pulida<\/p>\n<p>Evolution der beliebten ACE Classic, Upgrades in vielen Details<br \/>\nbesonders wendige Achse mit super geschmeidiger Lenkung<br \/>\nniedriger Kingpin, perfekt f\u00fcr Smith- und Feeblegrinds<br \/>\nauf Performance und Haltbarkeit ausgelegt<br \/>\nneues Sizing, Angabe der Achsstiftbreite als Lasergravur (9.5&#8243;)<br \/>\nMaterial-Upgrade: h\u00f6herklassiges Aluminium, T6-w\u00e4rmebehandelt, hochfest<br \/>\nniedrige Toleranzen f\u00fcr einen perfektesten Sitz der Kugellager<br \/>\nverbesserter Achsstift aus SCM440 Legierungsstahl, besonders Resistent gegen Br\u00fcche<br \/>\nAchsstiftmuttern mit integriertem Gewindeschneider, kein Verkanten durch besch\u00e4digte Gewinde<br \/>\nverbesserte Suspension dank \u00fcberarbeiteter Lenkgummi- und Washer-Shapes<br \/>\n\u00fcberarbeitete Baseplate mit verbesserter Haltbarkeit<br \/>\nverbessertes Pivot-Cup aus 96A Urethan, von Hand gegossen und auf maximale Haltbarkeit ausgelegt<br \/>\nExtra: zus\u00e4tzlicher Gewindeschneider f\u00fcr Achsstifte, damit auch deine Freunde ihre Achsstifte jederzeit nachschneiden k\u00f6nnen<\/p>\n<p>Empfohlene Deckbreite in Inch: 9.0, 9.25, 9.5, 9.75<\/p>","protected":false},"excerpt":{"rendered":"<p>ACE 77 AF1 9.5&#8243; Polished Skateboard Truck ACE 77 AF1 9.5&#8243; Polished Skateboard Truck Evolution der beliebten ACE Classic, Upgrades in vielen Details besonders wendige Achse mit super geschmeidiger Lenkung niedriger Kingpin, perfekt f\u00fcr Smith- und Feeblegrinds auf Performance und Haltbarkeit ausgelegt neues Sizing, Angabe der Achsstiftbreite als Lasergravur (9.5&#8243;) Material-Upgrade: h\u00f6herklassiges Aluminium, T6-w\u00e4rmebehandelt, hochfest [&#8230;]\n","protected":false},"featured_media":57570,"comment_status":"closed","ping_status":"closed","template":"","meta":{"jetpack_post_was_ever_published":false,"jetpack_publicize_message":"","jetpack_publicize_feature_enabled":true,"jetpack_social_post_already_shared":true,"jetpack_social_options":{"image_generator_settings":{"template":"highway","default_image_id":0,"font":"","enabled":false},"version":2}},"product_brand":[9165],"product_cat":[312,315],"product_tag":[],"class_list":{"0":"post-57569","1":"product","2":"type-product","3":"status-publish","4":"has-post-thumbnail","6":"product_brand-ace","7":"product_cat-skateboards","8":"product_cat-trucks","9":"product_shipping_class-paket-m","11":"first","12":"instock","13":"taxable","14":"shipping-taxable","15":"purchasable","16":"product-type-simple"},"composite_virtual":false,"composite_layout":"","composite_add_to_cart_form_location":"","composite_editable_in_cart":false,"composite_sold_individually_context":"","composite_shop_price_calc":"","composite_components":[],"composite_scenarios":[],"booking_location":null,"booking_location_type":null,"booking_duration":null,"booking_duration_unit":null,"booking_buffer":null,"booking_cost":null,"booking_resources":null,"jetpack_publicize_connections":[],"jetpack_sharing_enabled":true,"_links":{"self":[{"href":"https:\/\/www.studiolongboard.com\/es\/wp-json\/wp\/v2\/product\/57569","targetHints":{"allow":["GET"]}}],"collection":[{"href":"https:\/\/www.studiolongboard.com\/es\/wp-json\/wp\/v2\/product"}],"about":[{"href":"https:\/\/www.studiolongboard.com\/es\/wp-json\/wp\/v2\/types\/product"}],"replies":[{"embeddable":true,"href":"https:\/\/www.studiolongboard.com\/es\/wp-json\/wp\/v2\/comments?post=57569"}],"wp:featuredmedia":[{"embeddable":true,"href":"https:\/\/www.studiolongboard.com\/es\/wp-json\/wp\/v2\/media\/57570"}],"wp:attachment":[{"href":"https:\/\/www.studiolongboard.com\/es\/wp-json\/wp\/v2\/media?parent=57569"}],"wp:term":[{"taxonomy":"product_brand","embeddable":true,"href":"https:\/\/www.studiolongboard.com\/es\/wp-json\/wp\/v2\/product_brand?post=57569"},{"taxonomy":"product_cat","embeddable":true,"href":"https:\/\/www.studiolongboard.com\/es\/wp-json\/wp\/v2\/product_cat?post=57569"},{"taxonomy":"product_tag","embeddable":true,"href":"https:\/\/www.studiolongboard.com\/es\/wp-json\/wp\/v2\/product_tag?post=57569"}],"curies":[{"name":"wp","href":"https:\/\/api.w.org\/{rel}","templated":true}]}}