{"id":57281,"date":"2025-03-08T14:30:16","date_gmt":"2025-03-08T13:30:16","guid":{"rendered":"https:\/\/www.studiolongboard.com\/?post_type=product&#038;p=57281"},"modified":"2025-03-12T16:32:29","modified_gmt":"2025-03-12T15:32:29","slug":"ace-77-af1-hollow-skateboard-truck-9-5","status":"publish","type":"product","link":"https:\/\/www.studiolongboard.com\/es\/shop\/skateboards\/trucks\/ace-77-af1-hollow-skateboard-truck-9-5\/","title":{"rendered":"Carretilla de monopat\u00edn hueca ACE 77 AF1 9,5\u2033."},"content":{"rendered":"<h2>Carretilla de monopat\u00edn hueca ACE 77 AF1 9,5\u2033.<\/h2>\n<p>ACE 77 AF1 Hollow Skateboard Truck 9.5&#8243; ist eine hochwertige Achse, die f\u00fcr Skateboards mit einer Breite von 9,375&#8243; bis 9,625&#8243; entwickelt wurde. Mit einer Achsenbreite von 9,5&#8243; und einer Hanger-Breite von 6,9&#8243; bietet sie eine stabile und zuverl\u00e4ssige Performance. <\/p>\n<p>Die AF1 Hollow-Serie zeichnet sich durch hohle Achsstifte und Kingpins aus, was das Gesamtgewicht reduziert und somit leichtere Tricks und Man\u00f6ver erm\u00f6glicht. Dank eines propriet\u00e4ren Gussverfahrens weist die AF1 eine um 70% erh\u00f6hte strukturelle Integrit\u00e4t des Aluminiums auf, was ihn zur st\u00e4rksten gegossenen Achse auf dem Markt macht. <\/p>\n<p>Die Achsen sind mit langlebigen, handgegossenen 96a Urethan-Pivot-Buchsen ausgestattet, die f\u00fcr eine bessere Reaktionsf\u00e4higkeit sorgen. Die pr\u00e4zise gefertigten Hanger-Enden gew\u00e4hrleisten einen optimalen Kontakt mit den Kugellagern, was zu einer reibungslosen Fahrt beitr\u00e4gt.<\/p>\n<p>Bitte beachte, dass die Achsen einzeln verkauft werden; f\u00fcr ein komplettes Skateboard ben\u00f6tigst du zwei St\u00fcck.<\/p>\n<p>Achsstiftbreite: 9.5&#8243; (241 mm)<br \/>\nHangerbreite: 6.9&#8243; (175 mm)<br \/>\nH\u00f6he: 53 mm (Mid)<br \/>\nGewicht: 405 g<\/p>\n<p>Hanger und Baseplate aus Aluminium<br \/>\nverfeinertes Gie\u00dfverfahren schafft eine 70% st\u00e4rkere integrale Struktur des Aluminiums<br \/>\nausgeh\u00f6hlter Kingpin und Achsstift, um Gewicht zu sparen<br \/>\nAchsstift mit SAE 4140-Stahllegierung, \u00fcberdimensioniert, um ein Taumeln der Lager zu verhindern<br \/>\nGewindeschneidemuttern, um kaputte Gewinde nachzuschneiden<br \/>\nflache Hangerenden erm\u00f6glichen das freie Drehen der Lager<br \/>\nverbesserte, handgegossene 96A Pivot Cups<br \/>\noberes Lenkgummi: 12 mm hoch, H\u00e4rte 91A<br \/>\nunteres Lenkgummi: 14 mm hoch, H\u00e4rte 86A<br \/>\nkommt mit einer zus\u00e4tzlichen Gewindeschneidemutter zum Anbringen an deinem Schl\u00fcsselbund<br \/>\nDiese Achse wird f\u00fcr Decks mit einer Breite von 9.375&#8243; &#8211; 9.625&#8243; empfohlen.<\/p>","protected":false},"excerpt":{"rendered":"<p>ACE 77 AF1 Hollow Skateboard Truck 9.5&#8243; ACE 77 AF1 Hollow Skateboard Truck 9.5&#8243; ist eine hochwertige Achse, die f\u00fcr Skateboards mit einer Breite von 9,375&#8243; bis 9,625&#8243; entwickelt wurde. Mit einer Achsenbreite von 9,5&#8243; und einer Hanger-Breite von 6,9&#8243; bietet sie eine stabile und zuverl\u00e4ssige Performance. Die AF1 Hollow-Serie zeichnet sich durch hohle Achsstifte [&#8230;]\n","protected":false},"featured_media":57282,"comment_status":"closed","ping_status":"closed","template":"","meta":{"jetpack_post_was_ever_published":false,"jetpack_publicize_message":"","jetpack_publicize_feature_enabled":true,"jetpack_social_post_already_shared":true,"jetpack_social_options":{"image_generator_settings":{"template":"highway","default_image_id":0,"font":"","enabled":false},"version":2}},"product_brand":[],"product_cat":[312,315],"product_tag":[],"class_list":{"0":"post-57281","1":"product","2":"type-product","3":"status-publish","4":"has-post-thumbnail","6":"product_cat-skateboards","7":"product_cat-trucks","8":"product_shipping_class-paket-m","10":"first","11":"instock","12":"taxable","13":"shipping-taxable","14":"purchasable","15":"product-type-simple"},"composite_virtual":false,"composite_layout":"","composite_add_to_cart_form_location":"","composite_editable_in_cart":false,"composite_sold_individually_context":"","composite_shop_price_calc":"","composite_components":[],"composite_scenarios":[],"booking_location":null,"booking_location_type":null,"booking_duration":null,"booking_duration_unit":null,"booking_buffer":null,"booking_cost":null,"booking_resources":null,"jetpack_publicize_connections":[],"jetpack_sharing_enabled":true,"_links":{"self":[{"href":"https:\/\/www.studiolongboard.com\/es\/wp-json\/wp\/v2\/product\/57281","targetHints":{"allow":["GET"]}}],"collection":[{"href":"https:\/\/www.studiolongboard.com\/es\/wp-json\/wp\/v2\/product"}],"about":[{"href":"https:\/\/www.studiolongboard.com\/es\/wp-json\/wp\/v2\/types\/product"}],"replies":[{"embeddable":true,"href":"https:\/\/www.studiolongboard.com\/es\/wp-json\/wp\/v2\/comments?post=57281"}],"wp:featuredmedia":[{"embeddable":true,"href":"https:\/\/www.studiolongboard.com\/es\/wp-json\/wp\/v2\/media\/57282"}],"wp:attachment":[{"href":"https:\/\/www.studiolongboard.com\/es\/wp-json\/wp\/v2\/media?parent=57281"}],"wp:term":[{"taxonomy":"product_brand","embeddable":true,"href":"https:\/\/www.studiolongboard.com\/es\/wp-json\/wp\/v2\/product_brand?post=57281"},{"taxonomy":"product_cat","embeddable":true,"href":"https:\/\/www.studiolongboard.com\/es\/wp-json\/wp\/v2\/product_cat?post=57281"},{"taxonomy":"product_tag","embeddable":true,"href":"https:\/\/www.studiolongboard.com\/es\/wp-json\/wp\/v2\/product_tag?post=57281"}],"curies":[{"name":"wp","href":"https:\/\/api.w.org\/{rel}","templated":true}]}}