{"id":5722,"date":"2018-04-18T19:02:33","date_gmt":"2018-04-18T17:02:33","guid":{"rendered":"https:\/\/www.studiolongboard.com\/?post_type=product&#038;p=5722"},"modified":"2024-08-10T02:09:51","modified_gmt":"2024-08-10T00:09:51","slug":"blood-orange-midnight-65mm-82a","status":"publish","type":"product","link":"https:\/\/www.studiolongboard.com\/es\/shop\/longboards\/longboard-wheels\/blood-orange-midnight-65mm-82a\/","title":{"rendered":"BLOOD ORANGE Midnight Green 65mm 80a"},"content":{"rendered":"<h3>BLOOD ORANGE Midnight Green 65mm 80a<\/h3>\n<p>Liam Morgan Pro Midnight Series \u2013 High Performance Slide Wheels \u2013<\/p>\n<p>Diese Rollen hat Blood Orange zusammen mit dem Teamrider Liam Morgan, einem der weltbesten Freeride-Skater, designt und entwickelt.<\/p>\n<p>Die Urethan-Formel erlaubt dir einen \u201esugary slide\u201c und durch den gro\u00dfen Kern bleibt die Rolle w\u00e4hrend des Slidens l\u00e4nger stabil. Liam, als \u201eall around skater\u201c war wichtig, dass die Rollen nicht nur zum Sliden gut sind, sondern jeder Herausforderung gewachsen sind.<\/p>\n<ul>\n<li>Farbe : Midnight Green, schwarzer Kern<\/li>\n<li>H\u00e4rtegrad: 80a<\/li>\n<li>Di\u00e1metro: 65 mm<\/li>\n<li>Contact Patch: 31mm<\/li>\n<\/ul>\n<p>&nbsp;<\/p>","protected":false},"excerpt":{"rendered":"<p>BLOOD ORANGE Midnight Green 65mm 80a Liam Morgan Pro Midnight Series \u2013 High Performance Slide Wheels \u2013 Diese Rollen hat Blood Orange zusammen mit dem Teamrider Liam Morgan, einem der weltbesten Freeride-Skater, designt und entwickelt. Die Urethan-Formel erlaubt dir einen \u201esugary slide\u201c und durch den gro\u00dfen Kern bleibt die Rolle w\u00e4hrend des Slidens l\u00e4nger stabil. [&#8230;]\n","protected":false},"featured_media":21907,"comment_status":"open","ping_status":"closed","template":"","meta":{"jetpack_post_was_ever_published":false,"jetpack_publicize_message":"","jetpack_publicize_feature_enabled":true,"jetpack_social_post_already_shared":true,"jetpack_social_options":{"image_generator_settings":{"template":"highway","default_image_id":0,"font":"","enabled":false},"version":2}},"product_brand":[],"product_cat":[311,317,687],"product_tag":[],"class_list":{"0":"post-5722","1":"product","2":"type-product","3":"status-publish","4":"has-post-thumbnail","6":"product_cat-longboards","7":"product_cat-longboard-wheels","8":"product_cat-sale","9":"product_shipping_class-paket-m","11":"first","12":"outofstock","13":"sale","14":"taxable","15":"shipping-taxable","16":"purchasable","17":"product-type-simple"},"composite_virtual":false,"composite_layout":"","composite_add_to_cart_form_location":"","composite_editable_in_cart":false,"composite_sold_individually_context":"","composite_shop_price_calc":"","composite_components":[],"composite_scenarios":[],"booking_location":null,"booking_location_type":null,"booking_duration":null,"booking_duration_unit":null,"booking_buffer":null,"booking_cost":null,"booking_resources":null,"jetpack_publicize_connections":[],"jetpack_sharing_enabled":true,"_links":{"self":[{"href":"https:\/\/www.studiolongboard.com\/es\/wp-json\/wp\/v2\/product\/5722","targetHints":{"allow":["GET"]}}],"collection":[{"href":"https:\/\/www.studiolongboard.com\/es\/wp-json\/wp\/v2\/product"}],"about":[{"href":"https:\/\/www.studiolongboard.com\/es\/wp-json\/wp\/v2\/types\/product"}],"replies":[{"embeddable":true,"href":"https:\/\/www.studiolongboard.com\/es\/wp-json\/wp\/v2\/comments?post=5722"}],"wp:featuredmedia":[{"embeddable":true,"href":"https:\/\/www.studiolongboard.com\/es\/wp-json\/wp\/v2\/media\/21907"}],"wp:attachment":[{"href":"https:\/\/www.studiolongboard.com\/es\/wp-json\/wp\/v2\/media?parent=5722"}],"wp:term":[{"taxonomy":"product_brand","embeddable":true,"href":"https:\/\/www.studiolongboard.com\/es\/wp-json\/wp\/v2\/product_brand?post=5722"},{"taxonomy":"product_cat","embeddable":true,"href":"https:\/\/www.studiolongboard.com\/es\/wp-json\/wp\/v2\/product_cat?post=5722"},{"taxonomy":"product_tag","embeddable":true,"href":"https:\/\/www.studiolongboard.com\/es\/wp-json\/wp\/v2\/product_tag?post=5722"}],"curies":[{"name":"wp","href":"https:\/\/api.w.org\/{rel}","templated":true}]}}