{"id":5711,"date":"2018-04-18T18:30:49","date_gmt":"2018-04-18T16:30:49","guid":{"rendered":"https:\/\/www.studiolongboard.com\/?post_type=product&#038;p=5711"},"modified":"2026-04-04T16:18:16","modified_gmt":"2026-04-04T14:18:16","slug":"blood-orange-morgan-pro-65mm-84a","status":"publish","type":"product","link":"https:\/\/www.studiolongboard.com\/es\/shop\/longboards\/longboard-wheels\/blood-orange-morgan-pro-65mm-84a\/","title":{"rendered":"NARANJA SANGRE Coral pastel 65mm 84a"},"content":{"rendered":"<h3>NARANJA SANGRE Coral pastel 65mm 84a<\/h3>\n<p>juego de 4<br \/>\nPastel &#8211; Coral<\/p>\n<p>Produktinformationen<br \/>\nGr\u00f6\u00dfe: 65 x 31mm<br \/>\nH\u00e4rte: 84A<br \/>\nFarbe: Coral<br \/>\nMade in USA<\/p>\n<p><img loading=\"lazy\" decoding=\"async\" class=\"aligncenter size-large wp-image-5737\" src=\"https:\/\/www.studiolongboard.com\/wp-content\/uploads\/2018\/05\/BO-Pastels-Web-Banner-2.33-1-1024x440.jpg\" alt=\"\" width=\"640\" height=\"275\" \/><\/p>","protected":false},"excerpt":{"rendered":"<p>BLOOD ORANGE Pastel Coral 65mm 84a set of 4 Pastel &#8211; Coral Produktinformationen Gr\u00f6\u00dfe: 65 x 31mm H\u00e4rte: 84A Farbe: Coral Made in USA<\/p>","protected":false},"featured_media":5710,"comment_status":"open","ping_status":"closed","template":"","meta":{"jetpack_post_was_ever_published":false,"jetpack_publicize_message":"","jetpack_publicize_feature_enabled":true,"jetpack_social_post_already_shared":true,"jetpack_social_options":{"image_generator_settings":{"template":"highway","default_image_id":0,"font":"","enabled":false},"version":2}},"product_brand":[9123],"product_cat":[311,317],"product_tag":[],"class_list":{"0":"post-5711","1":"product","2":"type-product","3":"status-publish","4":"has-post-thumbnail","6":"product_brand-blood-orange","7":"product_cat-longboards","8":"product_cat-longboard-wheels","9":"product_shipping_class-paket-m","11":"first","12":"outofstock","13":"taxable","14":"shipping-taxable","15":"purchasable","16":"product-type-simple"},"composite_virtual":false,"composite_layout":"","composite_add_to_cart_form_location":"","composite_editable_in_cart":false,"composite_sold_individually_context":"","composite_shop_price_calc":"","composite_components":[],"composite_scenarios":[],"booking_location":null,"booking_location_type":null,"booking_duration":null,"booking_duration_unit":null,"booking_buffer":null,"booking_cost":null,"booking_resources":null,"jetpack_publicize_connections":[],"jetpack_sharing_enabled":true,"_links":{"self":[{"href":"https:\/\/www.studiolongboard.com\/es\/wp-json\/wp\/v2\/product\/5711","targetHints":{"allow":["GET"]}}],"collection":[{"href":"https:\/\/www.studiolongboard.com\/es\/wp-json\/wp\/v2\/product"}],"about":[{"href":"https:\/\/www.studiolongboard.com\/es\/wp-json\/wp\/v2\/types\/product"}],"replies":[{"embeddable":true,"href":"https:\/\/www.studiolongboard.com\/es\/wp-json\/wp\/v2\/comments?post=5711"}],"wp:featuredmedia":[{"embeddable":true,"href":"https:\/\/www.studiolongboard.com\/es\/wp-json\/wp\/v2\/media\/5710"}],"wp:attachment":[{"href":"https:\/\/www.studiolongboard.com\/es\/wp-json\/wp\/v2\/media?parent=5711"}],"wp:term":[{"taxonomy":"product_brand","embeddable":true,"href":"https:\/\/www.studiolongboard.com\/es\/wp-json\/wp\/v2\/product_brand?post=5711"},{"taxonomy":"product_cat","embeddable":true,"href":"https:\/\/www.studiolongboard.com\/es\/wp-json\/wp\/v2\/product_cat?post=5711"},{"taxonomy":"product_tag","embeddable":true,"href":"https:\/\/www.studiolongboard.com\/es\/wp-json\/wp\/v2\/product_tag?post=5711"}],"curies":[{"name":"wp","href":"https:\/\/api.w.org\/{rel}","templated":true}]}}