{"id":5709,"date":"2018-04-18T18:26:24","date_gmt":"2018-04-18T16:26:24","guid":{"rendered":"https:\/\/www.studiolongboard.com\/?post_type=product&#038;p=5709"},"modified":"2026-04-08T18:35:59","modified_gmt":"2026-04-08T16:35:59","slug":"blood-orange-morgan-pro-65mm-82a","status":"publish","type":"product","link":"https:\/\/www.studiolongboard.com\/es\/shop\/longboards\/longboard-wheels\/blood-orange-morgan-pro-65mm-82a\/","title":{"rendered":"NARANJA SANGRE Lavanda pastel 65mm 82a"},"content":{"rendered":"<h3>NARANJA SANGRE Lavanda pastel 65mm 82a<\/h3>\n<p>NARANJA SANGRE Lavanda pastel 65mm 82a<\/p>\n<p>juego de 4<br \/>\nPastel &#8211; Lavendel<\/p>\n<p>Produktinformationen<br \/>\nGr\u00f6\u00dfe: 65 x 31mm<br \/>\nH\u00e4rte: 82A<br \/>\nFarbe: Lavendel<br \/>\nMade in USA<\/p>\n<p><img loading=\"lazy\" decoding=\"async\" class=\"aligncenter size-large wp-image-5737\" src=\"https:\/\/www.studiolongboard.com\/wp-content\/uploads\/2018\/05\/BO-Pastels-Web-Banner-2.33-1-1024x440.jpg\" alt=\"\" width=\"640\" height=\"275\" \/><\/p>","protected":false},"excerpt":{"rendered":"<p>BLOOD ORANGE Pastel Lavender 65mm 82a BLOOD ORANGE Pastel Lavender 65mm 82a set of 4 Pastel &#8211; Lavendel Produktinformationen Gr\u00f6\u00dfe: 65 x 31mm H\u00e4rte: 82A Farbe: Lavendel Made in USA<\/p>","protected":false},"featured_media":5712,"comment_status":"open","ping_status":"closed","template":"","meta":{"jetpack_post_was_ever_published":false,"jetpack_publicize_message":"","jetpack_publicize_feature_enabled":true,"jetpack_social_post_already_shared":true,"jetpack_social_options":{"image_generator_settings":{"template":"highway","default_image_id":0,"font":"","enabled":false},"version":2}},"product_brand":[9123],"product_cat":[317],"product_tag":[],"class_list":{"0":"post-5709","1":"product","2":"type-product","3":"status-publish","4":"has-post-thumbnail","6":"product_brand-blood-orange","7":"product_cat-longboard-wheels","8":"product_shipping_class-paket-m","10":"first","11":"outofstock","12":"taxable","13":"shipping-taxable","14":"purchasable","15":"product-type-simple"},"composite_virtual":false,"composite_layout":"","composite_add_to_cart_form_location":"","composite_editable_in_cart":false,"composite_sold_individually_context":"","composite_shop_price_calc":"","composite_components":[],"composite_scenarios":[],"booking_location":null,"booking_location_type":null,"booking_duration":null,"booking_duration_unit":null,"booking_buffer":null,"booking_cost":null,"booking_resources":null,"jetpack_publicize_connections":[],"jetpack_sharing_enabled":true,"_links":{"self":[{"href":"https:\/\/www.studiolongboard.com\/es\/wp-json\/wp\/v2\/product\/5709","targetHints":{"allow":["GET"]}}],"collection":[{"href":"https:\/\/www.studiolongboard.com\/es\/wp-json\/wp\/v2\/product"}],"about":[{"href":"https:\/\/www.studiolongboard.com\/es\/wp-json\/wp\/v2\/types\/product"}],"replies":[{"embeddable":true,"href":"https:\/\/www.studiolongboard.com\/es\/wp-json\/wp\/v2\/comments?post=5709"}],"wp:featuredmedia":[{"embeddable":true,"href":"https:\/\/www.studiolongboard.com\/es\/wp-json\/wp\/v2\/media\/5712"}],"wp:attachment":[{"href":"https:\/\/www.studiolongboard.com\/es\/wp-json\/wp\/v2\/media?parent=5709"}],"wp:term":[{"taxonomy":"product_brand","embeddable":true,"href":"https:\/\/www.studiolongboard.com\/es\/wp-json\/wp\/v2\/product_brand?post=5709"},{"taxonomy":"product_cat","embeddable":true,"href":"https:\/\/www.studiolongboard.com\/es\/wp-json\/wp\/v2\/product_cat?post=5709"},{"taxonomy":"product_tag","embeddable":true,"href":"https:\/\/www.studiolongboard.com\/es\/wp-json\/wp\/v2\/product_tag?post=5709"}],"curies":[{"name":"wp","href":"https:\/\/api.w.org\/{rel}","templated":true}]}}