{"id":5703,"date":"2018-04-18T00:59:07","date_gmt":"2018-04-17T22:59:07","guid":{"rendered":"https:\/\/www.studiolongboard.com\/?post_type=product&#038;p=5703"},"modified":"2025-12-31T14:07:22","modified_gmt":"2025-12-31T13:07:22","slug":"blood-orange-morgan-pro-70mm-84a","status":"publish","type":"product","link":"https:\/\/www.studiolongboard.com\/es\/shop\/longboards\/longboard-wheels\/blood-orange-morgan-pro-70mm-84a\/","title":{"rendered":"NARANJA SANGRE LMF Coral Pastel 70mm 84a Ruedas"},"content":{"rendered":"<h3>NARANJA SANGRE LMF Coral pastel 70mm 84a<\/h3>\n<div>juego de 4<\/div>\n<div>Pastel &#8211; Coral<\/div>\n<div><\/div>\n<div>\n<header>Produktinformationen<\/header>\n<div class=\"std\">Gr\u00f6\u00dfe: 70 x 31mm<br \/>\nH\u00e4rte: 84A<br \/>\nFarbe: Coral<br \/>\nMade in USA<\/div>\n<\/div>\n<div><img loading=\"lazy\" decoding=\"async\" class=\"aligncenter wp-image-5737 size-large\" src=\"https:\/\/www.studiolongboard.com\/wp-content\/uploads\/2018\/05\/BO-Pastels-Web-Banner-2.33-1-1024x440.jpg\" alt=\"\" width=\"640\" height=\"275\" \/><\/div>","protected":false},"excerpt":{"rendered":"<p>BLOOD ORANGE LMF Pastel Coral 70mm 84a set of 4 Pastel &#8211; Coral Produktinformationen Gr\u00f6\u00dfe: 70 x 31mm H\u00e4rte: 84A Farbe: Coral Made in USA<\/p>","protected":false},"featured_media":5705,"comment_status":"open","ping_status":"closed","template":"","meta":{"jetpack_post_was_ever_published":false,"jetpack_publicize_message":"","jetpack_publicize_feature_enabled":true,"jetpack_social_post_already_shared":true,"jetpack_social_options":{"image_generator_settings":{"template":"highway","default_image_id":0,"font":"","enabled":false},"version":2}},"product_brand":[9123],"product_cat":[317],"product_tag":[],"class_list":{"0":"post-5703","1":"product","2":"type-product","3":"status-publish","4":"has-post-thumbnail","6":"product_brand-blood-orange","7":"product_cat-longboard-wheels","8":"product_shipping_class-paket-m","10":"first","11":"instock","12":"taxable","13":"shipping-taxable","14":"purchasable","15":"product-type-simple"},"composite_virtual":false,"composite_layout":"","composite_add_to_cart_form_location":"","composite_editable_in_cart":false,"composite_sold_individually_context":"","composite_shop_price_calc":"","composite_components":[],"composite_scenarios":[],"booking_location":null,"booking_location_type":null,"booking_duration":null,"booking_duration_unit":null,"booking_buffer":null,"booking_cost":null,"booking_resources":null,"jetpack_publicize_connections":[],"jetpack_sharing_enabled":true,"_links":{"self":[{"href":"https:\/\/www.studiolongboard.com\/es\/wp-json\/wp\/v2\/product\/5703","targetHints":{"allow":["GET"]}}],"collection":[{"href":"https:\/\/www.studiolongboard.com\/es\/wp-json\/wp\/v2\/product"}],"about":[{"href":"https:\/\/www.studiolongboard.com\/es\/wp-json\/wp\/v2\/types\/product"}],"replies":[{"embeddable":true,"href":"https:\/\/www.studiolongboard.com\/es\/wp-json\/wp\/v2\/comments?post=5703"}],"wp:featuredmedia":[{"embeddable":true,"href":"https:\/\/www.studiolongboard.com\/es\/wp-json\/wp\/v2\/media\/5705"}],"wp:attachment":[{"href":"https:\/\/www.studiolongboard.com\/es\/wp-json\/wp\/v2\/media?parent=5703"}],"wp:term":[{"taxonomy":"product_brand","embeddable":true,"href":"https:\/\/www.studiolongboard.com\/es\/wp-json\/wp\/v2\/product_brand?post=5703"},{"taxonomy":"product_cat","embeddable":true,"href":"https:\/\/www.studiolongboard.com\/es\/wp-json\/wp\/v2\/product_cat?post=5703"},{"taxonomy":"product_tag","embeddable":true,"href":"https:\/\/www.studiolongboard.com\/es\/wp-json\/wp\/v2\/product_tag?post=5703"}],"curies":[{"name":"wp","href":"https:\/\/api.w.org\/{rel}","templated":true}]}}