{"id":53958,"date":"2025-02-26T18:48:41","date_gmt":"2025-02-26T17:48:41","guid":{"rendered":"https:\/\/www.studiolongboard.com\/?post_type=product&#038;p=53958"},"modified":"2025-03-03T11:12:22","modified_gmt":"2025-03-03T10:12:22","slug":"rockasocks-dawn-od-decay-socken","status":"publish","type":"product","link":"https:\/\/www.studiolongboard.com\/es\/shop\/streetwear\/socks\/rockasocks-dawn-od-decay-socken\/","title":{"rendered":"Rockasocks Dawn of Decay Socken"},"content":{"rendered":"<h2>Rockasocks Dawn of Decay Socken<\/h2>\n<p>Kniehohe\u00a0<strong>DAWN OF DECAY<\/strong>\u00a0Socken mit gruseligem allover Totenkopf Arrangement und rot abgesetztem Bund. F\u00fcr alle, die es sch\u00f6n d\u00fcster und schaurig lieben!<\/p>\n<p>Original\u00a0<strong>ROCKASOX\u00a0<\/strong>Kniestr\u00fcmpfe &#8211; nur echt mit der eingestickten Flamme am Bund!<\/p>\n<p>100% Qualit\u00e4t Made in Germany!<\/p>\n<p><img loading=\"lazy\" decoding=\"async\" class=\"alignleft size-medium wp-image-23094\" src=\"https:\/\/www.studiolongboard.com\/wp-content\/uploads\/2023\/03\/Sizes-Spiro76_1-300x114.jpeg\" alt=\"\" width=\"300\" height=\"114\" srcset=\"https:\/\/www.studiolongboard.com\/wp-content\/uploads\/2023\/03\/Sizes-Spiro76_1-300x114.jpeg 300w, https:\/\/www.studiolongboard.com\/wp-content\/uploads\/2023\/03\/Sizes-Spiro76_1-510x194.jpeg 510w, https:\/\/www.studiolongboard.com\/wp-content\/uploads\/2023\/03\/Sizes-Spiro76_1.jpeg 630w\" sizes=\"auto, (max-width: 300px) 100vw, 300px\" \/><\/p>","protected":false},"excerpt":{"rendered":"<p>EU Gr\u00f6\u00dfen:<br \/>\nS: 35 &#8211; 38<br \/>\nM: 39 &#8211; 42<br \/>\nL: 43 &#8211; 46<\/p>","protected":false},"featured_media":53962,"comment_status":"closed","ping_status":"closed","template":"","meta":{"jetpack_post_was_ever_published":false,"jetpack_publicize_message":"","jetpack_publicize_feature_enabled":true,"jetpack_social_post_already_shared":true,"jetpack_social_options":{"image_generator_settings":{"template":"highway","default_image_id":0,"font":"","enabled":false},"version":2}},"product_brand":[9136],"product_cat":[320,533,8875],"product_tag":[],"class_list":{"0":"post-53958","1":"product","2":"type-product","3":"status-publish","4":"has-post-thumbnail","6":"product_brand-rockasox","7":"product_cat-accessories","8":"product_cat-streetwear","9":"product_cat-socks","10":"product_shipping_class-paket-m","12":"first","13":"instock","14":"taxable","15":"shipping-taxable","16":"purchasable","17":"product-type-variable"},"composite_virtual":false,"composite_layout":"","composite_add_to_cart_form_location":"","composite_editable_in_cart":false,"composite_sold_individually_context":"","composite_shop_price_calc":"","composite_components":[],"composite_scenarios":[],"booking_location":null,"booking_location_type":null,"booking_duration":null,"booking_duration_unit":null,"booking_buffer":null,"booking_cost":null,"booking_resources":null,"jetpack_publicize_connections":[],"jetpack_sharing_enabled":true,"_links":{"self":[{"href":"https:\/\/www.studiolongboard.com\/es\/wp-json\/wp\/v2\/product\/53958","targetHints":{"allow":["GET"]}}],"collection":[{"href":"https:\/\/www.studiolongboard.com\/es\/wp-json\/wp\/v2\/product"}],"about":[{"href":"https:\/\/www.studiolongboard.com\/es\/wp-json\/wp\/v2\/types\/product"}],"replies":[{"embeddable":true,"href":"https:\/\/www.studiolongboard.com\/es\/wp-json\/wp\/v2\/comments?post=53958"}],"wp:featuredmedia":[{"embeddable":true,"href":"https:\/\/www.studiolongboard.com\/es\/wp-json\/wp\/v2\/media\/53962"}],"wp:attachment":[{"href":"https:\/\/www.studiolongboard.com\/es\/wp-json\/wp\/v2\/media?parent=53958"}],"wp:term":[{"taxonomy":"product_brand","embeddable":true,"href":"https:\/\/www.studiolongboard.com\/es\/wp-json\/wp\/v2\/product_brand?post=53958"},{"taxonomy":"product_cat","embeddable":true,"href":"https:\/\/www.studiolongboard.com\/es\/wp-json\/wp\/v2\/product_cat?post=53958"},{"taxonomy":"product_tag","embeddable":true,"href":"https:\/\/www.studiolongboard.com\/es\/wp-json\/wp\/v2\/product_tag?post=53958"}],"curies":[{"name":"wp","href":"https:\/\/api.w.org\/{rel}","templated":true}]}}