{"id":4825,"date":"2017-07-13T14:28:04","date_gmt":"2017-07-13T12:28:04","guid":{"rendered":"https:\/\/www.studiolongboard.com\/?post_type=product&#038;p=4825"},"modified":"2025-04-04T14:46:23","modified_gmt":"2025-04-04T12:46:23","slug":"powell-peralta-ssf-snakes-75a-white","status":"publish","type":"product","link":"https:\/\/www.studiolongboard.com\/es\/shop\/longboards\/longboard-wheels\/powell-peralta-ssf-snakes-75a-white\/","title":{"rendered":"POWELL PERALTA SSF Serpientes 75a blanco"},"content":{"rendered":"<h3>POWELL PERALTA SSF Serpientes 75a blanco<\/h3>\n<p>Die Snakes von Powell Peralta sind f\u00fcr wirklich alles zu haben und sind sich f\u00fcr nichts zu schade. Ob schnelle, lange slides oder kurze, langsame. Durch ihre Soft Slide Formula rutschen diese Rollen unvergleichlich smooth und bieten dir auch bei schnelleren abfahrten eine geniale Performance. Mit ihrer Gr\u00f6\u00dfe von 66 mm kann man sie auch sehr sch\u00f6n zum dancen und freestylen verwenden. Dank ihrer extremen haltbarkeit ist diese Rolle auch sehr gut f\u00fcr Anf\u00e4nger geeignet. Mit diese Rollen wirst du lange deinen Spa\u00df haben.<\/p>\n<p>Die Rollen sind ebenfalls in <a href=\"https:\/\/www.studiolongboard.com\/es\/product-2\/powell-peralta-sff-snakes-75a-green\/\">Gr\u00fcn<\/a> y <a href=\"https:\/\/www.studiolongboard.com\/es\/product-2\/powell-peralta-sff-snakes-75a-red\/\">Rot<\/a> bei uns erh\u00e4ltlich.<\/p>\n<p>H\u00e4rte: 75a<\/p>\n<p>Gr\u00f6\u00dfe: 66mm oder 69 mm<\/p>","protected":false},"excerpt":{"rendered":"<p>POWELL PERALTA SSF Snakes 75a white Die Snakes von Powell Peralta sind f\u00fcr wirklich alles zu haben und sind sich f\u00fcr nichts zu schade. Ob schnelle, lange slides oder kurze, langsame. Durch ihre Soft Slide Formula rutschen diese Rollen unvergleichlich smooth und bieten dir auch bei schnelleren abfahrten eine geniale Performance. Mit ihrer Gr\u00f6\u00dfe von [&#8230;]\n","protected":false},"featured_media":15093,"comment_status":"open","ping_status":"closed","template":"","meta":{"jetpack_post_was_ever_published":false,"jetpack_publicize_message":"","jetpack_publicize_feature_enabled":true,"jetpack_social_post_already_shared":false,"jetpack_social_options":{"image_generator_settings":{"template":"highway","default_image_id":0,"font":"","enabled":false},"version":2}},"product_brand":[],"product_cat":[687,311,317],"product_tag":[375],"class_list":{"0":"post-4825","1":"product","2":"type-product","3":"status-publish","4":"has-post-thumbnail","6":"product_cat-sale","7":"product_cat-longboards","8":"product_cat-longboard-wheels","9":"product_tag-slide-rollen","10":"product_shipping_class-paket-m","12":"first","13":"outofstock","14":"taxable","15":"shipping-taxable","16":"product-type-variable"},"composite_virtual":false,"composite_layout":"","composite_add_to_cart_form_location":"","composite_editable_in_cart":false,"composite_sold_individually_context":"","composite_shop_price_calc":"","composite_components":[],"composite_scenarios":[],"booking_location":null,"booking_location_type":null,"booking_duration":null,"booking_duration_unit":null,"booking_buffer":null,"booking_cost":null,"booking_resources":null,"jetpack_publicize_connections":[],"jetpack_sharing_enabled":true,"_links":{"self":[{"href":"https:\/\/www.studiolongboard.com\/es\/wp-json\/wp\/v2\/product\/4825","targetHints":{"allow":["GET"]}}],"collection":[{"href":"https:\/\/www.studiolongboard.com\/es\/wp-json\/wp\/v2\/product"}],"about":[{"href":"https:\/\/www.studiolongboard.com\/es\/wp-json\/wp\/v2\/types\/product"}],"replies":[{"embeddable":true,"href":"https:\/\/www.studiolongboard.com\/es\/wp-json\/wp\/v2\/comments?post=4825"}],"wp:featuredmedia":[{"embeddable":true,"href":"https:\/\/www.studiolongboard.com\/es\/wp-json\/wp\/v2\/media\/15093"}],"wp:attachment":[{"href":"https:\/\/www.studiolongboard.com\/es\/wp-json\/wp\/v2\/media?parent=4825"}],"wp:term":[{"taxonomy":"product_brand","embeddable":true,"href":"https:\/\/www.studiolongboard.com\/es\/wp-json\/wp\/v2\/product_brand?post=4825"},{"taxonomy":"product_cat","embeddable":true,"href":"https:\/\/www.studiolongboard.com\/es\/wp-json\/wp\/v2\/product_cat?post=4825"},{"taxonomy":"product_tag","embeddable":true,"href":"https:\/\/www.studiolongboard.com\/es\/wp-json\/wp\/v2\/product_tag?post=4825"}],"curies":[{"name":"wp","href":"https:\/\/api.w.org\/{rel}","templated":true}]}}