{"id":45382,"date":"2025-01-29T13:30:04","date_gmt":"2025-01-29T12:30:04","guid":{"rendered":"https:\/\/www.studiolongboard.com\/?post_type=product&#038;p=45382"},"modified":"2026-01-15T20:12:16","modified_gmt":"2026-01-15T19:12:16","slug":"seismic-fullspin-7-ball-ceramic-xt-built-in-bearings","status":"publish","type":"product","link":"https:\/\/www.studiolongboard.com\/es\/shop\/accessories\/kugellager\/seismic-fullspin-7-ball-ceramic-xt-built-in-bearings\/","title":{"rendered":"SEISMIC Fullspin 7-Ball Ceramic XT Built-In Bearings"},"content":{"rendered":"<h2>SEISMIC Fullspin 7-Ball Ceramic XT Built-In Bearings<\/h2>\n<p>SEISMIC Fullspin 7-Ball Ceramic XT Built-In Bearings come with the 7-Ball system \u2013 Best overall balance of speed and resistance to frequent impacts and side loads. Recommended for high-speed turning \/ sliding and all style \/ trick disciplines.<\/p>\n<p>Premium Ceramic balls \u2013 Lighter, smoother, harder, lower in friction, self-lubricating, more heat-resistant, completely rustproof. Increased acceleration, speed, and durability versus Steel balls.<\/p>\n<p>Tolerancias de montaje y pista de rodadura excepcionalmente ajustadas y constantes - Juego interno, fricci\u00f3n, desgaste y ruido significativamente menores. Velocidad, manejo y durabilidad superiores.<\/p>\n<p>Acero extra-resistente y anillos exteriores m\u00e1s gruesos - Las pistas de rodadura mantienen la curvatura m\u00e1s estricta y el acabado superficial m\u00e1s fino - y los rodamientos permanecen apretados y r\u00e1pidos - durante mucho m\u00e1s tiempo. Los anillos exteriores 60%, m\u00e1s gruesos y r\u00edgidos, resisten la flexi\u00f3n, giran m\u00e1s r\u00e1pido y con mayor precisi\u00f3n y evitan que las juntas salten en caso de impactos extremos.<\/p>\n<p>Next-level patented Built-In spacing \/ alignment system \u2013 Built-in half-spacers with extra-wide flanged ends square up inside wheels with more than double the contact area of ordinary Built-In interfaces \u2013 powering absolutely unparalleled alignment precision and stability. System levels and steadies all working components of seated bearings far better than any other design (Built-In or Classic), to unleash near-perfectly optimized paired performance. Synergizes with all advanced features in individual bearings to maintain exceptionally consistent wheel contact and grip; support extremely predictable slide performance; and noticeably extend both wheel and bearing life.<\/p>\n<p>Lubricante de alta gama - Formulado para obtener el m\u00e1ximo rendimiento en condiciones reales de patinaje (no durante el tiempo m\u00e1ximo de giro libre).<\/p>\n<p>Juntas exteriores de tipo laberinto: los bordes de las juntas se introducen en ranuras en forma de V para ofrecer la m\u00e1xima resistencia al polvo y los residuos.<\/p>\n<p>Next-level anti-contaminant ball retainers \u2013 Expanded outer diameter slots into groove in outer ring just like a second seal, to form a unique integral barrier against dirt and grime<\/p>\n<p>Con pocas excepciones, otras marcas de patines son simplemente \"turistas\" en lo que se refiere a los rodamientos, ya que se abastecen de productos medios de terceros o de peque\u00f1os productores, con poca o ninguna aportaci\u00f3n en cuanto a especificaciones de ingenier\u00eda y fabricaci\u00f3n.<\/p>\n<p>Una vez que se rasca la superficie, los rodamientos se vuelven tremendamente t\u00e9cnicos, tanto que las marcas sin escr\u00fapulos a menudo pueden salirse con la suya con simplificaciones excesivas, afirmaciones enga\u00f1osas o exageradas y falsedades absolutas. Pero en Seismic llevan desde 2011 investigando la ciencia y los hechos, e innovando en tecnolog\u00eda superior de rodamientos para patines.<\/p>","protected":false},"excerpt":{"rendered":"<p>SEISMIC Fullspin 7-Ball Ceramic XT Built-In Bearings SEISMIC Fullspin 7-Ball Ceramic XT Built-In Bearings come with the 7-Ball system \u2013 Best overall balance of speed and resistance to frequent impacts and side loads. Recommended for high-speed turning \/ sliding and all style \/ trick disciplines. Premium Ceramic balls \u2013 Lighter, smoother, harder, lower in friction, [&#8230;]\n","protected":false},"featured_media":45385,"comment_status":"open","ping_status":"closed","template":"","meta":{"jetpack_post_was_ever_published":false,"jetpack_publicize_message":"SEISMIC Fullspin 7-Ball Ceramic XT Built-In Bearings","jetpack_publicize_feature_enabled":true,"jetpack_social_post_already_shared":true,"jetpack_social_options":{"image_generator_settings":{"template":"highway","default_image_id":0,"font":"","enabled":false},"version":2}},"product_brand":[9144],"product_cat":[320,4130],"product_tag":[8458,9113,9114,638,786,2276],"class_list":{"0":"post-45382","1":"product","2":"type-product","3":"status-publish","4":"has-post-thumbnail","6":"product_brand-seismic","7":"product_cat-accessories","8":"product_cat-kugellager","9":"product_tag-7-ball","10":"product_tag-high-end","11":"product_tag-fullspin","12":"product_tag-ceramic","13":"product_tag-built-in-spacer","14":"product_tag-precision","15":"product_shipping_class-paket-m","17":"first","18":"instock","19":"taxable","20":"shipping-taxable","21":"purchasable","22":"product-type-simple"},"composite_virtual":false,"composite_layout":"","composite_add_to_cart_form_location":"","composite_editable_in_cart":false,"composite_sold_individually_context":"","composite_shop_price_calc":"","composite_components":[],"composite_scenarios":[],"booking_location":null,"booking_location_type":null,"booking_duration":null,"booking_duration_unit":null,"booking_buffer":null,"booking_cost":null,"booking_resources":null,"jetpack_publicize_connections":[],"jetpack_sharing_enabled":true,"_links":{"self":[{"href":"https:\/\/www.studiolongboard.com\/es\/wp-json\/wp\/v2\/product\/45382","targetHints":{"allow":["GET"]}}],"collection":[{"href":"https:\/\/www.studiolongboard.com\/es\/wp-json\/wp\/v2\/product"}],"about":[{"href":"https:\/\/www.studiolongboard.com\/es\/wp-json\/wp\/v2\/types\/product"}],"replies":[{"embeddable":true,"href":"https:\/\/www.studiolongboard.com\/es\/wp-json\/wp\/v2\/comments?post=45382"}],"wp:featuredmedia":[{"embeddable":true,"href":"https:\/\/www.studiolongboard.com\/es\/wp-json\/wp\/v2\/media\/45385"}],"wp:attachment":[{"href":"https:\/\/www.studiolongboard.com\/es\/wp-json\/wp\/v2\/media?parent=45382"}],"wp:term":[{"taxonomy":"product_brand","embeddable":true,"href":"https:\/\/www.studiolongboard.com\/es\/wp-json\/wp\/v2\/product_brand?post=45382"},{"taxonomy":"product_cat","embeddable":true,"href":"https:\/\/www.studiolongboard.com\/es\/wp-json\/wp\/v2\/product_cat?post=45382"},{"taxonomy":"product_tag","embeddable":true,"href":"https:\/\/www.studiolongboard.com\/es\/wp-json\/wp\/v2\/product_tag?post=45382"}],"curies":[{"name":"wp","href":"https:\/\/api.w.org\/{rel}","templated":true}]}}