{"id":4063,"date":"2017-03-21T17:30:06","date_gmt":"2017-03-21T16:30:06","guid":{"rendered":"https:\/\/www.studiolongboard.com\/?post_type=product&#038;p=4063"},"modified":"2025-11-03T18:53:38","modified_gmt":"2025-11-03T17:53:38","slug":"landyachtz-dinghy-emboss","status":"publish","type":"product","link":"https:\/\/www.studiolongboard.com\/es\/shop\/longboards\/komplett-longboards\/kinder-longboards\/landyachtz-dinghy-emboss\/","title":{"rendered":"LANDYACHTZ Dinghy Emboss"},"content":{"rendered":"<h2>LANDYACHTZ Dinghy Emboss<\/h2>\n<p>LANDYACHTZ Dinghy Emboss ist ein Mini-Cruiser der edlen Art. Mit Landyachtz Deck, Hawgs Wheels und Bear Trucks l\u00e4sst das setup keine W\u00fcnsche \u00fcbrig. Die dezent schwarze Graphik macht das Board zu einem Kultobjekt.<\/p>\n<p>&nbsp;<\/p>\n<p>28.5&#8243; Length I 8&#8243; Width I 14.6&#8243; Wheelbase<\/p>\n<p>100% Canadian Maple<\/p>\n<p>Embossed Graphic<\/p>","protected":false},"excerpt":{"rendered":"<p>LANDYACHTZ Dinghy Emboss LANDYACHTZ Dinghy Emboss ist ein Mini-Cruiser der edlen Art. Mit Landyachtz Deck, Hawgs Wheels und Bear Trucks l\u00e4sst das setup keine W\u00fcnsche \u00fcbrig. Die dezent schwarze Graphik macht das Board zu einem Kultobjekt. &nbsp; 28.5&#8243; Length I 8&#8243; Width I 14.6&#8243; Wheelbase 100% Canadian Maple Embossed Graphic<\/p>","protected":false},"featured_media":23250,"comment_status":"closed","ping_status":"closed","template":"","meta":{"jetpack_post_was_ever_published":false,"jetpack_publicize_message":"","jetpack_publicize_feature_enabled":true,"jetpack_social_post_already_shared":false,"jetpack_social_options":{"image_generator_settings":{"template":"highway","default_image_id":0,"font":"","enabled":false},"version":2}},"product_brand":[],"product_cat":[310,8641,311,8643,312,9086,319],"product_tag":[],"class_list":{"0":"post-4063","1":"product","2":"type-product","3":"status-publish","4":"has-post-thumbnail","6":"product_cat-komplett-longboards","7":"product_cat-kinder-longboards","8":"product_cat-longboards","9":"product_cat-mini-cruiser","10":"product_cat-skateboards","11":"product_cat-cruiser-skateboards","12":"product_cat-komplett-skateboards","13":"product_shipping_class-paket","15":"first","16":"outofstock","17":"taxable","18":"shipping-taxable","19":"purchasable","20":"product-type-simple"},"composite_virtual":false,"composite_layout":"","composite_add_to_cart_form_location":"","composite_editable_in_cart":false,"composite_sold_individually_context":"","composite_shop_price_calc":"","composite_components":[],"composite_scenarios":[],"booking_location":null,"booking_location_type":null,"booking_duration":null,"booking_duration_unit":null,"booking_buffer":null,"booking_cost":null,"booking_resources":null,"jetpack_publicize_connections":[],"jetpack_sharing_enabled":true,"_links":{"self":[{"href":"https:\/\/www.studiolongboard.com\/es\/wp-json\/wp\/v2\/product\/4063","targetHints":{"allow":["GET"]}}],"collection":[{"href":"https:\/\/www.studiolongboard.com\/es\/wp-json\/wp\/v2\/product"}],"about":[{"href":"https:\/\/www.studiolongboard.com\/es\/wp-json\/wp\/v2\/types\/product"}],"replies":[{"embeddable":true,"href":"https:\/\/www.studiolongboard.com\/es\/wp-json\/wp\/v2\/comments?post=4063"}],"wp:featuredmedia":[{"embeddable":true,"href":"https:\/\/www.studiolongboard.com\/es\/wp-json\/wp\/v2\/media\/23250"}],"wp:attachment":[{"href":"https:\/\/www.studiolongboard.com\/es\/wp-json\/wp\/v2\/media?parent=4063"}],"wp:term":[{"taxonomy":"product_brand","embeddable":true,"href":"https:\/\/www.studiolongboard.com\/es\/wp-json\/wp\/v2\/product_brand?post=4063"},{"taxonomy":"product_cat","embeddable":true,"href":"https:\/\/www.studiolongboard.com\/es\/wp-json\/wp\/v2\/product_cat?post=4063"},{"taxonomy":"product_tag","embeddable":true,"href":"https:\/\/www.studiolongboard.com\/es\/wp-json\/wp\/v2\/product_tag?post=4063"}],"curies":[{"name":"wp","href":"https:\/\/api.w.org\/{rel}","templated":true}]}}