{"id":34545,"date":"2024-12-18T17:38:46","date_gmt":"2024-12-18T16:38:46","guid":{"rendered":"https:\/\/www.studiolongboard.com\/?post_type=product&#038;p=34545"},"modified":"2025-12-31T13:24:20","modified_gmt":"2025-12-31T12:24:20","slug":"arbor-cruiser-solstice-b4bc-pilsner","status":"publish","type":"product","link":"https:\/\/www.studiolongboard.com\/es\/shop\/longboards\/komplett-longboards\/kinder-longboards\/arbor-cruiser-solstice-b4bc-pilsner\/","title":{"rendered":"ARBOR Cruiser Solstice B4BC Pilsner"},"content":{"rendered":"<h2>ARBOR Cruiser Solstice B4BC Pilsner<\/h2>\n<p>ARBOR Cruiser Solstice B4BC Pilsner ist ein hochwertiges Skateboard, das sich ideal f\u00fcr entspanntes Cruisen, lockeres Carven aber auch f\u00fcr leichte Tricks eignet.<\/p>\n<p>&#8211; Gefertigt aus nachhaltigem Hardrock-Ahornholz f\u00fcr optimale Stabilit\u00e4t und Flexibilit\u00e4t.<br \/>\n&#8211; Hochwertiges Solstice-Design in Zusammenarbeit mit <strong>Boarding for Breast Cancer (B4BC<\/strong>) \u2013 ein Teil des Erl\u00f6ses wird f\u00fcr Brustkrebspr\u00e4vention und Bewusstseinsbildung gespendet.<br \/>\n&#8211; Deck-Oberfl\u00e4che mit einem eleganten, klaren Grip, der die nat\u00fcrliche Holzmaserung sichtbar l\u00e4sst.<\/p>\n<p>Abmessungen:<br \/>\n&#8211; L\u00e4nge: 28.75 Zoll (ca. 73 cm).<br \/>\n&#8211; Breite: 8.25 Zoll (ca. 21 cm).<br \/>\n&#8211; Radstand: 15.25 Zoll (ca. 38,7 cm) \u2013 f\u00fcr eine perfekte Balance zwischen Stabilit\u00e4t und Wendigkeit.<\/p>\n<p>Setup:<br \/>\nAchsen: Paris Street Trucks \u2013 pr\u00e4zise und zuverl\u00e4ssig f\u00fcr geschmeidige Turns.<br \/>\nRollen: Arbor Easyrider Bogart 61mm\/78A \u2013 ideal f\u00fcr sanftes Rollen auch auf rauem Untergrund.<br \/>\nKugellager: ABEC-7 f\u00fcr fl\u00fcssiges und schnelles Fahren.<\/p>\n<p>Nachhaltigkeit:<br \/>\n&#8211; ARBOR setzt auf umweltfreundliche Produktionsverfahren und nachhaltige Materialien.<br \/>\n&#8211; Deck-Laminierung mit umweltfreundlichem Bio-Resin.<\/p>\n<p>Der ARBOR Cucharon 32&#8243; vereint Qualit\u00e4t, \u00c4sthetik und Umweltbewusstsein in einem kompakten Cruiser, der sowohl Spa\u00df als auch ein gutes Gewissen bietet. Ob als Geschenk oder f\u00fcr die eigene Sammlung \u2013 dieses Board ist eine stilvolle und funktionale Wahl!<\/p>\n<p>&nbsp;<\/p>\n<p>L: 28.75&#8243; | W: 8.25&#8243; | WB: 15.25&#8243;<\/p>\n<p>Acabado de palisandro de primera calidad<\/p>\n<p>Mellow concave and a wide standing platform make this cruiser comfortable, fun, and functional.<\/p>\n<p>Artista: Hilary Jane<\/p>\n<p>UNA PARTE DE TODAS LAS VENTAS DE LA COLECCI\u00d3N SOLSTICIO A BENEFICIO DE BOARDING FOR BREAST CANCER<\/p>\n<p>MATERIALS &amp; COMPONENTS<\/p>\n<p>CUBIERTA<br \/>\n7 Ply Canadian Hardrock Maple with a Premium Palisander Wood Finish Ply<br \/>\nEl material de madera procede de fuentes de suministro sostenibles<br \/>\nLos subproductos de la madera se recuperan para utilizarlos en otros productos<br \/>\nCAMIONES<br \/>\nParis Street 129mm<br \/>\nRUEDAS<br \/>\nArbor Easyrider Series &#8211; Bogart<br \/>\nMini-cruiser wheels for all-around skating<br \/>\nIntended for carving and quick commutes<br \/>\nSize: 61mm \/\/ Durometer: 78A<br \/>\nContact Patch: 36.0mm \/\/ Offset: 2.5mm<br \/>\nMomentum Core: Dampens bumpy rides<br \/>\nVenice Formula: Soft and grippy<br \/>\nOTROS COMPONENTES<br \/>\nABEC 7 Bearings with Spacers<br \/>\n1\/8&#8243; Hard Risers<br \/>\nRecycled Glass Re-Grit<\/p>","protected":false},"excerpt":{"rendered":"<p>ARBOR Cruiser Solstice B4BC Pilsner ARBOR Cruiser Solstice B4BC Pilsner ist ein hochwertiges Skateboard, das sich ideal f\u00fcr entspanntes Cruisen, lockeres Carven aber auch f\u00fcr leichte Tricks eignet. &#8211; Gefertigt aus nachhaltigem Hardrock-Ahornholz f\u00fcr optimale Stabilit\u00e4t und Flexibilit\u00e4t. &#8211; Hochwertiges Solstice-Design in Zusammenarbeit mit Boarding for Breast Cancer (B4BC) \u2013 ein Teil des Erl\u00f6ses wird [&#8230;]\n","protected":false},"featured_media":34546,"comment_status":"open","ping_status":"closed","template":"","meta":{"jetpack_post_was_ever_published":false,"jetpack_publicize_message":"","jetpack_publicize_feature_enabled":true,"jetpack_social_post_already_shared":true,"jetpack_social_options":{"image_generator_settings":{"template":"highway","default_image_id":0,"font":"","enabled":false},"version":2}},"product_brand":[9311],"product_cat":[310,312,319,8641,8642,9085,9086,687],"product_tag":[8426,462,9090,9091],"class_list":{"0":"post-34545","1":"product","2":"type-product","3":"status-publish","4":"has-post-thumbnail","6":"product_brand-arbor","7":"product_cat-komplett-longboards","8":"product_cat-skateboards","9":"product_cat-komplett-skateboards","10":"product_cat-kinder-longboards","11":"product_cat-einsteiger-longboards","12":"product_cat-kinder-skateboards","13":"product_cat-cruiser-skateboards","14":"product_cat-sale","15":"product_tag-mini-cruiser","16":"product_tag-cruiser","17":"product_tag-b4bc","18":"product_tag-solstice","19":"product_shipping_class-paket","21":"first","22":"outofstock","23":"sale","24":"taxable","25":"shipping-taxable","26":"purchasable","27":"product-type-simple"},"composite_virtual":false,"composite_layout":"","composite_add_to_cart_form_location":"","composite_editable_in_cart":false,"composite_sold_individually_context":"","composite_shop_price_calc":"","composite_components":[],"composite_scenarios":[],"booking_location":null,"booking_location_type":null,"booking_duration":null,"booking_duration_unit":null,"booking_buffer":null,"booking_cost":null,"booking_resources":null,"jetpack_publicize_connections":[],"jetpack_sharing_enabled":true,"_links":{"self":[{"href":"https:\/\/www.studiolongboard.com\/es\/wp-json\/wp\/v2\/product\/34545","targetHints":{"allow":["GET"]}}],"collection":[{"href":"https:\/\/www.studiolongboard.com\/es\/wp-json\/wp\/v2\/product"}],"about":[{"href":"https:\/\/www.studiolongboard.com\/es\/wp-json\/wp\/v2\/types\/product"}],"replies":[{"embeddable":true,"href":"https:\/\/www.studiolongboard.com\/es\/wp-json\/wp\/v2\/comments?post=34545"}],"wp:featuredmedia":[{"embeddable":true,"href":"https:\/\/www.studiolongboard.com\/es\/wp-json\/wp\/v2\/media\/34546"}],"wp:attachment":[{"href":"https:\/\/www.studiolongboard.com\/es\/wp-json\/wp\/v2\/media?parent=34545"}],"wp:term":[{"taxonomy":"product_brand","embeddable":true,"href":"https:\/\/www.studiolongboard.com\/es\/wp-json\/wp\/v2\/product_brand?post=34545"},{"taxonomy":"product_cat","embeddable":true,"href":"https:\/\/www.studiolongboard.com\/es\/wp-json\/wp\/v2\/product_cat?post=34545"},{"taxonomy":"product_tag","embeddable":true,"href":"https:\/\/www.studiolongboard.com\/es\/wp-json\/wp\/v2\/product_tag?post=34545"}],"curies":[{"name":"wp","href":"https:\/\/api.w.org\/{rel}","templated":true}]}}