{"id":34542,"date":"2024-12-18T17:14:26","date_gmt":"2024-12-18T16:14:26","guid":{"rendered":"https:\/\/www.studiolongboard.com\/?post_type=product&#038;p=34542"},"modified":"2025-12-31T13:24:30","modified_gmt":"2025-12-31T12:24:30","slug":"arbor-cruiser-solstice-b4bc-cucharon-32","status":"publish","type":"product","link":"https:\/\/www.studiolongboard.com\/es\/shop\/skateboards\/komplett-skateboards\/cruiser-skateboards\/arbor-cruiser-solstice-b4bc-cucharon-32\/","title":{"rendered":"ARBOR Cruiser Solstice B4BC Cucharon 32"},"content":{"rendered":"<h2>ARBOR Cruiser Solstice B4BC Cucharon 32<\/h2>\n<p>ARBOR Cruiser Solstice B4BC Cucharon 32&#8243; ist ein hochwertiges Skateboard, das sich ideal f\u00fcr entspanntes Cruisen, lockeres Carven aber auch f\u00fcr Tricks eignet.<\/p>\n<p>&#8211; Gefertigt aus nachhaltigem Hardrock-Ahornholz f\u00fcr optimale Stabilit\u00e4t und Flexibilit\u00e4t.<br \/>\n&#8211; Hochwertiges Solstice-Design in Zusammenarbeit mit *Boarding for Breast Cancer (B4BC)* \u2013 ein Teil des Erl\u00f6ses wird f\u00fcr Brustkrebspr\u00e4vention und Bewusstseinsbildung gespendet.<br \/>\n&#8211; Deck-Oberfl\u00e4che mit einem eleganten, klaren Grip, der die nat\u00fcrliche Holzmaserung sichtbar l\u00e4sst.<\/p>\n<p>Abmessungen:<br \/>\n&#8211; L\u00e4nge: 32 Zoll (ca. 81,3 cm).<br \/>\n&#8211; Breite: 8,875 Zoll (ca. 22,5 cm).<br \/>\n&#8211; Radstand: 17 Zoll (ca. 43,2 cm) \u2013 f\u00fcr eine perfekte Balance zwischen Stabilit\u00e4t und Wendigkeit.<\/p>\n<p>Setup:<br \/>\nAchsen: Paris Street Trucks \u2013 pr\u00e4zise und zuverl\u00e4ssig f\u00fcr geschmeidige Turns.<br \/>\nRollen: Arbor Easyrider Bogart 61mm\/78A \u2013 ideal f\u00fcr sanftes Rollen auch auf rauem Untergrund.<br \/>\nKugellager: ABEC-7 f\u00fcr fl\u00fcssiges und schnelles Fahren.<\/p>\n<p>Nachhaltigkeit:<br \/>\n&#8211; ARBOR setzt auf umweltfreundliche Produktionsverfahren und nachhaltige Materialien.<br \/>\n&#8211; Deck-Laminierung mit umweltfreundlichem Bio-Resin.<\/p>\n<p>Der ARBOR Cucharon 32&#8243; vereint Qualit\u00e4t, \u00c4sthetik und Umweltbewusstsein in einem kompakten Cruiser, der sowohl Spa\u00df als auch ein gutes Gewissen bietet. Ob als Geschenk oder f\u00fcr die eigene Sammlung \u2013 dieses Board ist eine stilvolle und funktionale Wahl!<\/p>","protected":false},"excerpt":{"rendered":"<p>ARBOR Cruiser Solstice B4BC Cucharon 32&#8243; ARBOR Cruiser Solstice B4BC Cucharon 32&#8243; ist ein hochwertiges Skateboard, das sich ideal f\u00fcr entspanntes Cruisen, lockeres Carven aber auch f\u00fcr Tricks eignet. &#8211; Gefertigt aus nachhaltigem Hardrock-Ahornholz f\u00fcr optimale Stabilit\u00e4t und Flexibilit\u00e4t. &#8211; Hochwertiges Solstice-Design in Zusammenarbeit mit *Boarding for Breast Cancer (B4BC)* \u2013 ein Teil des Erl\u00f6ses [&#8230;]\n","protected":false},"featured_media":34543,"comment_status":"open","ping_status":"closed","template":"","meta":{"jetpack_post_was_ever_published":false,"jetpack_publicize_message":"","jetpack_publicize_feature_enabled":true,"jetpack_social_post_already_shared":true,"jetpack_social_options":{"image_generator_settings":{"template":"highway","default_image_id":0,"font":"","enabled":false},"version":2}},"product_brand":[9311],"product_cat":[9086,687,310,312,319,8641,8642],"product_tag":[9090,462,9091,8426],"class_list":{"0":"post-34542","1":"product","2":"type-product","3":"status-publish","4":"has-post-thumbnail","6":"product_brand-arbor","7":"product_cat-cruiser-skateboards","8":"product_cat-sale","9":"product_cat-komplett-longboards","10":"product_cat-skateboards","11":"product_cat-komplett-skateboards","12":"product_cat-kinder-longboards","13":"product_cat-einsteiger-longboards","14":"product_tag-b4bc","15":"product_tag-cruiser","16":"product_tag-solstice","17":"product_tag-mini-cruiser","18":"product_shipping_class-paket","20":"first","21":"instock","22":"sale","23":"taxable","24":"shipping-taxable","25":"purchasable","26":"product-type-simple"},"composite_virtual":false,"composite_layout":"","composite_add_to_cart_form_location":"","composite_editable_in_cart":false,"composite_sold_individually_context":"","composite_shop_price_calc":"","composite_components":[],"composite_scenarios":[],"booking_location":null,"booking_location_type":null,"booking_duration":null,"booking_duration_unit":null,"booking_buffer":null,"booking_cost":null,"booking_resources":null,"jetpack_publicize_connections":[],"jetpack_sharing_enabled":true,"_links":{"self":[{"href":"https:\/\/www.studiolongboard.com\/es\/wp-json\/wp\/v2\/product\/34542","targetHints":{"allow":["GET"]}}],"collection":[{"href":"https:\/\/www.studiolongboard.com\/es\/wp-json\/wp\/v2\/product"}],"about":[{"href":"https:\/\/www.studiolongboard.com\/es\/wp-json\/wp\/v2\/types\/product"}],"replies":[{"embeddable":true,"href":"https:\/\/www.studiolongboard.com\/es\/wp-json\/wp\/v2\/comments?post=34542"}],"wp:featuredmedia":[{"embeddable":true,"href":"https:\/\/www.studiolongboard.com\/es\/wp-json\/wp\/v2\/media\/34543"}],"wp:attachment":[{"href":"https:\/\/www.studiolongboard.com\/es\/wp-json\/wp\/v2\/media?parent=34542"}],"wp:term":[{"taxonomy":"product_brand","embeddable":true,"href":"https:\/\/www.studiolongboard.com\/es\/wp-json\/wp\/v2\/product_brand?post=34542"},{"taxonomy":"product_cat","embeddable":true,"href":"https:\/\/www.studiolongboard.com\/es\/wp-json\/wp\/v2\/product_cat?post=34542"},{"taxonomy":"product_tag","embeddable":true,"href":"https:\/\/www.studiolongboard.com\/es\/wp-json\/wp\/v2\/product_tag?post=34542"}],"curies":[{"name":"wp","href":"https:\/\/api.w.org\/{rel}","templated":true}]}}