{"id":34536,"date":"2024-12-18T14:20:20","date_gmt":"2024-12-18T13:20:20","guid":{"rendered":"https:\/\/www.studiolongboard.com\/?post_type=product&#038;p=34536"},"modified":"2025-09-16T17:55:35","modified_gmt":"2025-09-16T15:55:35","slug":"bullet-triple-padset-schoner-adult","status":"publish","type":"product","link":"https:\/\/www.studiolongboard.com\/es\/shop\/protection\/schuetzer\/bullet-triple-padset-schoner-adult\/","title":{"rendered":"BULLET Triple Padset Schoner Adult"},"content":{"rendered":"<h2>BULLET Triple Padset Schoner Adult<\/h2>\n<p>Das <strong>BULLET Triple Padset<\/strong> ist die ideale Schutzl\u00f6sung f\u00fcr Skater, Scooter-Fahrer, BMX-Enthusiasten und alle, die ihre Abenteuer sicher genie\u00dfen m\u00f6chten. Dieses Schoner-Set bietet umfassenden Schutz f\u00fcr Knie, Ellbogen und Handgelenke und ist perfekt f\u00fcr Anf\u00e4nger sowie erfahrene Sportler.<\/p>\n<h3><strong>Eigenschaften<\/strong>:<\/h3>\n<ul>\n<li><strong>Robuste Materialien<\/strong>: Hergestellt aus widerstandsf\u00e4higem Kunststoff, der optimalen Aufprallschutz bietet, kombiniert mit sto\u00dfabsorbierendem Schaumstoff f\u00fcr maximalen Komfort.<\/li>\n<li><strong>Verstellbare Passform<\/strong>: Dank der elastischen Klettverschl\u00fcsse l\u00e4sst sich das Set individuell anpassen, um einen sicheren und bequemen Sitz zu gew\u00e4hrleisten.<\/li>\n<li><strong>Atmungsaktives Design<\/strong>: Die gepolsterten Eins\u00e4tze und luftdurchl\u00e4ssigen Textilien sorgen f\u00fcr eine optimale Bel\u00fcftung, selbst bei intensiven Aktivit\u00e4ten.<\/li>\n<li><strong>Leicht und flexibel<\/strong>: Das schlanke Design erm\u00f6glicht uneingeschr\u00e4nkte Bewegungsfreiheit, ohne die Sicherheit zu beeintr\u00e4chtigen.<\/li>\n<li><strong>Stylisches Aussehen<\/strong>: Modernes und sportliches Design, das zu jeder Ausr\u00fcstung passt.<\/li>\n<\/ul>\n<h3><strong>Set-Inhalt<\/strong>:<\/h3>\n<ul>\n<li><strong>Knieprotektoren<\/strong>: Schutz bei St\u00fcrzen und Aufpr\u00e4llen, ideal f\u00fcr raue Oberfl\u00e4chen.<\/li>\n<li><strong>Coderas<\/strong>: Sch\u00fctzen die empfindlichen Gelenke vor Sch\u00fcrfwunden und Prellungen.<\/li>\n<li><strong>Handgelenkschoner<\/strong>: Mit verst\u00e4rkter Schiene, um Verstauchungen oder Br\u00fcche zu vermeiden.<\/li>\n<\/ul>\n<p>High Grade Cordura Stoff<br \/>\nEVA-Schaum Polsterung<br \/>\nPolycarbonat-High Impact Caps<br \/>\nVerstellbare Klettb\u00e4nder<\/p>\n<p>Gr\u00f6\u00dfen: S, M, L<\/p>","protected":false},"excerpt":{"rendered":"<p>BULLET Triple Padset Schoner Adult Das BULLET Triple Padset ist die ideale Schutzl\u00f6sung f\u00fcr Skater, Scooter-Fahrer, BMX-Enthusiasten und alle, die ihre Abenteuer sicher genie\u00dfen m\u00f6chten. Dieses Schoner-Set bietet umfassenden Schutz f\u00fcr Knie, Ellbogen und Handgelenke und ist perfekt f\u00fcr Anf\u00e4nger sowie erfahrene Sportler. Eigenschaften: Robuste Materialien: Hergestellt aus widerstandsf\u00e4higem Kunststoff, der optimalen Aufprallschutz bietet, kombiniert [&#8230;]\n","protected":false},"featured_media":34539,"comment_status":"closed","ping_status":"closed","template":"","meta":{"jetpack_post_was_ever_published":false,"jetpack_publicize_message":"","jetpack_publicize_feature_enabled":true,"jetpack_social_post_already_shared":true,"jetpack_social_options":{"image_generator_settings":{"template":"highway","default_image_id":0,"font":"","enabled":false},"version":2}},"product_brand":[],"product_cat":[320,505,528],"product_tag":[8504,6918,7879,7880],"class_list":{"0":"post-34536","1":"product","2":"type-product","3":"status-publish","4":"has-post-thumbnail","6":"product_cat-accessories","7":"product_cat-protection","8":"product_cat-schuetzer","9":"product_tag-knieschuetzer","10":"product_tag-schoner","11":"product_tag-schoner-set","12":"product_tag-kinder-schoner","13":"product_shipping_class-paket-m","15":"first","16":"instock","17":"taxable","18":"shipping-taxable","19":"purchasable","20":"product-type-variable"},"composite_virtual":false,"composite_layout":"","composite_add_to_cart_form_location":"","composite_editable_in_cart":false,"composite_sold_individually_context":"","composite_shop_price_calc":"","composite_components":[],"composite_scenarios":[],"booking_location":null,"booking_location_type":null,"booking_duration":null,"booking_duration_unit":null,"booking_buffer":null,"booking_cost":null,"booking_resources":null,"jetpack_publicize_connections":[],"jetpack_sharing_enabled":true,"_links":{"self":[{"href":"https:\/\/www.studiolongboard.com\/es\/wp-json\/wp\/v2\/product\/34536","targetHints":{"allow":["GET"]}}],"collection":[{"href":"https:\/\/www.studiolongboard.com\/es\/wp-json\/wp\/v2\/product"}],"about":[{"href":"https:\/\/www.studiolongboard.com\/es\/wp-json\/wp\/v2\/types\/product"}],"replies":[{"embeddable":true,"href":"https:\/\/www.studiolongboard.com\/es\/wp-json\/wp\/v2\/comments?post=34536"}],"wp:featuredmedia":[{"embeddable":true,"href":"https:\/\/www.studiolongboard.com\/es\/wp-json\/wp\/v2\/media\/34539"}],"wp:attachment":[{"href":"https:\/\/www.studiolongboard.com\/es\/wp-json\/wp\/v2\/media?parent=34536"}],"wp:term":[{"taxonomy":"product_brand","embeddable":true,"href":"https:\/\/www.studiolongboard.com\/es\/wp-json\/wp\/v2\/product_brand?post=34536"},{"taxonomy":"product_cat","embeddable":true,"href":"https:\/\/www.studiolongboard.com\/es\/wp-json\/wp\/v2\/product_cat?post=34536"},{"taxonomy":"product_tag","embeddable":true,"href":"https:\/\/www.studiolongboard.com\/es\/wp-json\/wp\/v2\/product_tag?post=34536"}],"curies":[{"name":"wp","href":"https:\/\/api.w.org\/{rel}","templated":true}]}}