{"id":34378,"date":"2024-12-12T14:42:08","date_gmt":"2024-12-12T13:42:08","guid":{"rendered":"https:\/\/www.studiolongboard.com\/?post_type=product&#038;p=34378"},"modified":"2025-12-31T13:24:55","modified_gmt":"2025-12-31T12:24:55","slug":"studio-longboard-gutschein","status":"publish","type":"product","link":"https:\/\/www.studiolongboard.com\/es\/shop\/longboards\/longboard-decks\/dance-freestyle-decks\/studio-longboard-gutschein\/","title":{"rendered":"Bono Studio Longboard"},"content":{"rendered":"<h2>Bono Studio Longboard<\/h2>\n<p>Diesen Gutschein kannst du sowohl beim Kauf von Produkten aus unserem <a href=\"https:\/\/www.studiolongboard.com\/es\/tienda\/\">Onlineshop<\/a> oder bei der Buchung von <a href=\"https:\/\/www.studiolongboard.com\/es\/longboardkurse\/\">Talleres de patinaje<\/a>, <a href=\"https:\/\/www.studiolongboard.com\/es\/product-2\/utilizacion-de-las-salas-de-ensayo\/\">Proberaumnutzungen<\/a> und allen <a href=\"https:\/\/www.studiolongboard.com\/es\/product-category\/events\/servicios-de-estudio-de-grabacion\/\">Tonstudio-Dienstleistungen<\/a> einl\u00f6sen.<\/p>\n<p>Nach dem Kauf bekommst du von uns einen Gutschein per Post zugeschickt. Der Gutschein enth\u00e4lt einen Gutschein-Code, den du auch beim Online-Kauf ganz einfach einl\u00f6sen kannst.<\/p>\n<p>&nbsp;<\/p>","protected":false},"excerpt":{"rendered":"<p>Studio Longboard Gutschein Diesen Gutschein kannst du sowohl beim Kauf von Produkten aus unserem Onlineshop oder bei der Buchung von Skate-Workshops, Proberaumnutzungen und allen Tonstudio-Dienstleistungen einl\u00f6sen. Nach dem Kauf bekommst du von uns einen Gutschein per Post zugeschickt. Der Gutschein enth\u00e4lt einen Gutschein-Code, den du auch beim Online-Kauf ganz einfach einl\u00f6sen kannst. &nbsp;<\/p>","protected":false},"featured_media":34395,"comment_status":"closed","ping_status":"closed","template":"","meta":{"jetpack_post_was_ever_published":false,"jetpack_publicize_message":"","jetpack_publicize_feature_enabled":true,"jetpack_social_post_already_shared":true,"jetpack_social_options":{"image_generator_settings":{"template":"highway","default_image_id":0,"font":"","enabled":false},"version":2}},"product_brand":[],"product_cat":[4860,316,8789,533,8933,317,8795,589,8975,6675,318,8797,732,8983,7886,319,8863,734,9085,8372,320,8873,9086,8627,505,8874,2674,310,8639,528,8875,3208,312,8641,529,8876,4130,313,8642,530,8877,4608,314,8643,531,8878,4609,315,8781,532,8907],"product_tag":[1389],"class_list":{"0":"post-34378","1":"product","2":"type-product","3":"status-publish","4":"has-post-thumbnail","6":"product_cat-skateworkshops","7":"product_cat-skateboard-wheels","8":"product_cat-dance-freestyle-decks","9":"product_cat-streetwear","10":"product_cat-fingerboards","11":"product_cat-longboard-wheels","12":"product_cat-surfskate-trucks","13":"product_cat-balance-boards","14":"product_cat-ldp","15":"product_cat-werkzeug","16":"product_cat-longboard-trucks","17":"product_cat-downhill-freeride-decks","18":"product_cat-kendama","19":"product_cat-surfskate-completes","20":"product_cat-shredlights","21":"product_cat-komplett-skateboards","22":"product_cat-footstops","23":"product_cat-sticker","24":"product_cat-kinder-skateboards","25":"product_cat-bags","26":"product_cat-accessories","27":"product_cat-t-shirts","28":"product_cat-cruiser-skateboards","29":"product_cat-dance-und-freestyle","30":"product_cat-protection","31":"product_cat-hoodies","32":"product_cat-tonstudio-dienstleistungen","33":"product_cat-komplett-longboards","34":"product_cat-gutscheine","35":"product_cat-schuetzer","36":"product_cat-socks","37":"product_cat-bushings-pivot-cups","38":"product_cat-skateboards","39":"product_cat-kinder-longboards","40":"product_cat-helme","41":"product_cat-beanies","42":"product_cat-kugellager","43":"product_cat-longboard-decks","44":"product_cat-einsteiger-longboards","45":"product_cat-handschuhe","46":"product_cat-caps","47":"product_cat-riser-und-shockpads","48":"product_cat-skateboard-decks","49":"product_cat-mini-cruiser","50":"product_cat-surfskates","51":"product_cat-shoes","52":"product_cat-griptape","53":"product_cat-trucks","54":"product_cat-surfskate-wheels","55":"product_cat-hardware","56":"product_cat-surfskate-decks","57":"product_tag-gutschein","58":"product_shipping_class-paket-m","60":"first","61":"instock","62":"taxable","63":"shipping-taxable","64":"purchasable","65":"product-type-variable"},"composite_virtual":false,"composite_layout":"","composite_add_to_cart_form_location":"","composite_editable_in_cart":false,"composite_sold_individually_context":"","composite_shop_price_calc":"","composite_components":[],"composite_scenarios":[],"booking_location":null,"booking_location_type":null,"booking_duration":null,"booking_duration_unit":null,"booking_buffer":null,"booking_cost":null,"booking_resources":null,"jetpack_publicize_connections":[],"jetpack_sharing_enabled":true,"_links":{"self":[{"href":"https:\/\/www.studiolongboard.com\/es\/wp-json\/wp\/v2\/product\/34378","targetHints":{"allow":["GET"]}}],"collection":[{"href":"https:\/\/www.studiolongboard.com\/es\/wp-json\/wp\/v2\/product"}],"about":[{"href":"https:\/\/www.studiolongboard.com\/es\/wp-json\/wp\/v2\/types\/product"}],"replies":[{"embeddable":true,"href":"https:\/\/www.studiolongboard.com\/es\/wp-json\/wp\/v2\/comments?post=34378"}],"wp:featuredmedia":[{"embeddable":true,"href":"https:\/\/www.studiolongboard.com\/es\/wp-json\/wp\/v2\/media\/34395"}],"wp:attachment":[{"href":"https:\/\/www.studiolongboard.com\/es\/wp-json\/wp\/v2\/media?parent=34378"}],"wp:term":[{"taxonomy":"product_brand","embeddable":true,"href":"https:\/\/www.studiolongboard.com\/es\/wp-json\/wp\/v2\/product_brand?post=34378"},{"taxonomy":"product_cat","embeddable":true,"href":"https:\/\/www.studiolongboard.com\/es\/wp-json\/wp\/v2\/product_cat?post=34378"},{"taxonomy":"product_tag","embeddable":true,"href":"https:\/\/www.studiolongboard.com\/es\/wp-json\/wp\/v2\/product_tag?post=34378"}],"curies":[{"name":"wp","href":"https:\/\/api.w.org\/{rel}","templated":true}]}}