{"id":33244,"date":"2024-10-11T13:02:19","date_gmt":"2024-10-11T11:02:19","guid":{"rendered":"https:\/\/www.studiolongboard.com\/?post_type=product&#038;p=33244"},"modified":"2025-03-26T19:36:56","modified_gmt":"2025-03-26T18:36:56","slug":"carver-skateboards-c7-surfskate-truck-set-azul-indigo","status":"publish","type":"product","link":"https:\/\/www.studiolongboard.com\/es\/shop\/surfskates\/surfskate-trucks\/carver-skateboards-c7-surfskate-truck-set-indigo-blue\/","title":{"rendered":"Carver Skateboards C7 Surfskate Truck Set azul \u00edndigo"},"content":{"rendered":"<h2>Carver Skateboards C7 Surfskate Truck Set azul \u00edndigo<\/h2>\n<p>Carver Skateboards C7 Surfskate Truck Set azul \u00edndigo<\/p>\n<p>Esta colecci\u00f3n pintada de trucks C7 CARVER tambi\u00e9n est\u00e1 equipada con ejes y pivotes huecos, lo que la convierte en la generaci\u00f3n m\u00e1s ligera y resistente de trucks de surfskate Carver hasta la fecha.<\/p>\n<p>Este es el cami\u00f3n que lo empez\u00f3 todo. Sigue siendo el cami\u00f3n de surf de giro m\u00e1s suave y bombeo m\u00e1s r\u00e1pido, es el pin\u00e1culo del rendimiento de 1 surfskate.<\/p>\n<p>El segundo eje patentado de este cami\u00f3n delantero no s\u00f3lo aumenta el radio de tu carve, sino que te permite romper el nose y pivotar tus giros sobre el tail. Esta din\u00e1mica crea un empuje y te impulsa hacia delante con una velocidad cada vez mayor.<\/p>\n<p>La sorprendente similitud con el rendimiento de surf ha hecho que el C7 sea la elecci\u00f3n de profesionales y aficionados para el entrenamiento de surf.<\/p>\n<p>Viene con :<\/p>\n<p>- 1x cami\u00f3n delantero C7 de 6,5\u2033.<br \/>\n- 1x cami\u00f3n trasero C2 de 6,5\u2033.<br \/>\n- 2x C7 + 2X C2 elevadores<br \/>\n- 8x tornillos de montaje<\/p>","protected":false},"excerpt":{"rendered":"<p>Carver Skateboards C7 Surfskate Truck Set indigo blue Carver Skateboards C7 Surfskate Truck Set indigo blue This painted collection of C7 CARVER trucks is also equipped with hollow axles and pivots, making it the lightest and strongest generation of Carver surfskate trucks to date. This is the truck that started it all. It&#8217;s still the [&#8230;]\n","protected":false},"featured_media":33245,"comment_status":"open","ping_status":"closed","template":"","meta":{"jetpack_post_was_ever_published":false,"jetpack_publicize_message":"","jetpack_publicize_feature_enabled":true,"jetpack_social_post_already_shared":true,"jetpack_social_options":{"image_generator_settings":{"template":"highway","default_image_id":0,"font":"","enabled":false},"version":2}},"product_brand":[],"product_cat":[531,8795],"product_tag":[331],"class_list":{"0":"post-33244","1":"product","2":"type-product","3":"status-publish","4":"has-post-thumbnail","6":"product_cat-surfskates","7":"product_cat-surfskate-trucks","8":"product_tag-surfskate","9":"product_shipping_class-paket-m","11":"first","12":"instock","13":"taxable","14":"shipping-taxable","15":"purchasable","16":"product-type-simple"},"composite_virtual":false,"composite_layout":"","composite_add_to_cart_form_location":"","composite_editable_in_cart":false,"composite_sold_individually_context":"","composite_shop_price_calc":"","composite_components":[],"composite_scenarios":[],"booking_location":null,"booking_location_type":null,"booking_duration":null,"booking_duration_unit":null,"booking_buffer":null,"booking_cost":null,"booking_resources":null,"jetpack_publicize_connections":[],"jetpack_sharing_enabled":true,"_links":{"self":[{"href":"https:\/\/www.studiolongboard.com\/es\/wp-json\/wp\/v2\/product\/33244","targetHints":{"allow":["GET"]}}],"collection":[{"href":"https:\/\/www.studiolongboard.com\/es\/wp-json\/wp\/v2\/product"}],"about":[{"href":"https:\/\/www.studiolongboard.com\/es\/wp-json\/wp\/v2\/types\/product"}],"replies":[{"embeddable":true,"href":"https:\/\/www.studiolongboard.com\/es\/wp-json\/wp\/v2\/comments?post=33244"}],"wp:featuredmedia":[{"embeddable":true,"href":"https:\/\/www.studiolongboard.com\/es\/wp-json\/wp\/v2\/media\/33245"}],"wp:attachment":[{"href":"https:\/\/www.studiolongboard.com\/es\/wp-json\/wp\/v2\/media?parent=33244"}],"wp:term":[{"taxonomy":"product_brand","embeddable":true,"href":"https:\/\/www.studiolongboard.com\/es\/wp-json\/wp\/v2\/product_brand?post=33244"},{"taxonomy":"product_cat","embeddable":true,"href":"https:\/\/www.studiolongboard.com\/es\/wp-json\/wp\/v2\/product_cat?post=33244"},{"taxonomy":"product_tag","embeddable":true,"href":"https:\/\/www.studiolongboard.com\/es\/wp-json\/wp\/v2\/product_tag?post=33244"}],"curies":[{"name":"wp","href":"https:\/\/api.w.org\/{rel}","templated":true}]}}