{"id":33219,"date":"2024-10-10T14:41:52","date_gmt":"2024-10-10T12:41:52","guid":{"rendered":"https:\/\/www.studiolongboard.com\/?post_type=product&#038;p=33219"},"modified":"2025-12-31T13:27:20","modified_gmt":"2025-12-31T12:27:20","slug":"core-longboards-orchid-deck","status":"publish","type":"product","link":"https:\/\/www.studiolongboard.com\/es\/shop\/longboards\/longboard-decks\/downhill-freeride-decks\/core-longboards-orchid-deck\/","title":{"rendered":"Core Longboards Orchid Deck"},"content":{"rendered":"<h2>Core Longboards Orchid Deck<\/h2>\n<p>Core Longboards Orchid Deck ist eine gro\u00dfartige Wahl f\u00fcr alle die gerne lange Strecken fahren oder ein besonders stabiles Board suchen.<br \/>\nDie Double-Drob-Konstruktion erm\u00f6glicht leichtes Pushen durch stark abgesenkte Plattform und ein sehr langes Rollen durch die Verwendung von Rollen mit gro\u00dfem Durchmesser. <\/p>\n<p>Mit einem erschwinglichen Preis geht dieses Longboard-Deck keine Kompromisse in Bezug auf Qualit\u00e4t und Stabilit\u00e4t ein.<\/p>\n<p>Length: 103 cm \/ 40,55&#8243;<br \/>\nWidth: 25 cm \/ 9,84&#8243;<br \/>\nWheelbase: 85 cm \/  33,46&#8243;<br \/>\nWeight: 2,2 kg | 4,85 lbs<br \/>\nStiffnes: 9\/10<br \/>\nProfile : Double drop down <\/p>\n<p>Cruising: 10\/10<br \/>\nFreestyle: 2\/10<br \/>\nDancing: 2\/10<br \/>\nDownhill: 8\/10<br \/>\nFreeride: 6\/10<br \/>\nLDP: 10\/10<\/p>\n<p>F\u00fcr Anf\u00e4nger und erfahrene Fahrer<\/p>\n<p>Made in Poland<\/p>","protected":false},"excerpt":{"rendered":"<p>Core Longboards Orchid Deck Core Longboards Orchid Deck ist eine gro\u00dfartige Wahl f\u00fcr alle die gerne lange Strecken fahren oder ein besonders stabiles Board suchen. Die Double-Drob-Konstruktion erm\u00f6glicht leichtes Pushen durch stark abgesenkte Plattform und ein sehr langes Rollen durch die Verwendung von Rollen mit gro\u00dfem Durchmesser. Mit einem erschwinglichen Preis geht dieses Longboard-Deck keine [&#8230;]\n","protected":false},"featured_media":33221,"comment_status":"open","ping_status":"closed","template":"","meta":{"jetpack_post_was_ever_published":false,"jetpack_publicize_message":"","jetpack_publicize_feature_enabled":true,"jetpack_social_post_already_shared":true,"jetpack_social_options":{"image_generator_settings":{"template":"highway","default_image_id":0,"font":"","enabled":false},"version":2}},"product_brand":[],"product_cat":[8797,8975,313],"product_tag":[7081,462,5223],"class_list":{"0":"post-33219","1":"product","2":"type-product","3":"status-publish","4":"has-post-thumbnail","6":"product_cat-downhill-freeride-decks","7":"product_cat-ldp","8":"product_cat-longboard-decks","9":"product_tag-commuter","10":"product_tag-cruiser","11":"product_tag-ldp","12":"product_shipping_class-paket","14":"first","15":"outofstock","16":"taxable","17":"shipping-taxable","18":"purchasable","19":"product-type-simple"},"composite_virtual":false,"composite_layout":"","composite_add_to_cart_form_location":"","composite_editable_in_cart":false,"composite_sold_individually_context":"","composite_shop_price_calc":"","composite_components":[],"composite_scenarios":[],"booking_location":null,"booking_location_type":null,"booking_duration":null,"booking_duration_unit":null,"booking_buffer":null,"booking_cost":null,"booking_resources":null,"jetpack_publicize_connections":[],"jetpack_sharing_enabled":true,"_links":{"self":[{"href":"https:\/\/www.studiolongboard.com\/es\/wp-json\/wp\/v2\/product\/33219","targetHints":{"allow":["GET"]}}],"collection":[{"href":"https:\/\/www.studiolongboard.com\/es\/wp-json\/wp\/v2\/product"}],"about":[{"href":"https:\/\/www.studiolongboard.com\/es\/wp-json\/wp\/v2\/types\/product"}],"replies":[{"embeddable":true,"href":"https:\/\/www.studiolongboard.com\/es\/wp-json\/wp\/v2\/comments?post=33219"}],"wp:featuredmedia":[{"embeddable":true,"href":"https:\/\/www.studiolongboard.com\/es\/wp-json\/wp\/v2\/media\/33221"}],"wp:attachment":[{"href":"https:\/\/www.studiolongboard.com\/es\/wp-json\/wp\/v2\/media?parent=33219"}],"wp:term":[{"taxonomy":"product_brand","embeddable":true,"href":"https:\/\/www.studiolongboard.com\/es\/wp-json\/wp\/v2\/product_brand?post=33219"},{"taxonomy":"product_cat","embeddable":true,"href":"https:\/\/www.studiolongboard.com\/es\/wp-json\/wp\/v2\/product_cat?post=33219"},{"taxonomy":"product_tag","embeddable":true,"href":"https:\/\/www.studiolongboard.com\/es\/wp-json\/wp\/v2\/product_tag?post=33219"}],"curies":[{"name":"wp","href":"https:\/\/api.w.org\/{rel}","templated":true}]}}