{"id":33212,"date":"2024-10-10T12:12:05","date_gmt":"2024-10-10T10:12:05","guid":{"rendered":"https:\/\/www.studiolongboard.com\/?post_type=product&#038;p=33212"},"modified":"2025-12-31T13:27:25","modified_gmt":"2025-12-31T12:27:25","slug":"core-longboards-daphne-complete","status":"publish","type":"product","link":"https:\/\/www.studiolongboard.com\/es\/shop\/longboards\/komplett-longboards\/einsteiger-longboards\/core-longboards-daphne-complete\/","title":{"rendered":"Core Longboards Daphne Complete"},"content":{"rendered":"<h2>Core Longboards Daphne Complete<\/h2>\n<p>Core Longboards Daphne Complete ist ein tolles Komplett-Longboard f\u00fcr Beginner und alle die Board haupts\u00e4chlich zum Cruisen suchen. Nicht nur von der \u00e4sthetischen Seite sch\u00f6n anzuschauen, es bietet auch jede Menge Fahrkomfort und Kontrolle unter den F\u00fc\u00dfen. Der vom Hersteller angegebene mittlere Flex f\u00fchlt sich sehr lebendig an, besonders in der Mitte des Boards.<\/p>\n<p>Mit einem erschwinglichen Preis geht dieses Longboard-Deck keine Kompromisse in Bezug auf Qualit\u00e4t und Stabilit\u00e4t ein.<\/p>\n<p>Lenght: 106 cm \/ 41,73\u2033<br \/>\nWidth: 22 cm \/ 8,66\u2033<br \/>\nWheelbase: 85 cm \/ 25,59\u2033 \u2013 27,17\u2033<br \/>\nWeight: 1.7 kg | 3,74 lb<br \/>\nStiffnes: 6\/10<\/p>\n<p>F\u00fcr Anf\u00e4nger und erfahrene Fahrer<\/p>\n<p>Nutze unseren Produkt-Konfigurator um das bestm\u00f6gliche Setup (Achsen, Rollen und Kugellager auszuw\u00e4hlen)<\/p>","protected":false},"excerpt":{"rendered":"<p>Hardware and shockpads as well as assembly of the board included in the price.<\/p>\n<p>Put together your own setup from the components we have selected for you<\/p>","protected":false},"featured_media":33213,"comment_status":"open","ping_status":"closed","template":"","meta":{"jetpack_post_was_ever_published":false,"jetpack_publicize_message":"","jetpack_publicize_feature_enabled":true,"jetpack_social_post_already_shared":true,"jetpack_social_options":{"image_generator_settings":{"template":"highway","default_image_id":0,"font":"","enabled":false},"version":2}},"product_brand":[],"product_cat":[8642,310],"product_tag":[373,757,8240,2164],"class_list":{"0":"post-33212","1":"product","2":"type-product","3":"status-publish","4":"has-post-thumbnail","6":"product_cat-einsteiger-longboards","7":"product_cat-komplett-longboards","8":"product_tag-dancer","9":"product_tag-longboard-dancing","10":"product_tag-budget-longboard","11":"product_tag-komplettlongboard","12":"product_shipping_class-paket","14":"first","15":"instock","16":"sale","17":"taxable","18":"shipping-taxable","19":"purchasable","20":"product-type-composite"},"composite_virtual":false,"composite_layout":"paged","composite_add_to_cart_form_location":"after_summary","composite_editable_in_cart":false,"composite_sold_individually_context":"product","composite_shop_price_calc":"defaults","composite_components":[{"id":"1617796388","title":"Camiones \/ Ejes","description":"","query_type":"product_ids","query_ids":[7300,12388,7269,7267,7255,7261,12385,9989,19724,19727,19730,11887,17831,17842,19437,19441,19712,2112,33184,6113,33186,9957,19790,19796],"default_option_id":7300,"thumbnail_id":"","thumbnail_src":"","quantity_min":2,"quantity_max":2,"priced_individually":true,"shipped_individually":false,"optional":false,"discount":5,"options_style":"thumbnails","pagination_style":"classic","display_prices":"absolute","show_sorting_options":false,"show_filtering_options":false,"attribute_filter_ids":[],"select_action":"view","product_title_visible":true,"product_descr_visible":true,"product_price_visible":true,"product_thumb_visible":true,"subtotal_visible_product":true,"subtotal_visible_cart":true,"subtotal_visible_orders":true},{"id":"1617796389","title":"Ruedas","description":"","query_type":"product_ids","query_ids":[5716,11466,17269,27507,27510,5703,5714,7700,8997,9004,7248,7238,7244,14668,14670,10505,32943],"default_option_id":27510,"thumbnail_id":"","thumbnail_src":"","quantity_min":1,"quantity_max":1,"priced_individually":true,"shipped_individually":false,"optional":false,"discount":5,"options_style":"thumbnails","pagination_style":"classic","display_prices":"absolute","show_sorting_options":false,"show_filtering_options":false,"attribute_filter_ids":[],"select_action":"view","product_title_visible":true,"product_descr_visible":true,"product_price_visible":true,"product_thumb_visible":true,"subtotal_visible_product":true,"subtotal_visible_cart":true,"subtotal_visible_orders":true},{"id":"1622645470","title":"Rodamientos \/ Rodamientos de bolas","description":"","query_type":"product_ids","query_ids":[6044,6792,8047,15162,28656,28658,28664,11957,19576],"default_option_id":6792,"thumbnail_id":6793,"thumbnail_src":"https:\/\/www.studiolongboard.com\/wp-content\/uploads\/2019\/03\/zealous-kugellager.jpg","quantity_min":1,"quantity_max":1,"priced_individually":true,"shipped_individually":false,"optional":false,"discount":5,"options_style":"thumbnails","pagination_style":"classic","display_prices":"absolute","show_sorting_options":false,"show_filtering_options":false,"attribute_filter_ids":[],"select_action":"view","product_title_visible":true,"product_descr_visible":true,"product_price_visible":true,"product_thumb_visible":true,"subtotal_visible_product":true,"subtotal_visible_cart":true,"subtotal_visible_orders":true},{"id":"1651057282","title":"Cinta adhesiva","description":"<p>Standardm\u00e4\u00dfig bekleben wir Nose und Tail mit jeweils 20 bis 25 cm Griptape. Hierf\u00fcr einfach die Anzahl auf 4 (4 x 10cm) setzen. Bei Sonderw\u00fcnschen meldet euch gerne bei uns telefonisch. <\/p>","query_type":"product_ids","query_ids":[14652,9701,15665],"default_option_id":9701,"thumbnail_id":"","thumbnail_src":"","quantity_min":10,"quantity_max":12,"priced_individually":true,"shipped_individually":false,"optional":false,"discount":5,"options_style":"thumbnails","pagination_style":"classic","display_prices":"absolute","show_sorting_options":false,"show_filtering_options":false,"attribute_filter_ids":[],"select_action":"view","product_title_visible":true,"product_descr_visible":true,"product_price_visible":true,"product_thumb_visible":true,"subtotal_visible_product":true,"subtotal_visible_cart":true,"subtotal_visible_orders":true}],"composite_scenarios":[],"booking_location":null,"booking_location_type":null,"booking_duration":null,"booking_duration_unit":null,"booking_buffer":null,"booking_cost":null,"booking_resources":null,"jetpack_publicize_connections":[],"jetpack_sharing_enabled":true,"_links":{"self":[{"href":"https:\/\/www.studiolongboard.com\/es\/wp-json\/wp\/v2\/product\/33212","targetHints":{"allow":["GET"]}}],"collection":[{"href":"https:\/\/www.studiolongboard.com\/es\/wp-json\/wp\/v2\/product"}],"about":[{"href":"https:\/\/www.studiolongboard.com\/es\/wp-json\/wp\/v2\/types\/product"}],"replies":[{"embeddable":true,"href":"https:\/\/www.studiolongboard.com\/es\/wp-json\/wp\/v2\/comments?post=33212"}],"wp:featuredmedia":[{"embeddable":true,"href":"https:\/\/www.studiolongboard.com\/es\/wp-json\/wp\/v2\/media\/33213"}],"wp:attachment":[{"href":"https:\/\/www.studiolongboard.com\/es\/wp-json\/wp\/v2\/media?parent=33212"}],"wp:term":[{"taxonomy":"product_brand","embeddable":true,"href":"https:\/\/www.studiolongboard.com\/es\/wp-json\/wp\/v2\/product_brand?post=33212"},{"taxonomy":"product_cat","embeddable":true,"href":"https:\/\/www.studiolongboard.com\/es\/wp-json\/wp\/v2\/product_cat?post=33212"},{"taxonomy":"product_tag","embeddable":true,"href":"https:\/\/www.studiolongboard.com\/es\/wp-json\/wp\/v2\/product_tag?post=33212"}],"curies":[{"name":"wp","href":"https:\/\/api.w.org\/{rel}","templated":true}]}}