{"id":33211,"date":"2024-10-10T12:12:02","date_gmt":"2024-10-10T10:12:02","guid":{"rendered":"https:\/\/www.studiolongboard.com\/?post_type=product&#038;p=33211"},"modified":"2025-12-31T13:27:33","modified_gmt":"2025-12-31T12:27:33","slug":"core-longboards-daphne","status":"publish","type":"product","link":"https:\/\/www.studiolongboard.com\/es\/shop\/longboards\/longboard-decks\/ldp\/core-longboards-daphne\/","title":{"rendered":"Core Longboards Daphne"},"content":{"rendered":"<h2>Core Longboards Daphne<\/h2>\n<p>Core Longboards Daphne st eine gro\u00dfartige Wahl f\u00fcr erfahrene Fahrer und Anf\u00e4nger die Ein Board zum Cruisen suchen. Mit einem erschwinglichen Preis geht dieses Longboard-Deck keine Kompromisse in Bezug auf Qualit\u00e4t und Stabilit\u00e4t ein.<\/p>\n<p>Seine symmetrische Form mit viel Platz und hohen Kicktails erm\u00f6glicht eine Vielzahl von Tricks. Das Deck ist leicht konkav und hat einen sanften Rocker. Der vom Hersteller angegebene mittlere Flex f\u00fchlt sich sehr lebendig an, besonders in der Mitte des Boards.<\/p>\n<p>Lenght:  102 cm | 40,2<br \/>\nWidth: 24 cm | 9,4 \u201d<br \/>\nWheelbase: 70 cm | 27,6\u201d<br \/>\nWeight: 1.65 kg | 3.64 lbs<br \/>\nStiffnes: 6\/10<\/p>\n<p>F\u00fcr Anf\u00e4nger und erfahrene Fahrer<\/p>\n<p>Made in Poland<\/p>","protected":false},"excerpt":{"rendered":"<p>Core Longboards Daphne Core Longboards Daphne st eine gro\u00dfartige Wahl f\u00fcr erfahrene Fahrer und Anf\u00e4nger die Ein Board zum Cruisen suchen. Mit einem erschwinglichen Preis geht dieses Longboard-Deck keine Kompromisse in Bezug auf Qualit\u00e4t und Stabilit\u00e4t ein. Seine symmetrische Form mit viel Platz und hohen Kicktails erm\u00f6glicht eine Vielzahl von Tricks. Das Deck ist leicht [&#8230;]\n","protected":false},"featured_media":33218,"comment_status":"open","ping_status":"closed","template":"","meta":{"jetpack_post_was_ever_published":false,"jetpack_publicize_message":"","jetpack_publicize_feature_enabled":true,"jetpack_social_post_already_shared":true,"jetpack_social_options":{"image_generator_settings":{"template":"highway","default_image_id":0,"font":"","enabled":false},"version":2}},"product_brand":[],"product_cat":[313,8975],"product_tag":[462,5223,7081],"class_list":{"0":"post-33211","1":"product","2":"type-product","3":"status-publish","4":"has-post-thumbnail","6":"product_cat-longboard-decks","7":"product_cat-ldp","8":"product_tag-cruiser","9":"product_tag-ldp","10":"product_tag-commuter","11":"product_shipping_class-paket","13":"first","14":"instock","15":"taxable","16":"shipping-taxable","17":"purchasable","18":"product-type-simple"},"composite_virtual":false,"composite_layout":"","composite_add_to_cart_form_location":"","composite_editable_in_cart":false,"composite_sold_individually_context":"","composite_shop_price_calc":"","composite_components":[],"composite_scenarios":[],"booking_location":null,"booking_location_type":null,"booking_duration":null,"booking_duration_unit":null,"booking_buffer":null,"booking_cost":null,"booking_resources":null,"jetpack_publicize_connections":[],"jetpack_sharing_enabled":true,"_links":{"self":[{"href":"https:\/\/www.studiolongboard.com\/es\/wp-json\/wp\/v2\/product\/33211","targetHints":{"allow":["GET"]}}],"collection":[{"href":"https:\/\/www.studiolongboard.com\/es\/wp-json\/wp\/v2\/product"}],"about":[{"href":"https:\/\/www.studiolongboard.com\/es\/wp-json\/wp\/v2\/types\/product"}],"replies":[{"embeddable":true,"href":"https:\/\/www.studiolongboard.com\/es\/wp-json\/wp\/v2\/comments?post=33211"}],"wp:featuredmedia":[{"embeddable":true,"href":"https:\/\/www.studiolongboard.com\/es\/wp-json\/wp\/v2\/media\/33218"}],"wp:attachment":[{"href":"https:\/\/www.studiolongboard.com\/es\/wp-json\/wp\/v2\/media?parent=33211"}],"wp:term":[{"taxonomy":"product_brand","embeddable":true,"href":"https:\/\/www.studiolongboard.com\/es\/wp-json\/wp\/v2\/product_brand?post=33211"},{"taxonomy":"product_cat","embeddable":true,"href":"https:\/\/www.studiolongboard.com\/es\/wp-json\/wp\/v2\/product_cat?post=33211"},{"taxonomy":"product_tag","embeddable":true,"href":"https:\/\/www.studiolongboard.com\/es\/wp-json\/wp\/v2\/product_tag?post=33211"}],"curies":[{"name":"wp","href":"https:\/\/api.w.org\/{rel}","templated":true}]}}