{"id":33203,"date":"2024-10-10T11:35:43","date_gmt":"2024-10-10T09:35:43","guid":{"rendered":"https:\/\/www.studiolongboard.com\/?post_type=product&#038;p=33203"},"modified":"2025-12-31T13:27:41","modified_gmt":"2025-12-31T12:27:41","slug":"core-longboards-biscus","status":"publish","type":"product","link":"https:\/\/www.studiolongboard.com\/es\/shop\/longboards\/longboard-decks\/dance-freestyle-decks\/core-longboards-biscus\/","title":{"rendered":"Core Longboards Biscus"},"content":{"rendered":"<h2>Core Longboards Biscus<\/h2>\n<p>Core Longboards Biscus st eine gro\u00dfartige Wahl f\u00fcr erfahrene Fahrer f\u00fcr eine Mischung aus Longboard-Dancing und Freestyle, sowie f\u00fcr Longboard-Anf\u00e4nger, die auf der Suche nach ihrem ersten Longboard zu einem erschwinglichen Preis sind.<\/p>\n<p>Seine symmetrische Form mit viel Platz und hohen Kicktails erm\u00f6glicht eine Vielzahl von Tricks. Das Deck ist leicht konkav und hat einen sanften Rocker. Der vom Hersteller angegebene mittlere Flex f\u00fchlt sich sehr lebendig an, besonders in der Mitte des Boards.<\/p>\n<p>Mit einem erschwinglichen Preis geht dieses Longboard-Deck keine Kompromisse in Bezug auf Qualit\u00e4t und Stabilit\u00e4t ein.<\/p>\n<p>Lenght: 106 cm \/ 41,73&#8243;<br \/>\nWidth: 22 cm \/ 8,66&#8243;<br \/>\nWheelbase: 85 cm \/  25,59&#8243; &#8211; 27,17&#8243;<br \/>\nWeight: 1.7 kg | 3,74 lb<br \/>\nStiffnes: 6\/10<\/p>\n<p>Am besten f\u00fcr Longboard Dance und Freestyle geeignet<br \/>\nF\u00fcr Anf\u00e4nger und erfahrene Fahrer<\/p>\n<p>Made in Poland<\/p>","protected":false},"excerpt":{"rendered":"<p>Core Longboards Biscus Core Longboards Biscus st eine gro\u00dfartige Wahl f\u00fcr erfahrene Fahrer f\u00fcr eine Mischung aus Longboard-Dancing und Freestyle, sowie f\u00fcr Longboard-Anf\u00e4nger, die auf der Suche nach ihrem ersten Longboard zu einem erschwinglichen Preis sind. Seine symmetrische Form mit viel Platz und hohen Kicktails erm\u00f6glicht eine Vielzahl von Tricks. Das Deck ist leicht konkav [&#8230;]\n","protected":false},"featured_media":33205,"comment_status":"open","ping_status":"closed","template":"","meta":{"jetpack_post_was_ever_published":false,"jetpack_publicize_message":"","jetpack_publicize_feature_enabled":true,"jetpack_social_post_already_shared":true,"jetpack_social_options":{"image_generator_settings":{"template":"highway","default_image_id":0,"font":"","enabled":false},"version":2}},"product_brand":[],"product_cat":[8789,313],"product_tag":[373],"class_list":{"0":"post-33203","1":"product","2":"type-product","3":"status-publish","4":"has-post-thumbnail","6":"product_cat-dance-freestyle-decks","7":"product_cat-longboard-decks","8":"product_tag-dancer","9":"product_shipping_class-paket","11":"first","12":"outofstock","13":"taxable","14":"shipping-taxable","15":"purchasable","16":"product-type-simple"},"composite_virtual":false,"composite_layout":"","composite_add_to_cart_form_location":"","composite_editable_in_cart":false,"composite_sold_individually_context":"","composite_shop_price_calc":"","composite_components":[],"composite_scenarios":[],"booking_location":null,"booking_location_type":null,"booking_duration":null,"booking_duration_unit":null,"booking_buffer":null,"booking_cost":null,"booking_resources":null,"jetpack_publicize_connections":[],"jetpack_sharing_enabled":true,"_links":{"self":[{"href":"https:\/\/www.studiolongboard.com\/es\/wp-json\/wp\/v2\/product\/33203","targetHints":{"allow":["GET"]}}],"collection":[{"href":"https:\/\/www.studiolongboard.com\/es\/wp-json\/wp\/v2\/product"}],"about":[{"href":"https:\/\/www.studiolongboard.com\/es\/wp-json\/wp\/v2\/types\/product"}],"replies":[{"embeddable":true,"href":"https:\/\/www.studiolongboard.com\/es\/wp-json\/wp\/v2\/comments?post=33203"}],"wp:featuredmedia":[{"embeddable":true,"href":"https:\/\/www.studiolongboard.com\/es\/wp-json\/wp\/v2\/media\/33205"}],"wp:attachment":[{"href":"https:\/\/www.studiolongboard.com\/es\/wp-json\/wp\/v2\/media?parent=33203"}],"wp:term":[{"taxonomy":"product_brand","embeddable":true,"href":"https:\/\/www.studiolongboard.com\/es\/wp-json\/wp\/v2\/product_brand?post=33203"},{"taxonomy":"product_cat","embeddable":true,"href":"https:\/\/www.studiolongboard.com\/es\/wp-json\/wp\/v2\/product_cat?post=33203"},{"taxonomy":"product_tag","embeddable":true,"href":"https:\/\/www.studiolongboard.com\/es\/wp-json\/wp\/v2\/product_tag?post=33203"}],"curies":[{"name":"wp","href":"https:\/\/api.w.org\/{rel}","templated":true}]}}