{"id":30034,"date":"2024-05-23T18:35:14","date_gmt":"2024-05-23T16:35:14","guid":{"rendered":"https:\/\/www.studiolongboard.com\/?post_type=product&#038;p=30034"},"modified":"2025-12-31T13:50:31","modified_gmt":"2025-12-31T12:50:31","slug":"elevadores-sismicos-huecos-hexagonales-huecos","status":"publish","type":"product","link":"https:\/\/www.studiolongboard.com\/es\/shop\/protection\/handschuhe\/seismic-hollow-puck-risers-hex-hollow\/","title":{"rendered":"SEISMIC Hollow Puck Risers Hex Hollow"},"content":{"rendered":"<h2>SEISMIC Hollow Puck Risers Hex Hollow<\/h2>\n<p>SEISMIC Hollow Puck Risers Hex Hollow a\u00f1ade espacio entre tus manos y las superficies de deslizamiento del disco, para que puedas exprimir hasta la \u00faltima gota de tus discos sin quemarte los guantes o desgarrarte los dedos y las manos. Tambi\u00e9n te ayuda a plantar el disco en la carretera si tienes movilidad limitada en mu\u00f1ecas, rodillas o caderas, o simplemente brazos cortos. El material ligero absorbe las vibraciones y los impactos, para una mayor comodidad durante los deslizamientos y para ayudar a prevenir lesiones en la mano\/mu\u00f1eca en caso de ca\u00eddas.<\/p>\n<p>- Alcance m\u00e1s f\u00e1cil<br \/>\n- Menos desgaste de guantes<br \/>\n- Fuller Puck Life<br \/>\n- Menos vibraciones<br \/>\n- 10 mm de grosor<br \/>\n- Ligero y duradero<br \/>\n- El exclusivo hueco central biselado a\u00f1ade un fuerte agarre con los dedos para facilitar la extracci\u00f3n de los discos desgastados<\/p>","protected":false},"excerpt":{"rendered":"<p>SEISMIC Hollow Puck Risers Hex Hollow SEISMIC Hollow Puck Risers Hex Hollow add space between your hands and puck sliding surfaces, to let you squeeze every last drop out of your pucks without burning your gloves or tearing up your fingers and hands. Also helps you plant puck to road if you have limited wrist, [&#8230;]\n","protected":false},"featured_media":30035,"comment_status":"closed","ping_status":"closed","template":"","meta":{"jetpack_post_was_ever_published":false,"jetpack_publicize_message":"","jetpack_publicize_feature_enabled":true,"jetpack_social_post_already_shared":true,"jetpack_social_options":{"image_generator_settings":{"template":"highway","default_image_id":0,"font":"","enabled":false},"version":2}},"product_brand":[9144],"product_cat":[320,505,530],"product_tag":[],"class_list":{"0":"post-30034","1":"product","2":"type-product","3":"status-publish","4":"has-post-thumbnail","6":"product_brand-seismic","7":"product_cat-accessories","8":"product_cat-protection","9":"product_cat-handschuhe","10":"product_shipping_class-paket-m","12":"first","13":"instock","14":"taxable","15":"shipping-taxable","16":"purchasable","17":"product-type-simple"},"composite_virtual":false,"composite_layout":"","composite_add_to_cart_form_location":"","composite_editable_in_cart":false,"composite_sold_individually_context":"","composite_shop_price_calc":"","composite_components":[],"composite_scenarios":[],"booking_location":null,"booking_location_type":null,"booking_duration":null,"booking_duration_unit":null,"booking_buffer":null,"booking_cost":null,"booking_resources":null,"jetpack_publicize_connections":[],"jetpack_sharing_enabled":true,"_links":{"self":[{"href":"https:\/\/www.studiolongboard.com\/es\/wp-json\/wp\/v2\/product\/30034","targetHints":{"allow":["GET"]}}],"collection":[{"href":"https:\/\/www.studiolongboard.com\/es\/wp-json\/wp\/v2\/product"}],"about":[{"href":"https:\/\/www.studiolongboard.com\/es\/wp-json\/wp\/v2\/types\/product"}],"replies":[{"embeddable":true,"href":"https:\/\/www.studiolongboard.com\/es\/wp-json\/wp\/v2\/comments?post=30034"}],"wp:featuredmedia":[{"embeddable":true,"href":"https:\/\/www.studiolongboard.com\/es\/wp-json\/wp\/v2\/media\/30035"}],"wp:attachment":[{"href":"https:\/\/www.studiolongboard.com\/es\/wp-json\/wp\/v2\/media?parent=30034"}],"wp:term":[{"taxonomy":"product_brand","embeddable":true,"href":"https:\/\/www.studiolongboard.com\/es\/wp-json\/wp\/v2\/product_brand?post=30034"},{"taxonomy":"product_cat","embeddable":true,"href":"https:\/\/www.studiolongboard.com\/es\/wp-json\/wp\/v2\/product_cat?post=30034"},{"taxonomy":"product_tag","embeddable":true,"href":"https:\/\/www.studiolongboard.com\/es\/wp-json\/wp\/v2\/product_tag?post=30034"}],"curies":[{"name":"wp","href":"https:\/\/api.w.org\/{rel}","templated":true}]}}