{"id":30023,"date":"2024-05-23T17:07:58","date_gmt":"2024-05-23T15:07:58","guid":{"rendered":"https:\/\/www.studiolongboard.com\/?post_type=product&#038;p=30023"},"modified":"2025-12-31T13:54:12","modified_gmt":"2025-12-31T12:54:12","slug":"madrid-galaxy-36-5-drop-through-longboard","status":"publish","type":"product","link":"https:\/\/www.studiolongboard.com\/es\/shop\/longboards\/komplett-longboards\/kinder-longboards\/madrid-galaxy-36-5-drop-through-longboard\/","title":{"rendered":"MADRID Galaxy 36.5\u2033 Drop Through Longboard"},"content":{"rendered":"<h2>MADRID Galaxy 36.5\u2033 Drop Through Longboard<\/h2>\n<p>MADRID Galaxy 36.5\u2033 Drop Through Longboard es ideal para ni\u00f1os y principiantes en longboard. Gracias a la construcci\u00f3n drop-through, el centro de gravedad est\u00e1 m\u00e1s bajo al montar, por lo que el empuje es m\u00e1s f\u00e1cil y la tabla ofrece m\u00e1s estabilidad. Con los trucks Caliber y las ruedas Cadillac, obtienes una configuraci\u00f3n absolutamente s\u00f3lida que garantiza la diversi\u00f3n al montar.<\/p>\n<div id=\"product-description-short-33350\">\n<p><strong>Longitud:<\/strong>\u00a092,7 cm \/ 36,5\u2033<br \/>\n<strong>Anchura:<\/strong>\u00a024,4 cm \/ 9,625\u2033.<\/p>\n<p><strong>Configurar<\/strong><br \/>\n<strong>Camiones:<\/strong>\u00a0Cadillac 180mm 50\u00b0 Raw Trucks<br \/>\n<strong>Ruedas:<\/strong> Cadillac Cruisers 70mm\/80A Negro (diferente a la imagen del producto)<br \/>\n<strong>Rodamientos<\/strong>Rodamientos de alto rendimiento Cadillac<\/p>","protected":false},"excerpt":{"rendered":"<p>a diferencia de la imagen del producto, la tabla viene con ruedas Cadillac negras<\/p>","protected":false},"featured_media":30024,"comment_status":"closed","ping_status":"closed","template":"","meta":{"jetpack_post_was_ever_published":false,"jetpack_publicize_message":"","jetpack_publicize_feature_enabled":true,"jetpack_social_post_already_shared":true,"jetpack_social_options":{"image_generator_settings":{"template":"highway","default_image_id":0,"font":"","enabled":false},"version":2}},"product_brand":[9342],"product_cat":[8641,8642,310],"product_tag":[8271,3646,5528,5888],"class_list":{"0":"post-30023","1":"product","2":"type-product","3":"status-publish","4":"has-post-thumbnail","6":"product_brand-madrid","7":"product_cat-kinder-longboards","8":"product_cat-einsteiger-longboards","9":"product_cat-komplett-longboards","10":"product_tag-einsteiger","11":"product_tag-kids","12":"product_tag-kinder","13":"product_tag-beginner","14":"product_shipping_class-paket","16":"first","17":"outofstock","18":"taxable","19":"shipping-taxable","20":"purchasable","21":"product-type-simple"},"composite_virtual":false,"composite_layout":"","composite_add_to_cart_form_location":"","composite_editable_in_cart":false,"composite_sold_individually_context":"","composite_shop_price_calc":"","composite_components":[],"composite_scenarios":[],"booking_location":null,"booking_location_type":null,"booking_duration":null,"booking_duration_unit":null,"booking_buffer":null,"booking_cost":null,"booking_resources":null,"jetpack_publicize_connections":[],"jetpack_sharing_enabled":true,"_links":{"self":[{"href":"https:\/\/www.studiolongboard.com\/es\/wp-json\/wp\/v2\/product\/30023","targetHints":{"allow":["GET"]}}],"collection":[{"href":"https:\/\/www.studiolongboard.com\/es\/wp-json\/wp\/v2\/product"}],"about":[{"href":"https:\/\/www.studiolongboard.com\/es\/wp-json\/wp\/v2\/types\/product"}],"replies":[{"embeddable":true,"href":"https:\/\/www.studiolongboard.com\/es\/wp-json\/wp\/v2\/comments?post=30023"}],"wp:featuredmedia":[{"embeddable":true,"href":"https:\/\/www.studiolongboard.com\/es\/wp-json\/wp\/v2\/media\/30024"}],"wp:attachment":[{"href":"https:\/\/www.studiolongboard.com\/es\/wp-json\/wp\/v2\/media?parent=30023"}],"wp:term":[{"taxonomy":"product_brand","embeddable":true,"href":"https:\/\/www.studiolongboard.com\/es\/wp-json\/wp\/v2\/product_brand?post=30023"},{"taxonomy":"product_cat","embeddable":true,"href":"https:\/\/www.studiolongboard.com\/es\/wp-json\/wp\/v2\/product_cat?post=30023"},{"taxonomy":"product_tag","embeddable":true,"href":"https:\/\/www.studiolongboard.com\/es\/wp-json\/wp\/v2\/product_tag?post=30023"}],"curies":[{"name":"wp","href":"https:\/\/api.w.org\/{rel}","templated":true}]}}