{"id":29320,"date":"2024-04-23T16:53:55","date_gmt":"2024-04-23T14:53:55","guid":{"rendered":"https:\/\/www.studiolongboard.com\/?post_type=product&#038;p=29320"},"modified":"2025-09-10T11:46:55","modified_gmt":"2025-09-10T09:46:55","slug":"slide-evo-lution-idyllic-34-surfskate","status":"publish","type":"product","link":"https:\/\/www.studiolongboard.com\/es\/shop\/surfskates\/surfskate-completes\/slide-evo-lution-idyllic-34-surfskate\/","title":{"rendered":"SLIDE Evo-Lution Idyllic 34&#8243; Surfskate"},"content":{"rendered":"<h2>SLIDE Evo-Lution Idyllic 34&#8243; Surfskate<\/h2>\n<p>SLIDE Evo-Lution Idyllic 34&#8243; Surfskate ist eine Weiterentwicklung des Bestseller Gussie 31\u201c. Deutlich gr\u00f6\u00dfer als Gussie bietet es zus\u00e4tzliche Stabilit\u00e4t. Der gro\u00dfe Radstand, die breitere Nose und die 70-mm-R\u00e4der machen das Evo-lution\u201c perfekt f\u00fcr jeden, der sein Surf-Skate-Abenteuer beginnt.<\/p>\n<p>Genau wie die Surf-Funboards: Evo-lution wurde f\u00fcr den Spa\u00df am Skaten entwickelt. Die Grafik dieses Modells stammt aus dem Paisley-Print. Dieses klassische Muster ist von Ost nach West gereist und ist ein Symbol f\u00fcr Freiheit und Kreativit\u00e4t.<\/p>\n<p>Deck: 34\u201c x 10.25&#8243; x 19&#8243; Wheelbase<br \/>\nMaterial: 7 Lagen kanadisches Ahorn<br \/>\nSlide Trucks V3.0<br \/>\n70mm 78A Wheels<br \/>\nLager: ABEC 7<\/p>","protected":false},"excerpt":{"rendered":"<p>SLIDE Evo-Lution Idyllic 34&#8243; Surfskate SLIDE Evo-Lution Idyllic 34&#8243; Surfskate ist eine Weiterentwicklung des Bestseller Gussie 31\u201c. Deutlich gr\u00f6\u00dfer als Gussie bietet es zus\u00e4tzliche Stabilit\u00e4t. Der gro\u00dfe Radstand, die breitere Nose und die 70-mm-R\u00e4der machen das Evo-lution\u201c perfekt f\u00fcr jeden, der sein Surf-Skate-Abenteuer beginnt. Genau wie die Surf-Funboards: Evo-lution wurde f\u00fcr den Spa\u00df am Skaten [&#8230;]\n","protected":false},"featured_media":29321,"comment_status":"open","ping_status":"closed","template":"","meta":{"jetpack_post_was_ever_published":false,"jetpack_publicize_message":"","jetpack_publicize_feature_enabled":true,"jetpack_social_post_already_shared":true,"jetpack_social_options":{"image_generator_settings":{"template":"highway","default_image_id":0,"font":"","enabled":false},"version":2}},"product_brand":[],"product_cat":[8983,531],"product_tag":[8377,718,720,331],"class_list":{"0":"post-29320","1":"product","2":"type-product","3":"status-publish","4":"has-post-thumbnail","6":"product_cat-surfskate-completes","7":"product_cat-surfskates","8":"product_tag-8377","9":"product_tag-surfskateboard","10":"product_tag-surf","11":"product_tag-surfskate","12":"product_shipping_class-paket","14":"first","15":"outofstock","16":"taxable","17":"shipping-taxable","18":"purchasable","19":"product-type-simple"},"composite_virtual":false,"composite_layout":"","composite_add_to_cart_form_location":"","composite_editable_in_cart":false,"composite_sold_individually_context":"","composite_shop_price_calc":"","composite_components":[],"composite_scenarios":[],"booking_location":null,"booking_location_type":null,"booking_duration":null,"booking_duration_unit":null,"booking_buffer":null,"booking_cost":null,"booking_resources":null,"jetpack_publicize_connections":[],"jetpack_sharing_enabled":true,"_links":{"self":[{"href":"https:\/\/www.studiolongboard.com\/es\/wp-json\/wp\/v2\/product\/29320","targetHints":{"allow":["GET"]}}],"collection":[{"href":"https:\/\/www.studiolongboard.com\/es\/wp-json\/wp\/v2\/product"}],"about":[{"href":"https:\/\/www.studiolongboard.com\/es\/wp-json\/wp\/v2\/types\/product"}],"replies":[{"embeddable":true,"href":"https:\/\/www.studiolongboard.com\/es\/wp-json\/wp\/v2\/comments?post=29320"}],"wp:featuredmedia":[{"embeddable":true,"href":"https:\/\/www.studiolongboard.com\/es\/wp-json\/wp\/v2\/media\/29321"}],"wp:attachment":[{"href":"https:\/\/www.studiolongboard.com\/es\/wp-json\/wp\/v2\/media?parent=29320"}],"wp:term":[{"taxonomy":"product_brand","embeddable":true,"href":"https:\/\/www.studiolongboard.com\/es\/wp-json\/wp\/v2\/product_brand?post=29320"},{"taxonomy":"product_cat","embeddable":true,"href":"https:\/\/www.studiolongboard.com\/es\/wp-json\/wp\/v2\/product_cat?post=29320"},{"taxonomy":"product_tag","embeddable":true,"href":"https:\/\/www.studiolongboard.com\/es\/wp-json\/wp\/v2\/product_tag?post=29320"}],"curies":[{"name":"wp","href":"https:\/\/api.w.org\/{rel}","templated":true}]}}