{"id":29301,"date":"2024-04-23T12:11:00","date_gmt":"2024-04-23T10:11:00","guid":{"rendered":"https:\/\/www.studiolongboard.com\/?post_type=product&#038;p=29301"},"modified":"2025-05-30T16:09:39","modified_gmt":"2025-05-30T14:09:39","slug":"btfl-lenny-surfskate-complete-33","status":"publish","type":"product","link":"https:\/\/www.studiolongboard.com\/es\/shop\/surfskates\/surfskate-completes\/btfl-lenny-surfskate-complete-33\/","title":{"rendered":"BTFL Lenny Surfskate Complete 33&#8243;"},"content":{"rendered":"<h2>BTFL Lenny Surfskate Complete 33&#8243;<\/h2>\n<p>Bist du auf der Suche nach einer Mischung aus einem Surfskate und Skateboard, dann ist BTFL Lenny genau das Richtige f\u00fcr dich. Ausgestattet mit einem Double-Kick Deck, bietet dieses Board eine einzigartige Mischung aus Style, Kontrolle und endlosen Skateboard-M\u00f6glichkeiten. Durch seine gro\u00dfz\u00fcgigen Kicks ist das Lenny zum Skaten im Flachem als auch in Skateparks oder Bowls geeignet. \u00dcberwinde die Grenzen des Surfskatens und erweitere Deine Riding-Skills um Ollies, 180s, Reverts oder Airs. Dank der individuell einstellbaren G-Truck Achse kannst du das Lenkverhalten dieses Boards auf vielerlei Art einstellen: Nutze die h\u00e4rtere Einstellung f\u00fcr scharfe Turns oder um von A nach B zu kommen. Lockere die Achsen f\u00fcr ein Surf-\u00e4hnliches, flowiges Fahrverhalten in der Bowl oder in flachen Ebenen. <\/p>\n<p>Deck Gr\u00f6\u00dfe: 9&#8243; x 33&#8243;<br \/>\nMaterial: 7 Lagen kanadischer Ahorn<br \/>\nRollen Gr\u00f6\u00dfe + H\u00e4rte: 60 x 42 mm, 80A<br \/>\nBushings: 78A vorne \/ 90A hinten<br \/>\nAchsbreite: G-Truck Surftskate 165 mm<br \/>\nWheelbase: 15.3&#8243; \/ 16&#8243;<br \/>\nKugellager: ABEC 9<br \/>\nGewicht: 3 Kg<br \/>\nFlex: hart<\/p>","protected":false},"excerpt":{"rendered":"<p>BTFL Lenny Surfskate Complete 33&#8243; Bist du auf der Suche nach einer Mischung aus einem Surfskate und Skateboard, dann ist BTFL Lenny genau das Richtige f\u00fcr dich. Ausgestattet mit einem Double-Kick Deck, bietet dieses Board eine einzigartige Mischung aus Style, Kontrolle und endlosen Skateboard-M\u00f6glichkeiten. Durch seine gro\u00dfz\u00fcgigen Kicks ist das Lenny zum Skaten im Flachem [&#8230;]\n","protected":false},"featured_media":29302,"comment_status":"open","ping_status":"closed","template":"","meta":{"jetpack_post_was_ever_published":false,"jetpack_publicize_message":"","jetpack_publicize_feature_enabled":true,"jetpack_social_post_already_shared":true,"jetpack_social_options":{"image_generator_settings":{"template":"highway","default_image_id":0,"font":"","enabled":false},"version":2}},"product_brand":[9121],"product_cat":[8983,531],"product_tag":[720,331,719],"class_list":{"0":"post-29301","1":"product","2":"type-product","3":"status-publish","4":"has-post-thumbnail","6":"product_brand-btfl","7":"product_cat-surfskate-completes","8":"product_cat-surfskates","9":"product_tag-surf","10":"product_tag-surfskate","11":"product_tag-surfskates","12":"product_shipping_class-paket","14":"first","15":"outofstock","16":"taxable","17":"shipping-taxable","18":"purchasable","19":"product-type-simple"},"composite_virtual":false,"composite_layout":"","composite_add_to_cart_form_location":"","composite_editable_in_cart":false,"composite_sold_individually_context":"","composite_shop_price_calc":"","composite_components":[],"composite_scenarios":[],"booking_location":null,"booking_location_type":null,"booking_duration":null,"booking_duration_unit":null,"booking_buffer":null,"booking_cost":null,"booking_resources":null,"jetpack_publicize_connections":[],"jetpack_sharing_enabled":true,"_links":{"self":[{"href":"https:\/\/www.studiolongboard.com\/es\/wp-json\/wp\/v2\/product\/29301","targetHints":{"allow":["GET"]}}],"collection":[{"href":"https:\/\/www.studiolongboard.com\/es\/wp-json\/wp\/v2\/product"}],"about":[{"href":"https:\/\/www.studiolongboard.com\/es\/wp-json\/wp\/v2\/types\/product"}],"replies":[{"embeddable":true,"href":"https:\/\/www.studiolongboard.com\/es\/wp-json\/wp\/v2\/comments?post=29301"}],"wp:featuredmedia":[{"embeddable":true,"href":"https:\/\/www.studiolongboard.com\/es\/wp-json\/wp\/v2\/media\/29302"}],"wp:attachment":[{"href":"https:\/\/www.studiolongboard.com\/es\/wp-json\/wp\/v2\/media?parent=29301"}],"wp:term":[{"taxonomy":"product_brand","embeddable":true,"href":"https:\/\/www.studiolongboard.com\/es\/wp-json\/wp\/v2\/product_brand?post=29301"},{"taxonomy":"product_cat","embeddable":true,"href":"https:\/\/www.studiolongboard.com\/es\/wp-json\/wp\/v2\/product_cat?post=29301"},{"taxonomy":"product_tag","embeddable":true,"href":"https:\/\/www.studiolongboard.com\/es\/wp-json\/wp\/v2\/product_tag?post=29301"}],"curies":[{"name":"wp","href":"https:\/\/api.w.org\/{rel}","templated":true}]}}