{"id":29135,"date":"2024-04-17T16:38:41","date_gmt":"2024-04-17T14:38:41","guid":{"rendered":"https:\/\/www.studiolongboard.com\/?post_type=product&#038;p=29135"},"modified":"2025-12-31T14:04:34","modified_gmt":"2025-12-31T13:04:34","slug":"powel-peralta-ssf-g-slides-82a-wheels-yellow","status":"publish","type":"product","link":"https:\/\/www.studiolongboard.com\/es\/shop\/skateboards\/skateboard-wheels\/powel-peralta-ssf-g-slides-82a-wheels-yellow\/","title":{"rendered":"POWEL-PERALTA SSF G-Slides 82A Wheels yellow"},"content":{"rendered":"<h3>POWEL-PERALTA SSF G-Slides 82A Wheels yellow<\/h3>\n<p>POWEL-PERALTA SSF G-Slides 82A Wheels yellow<\/p>\n<p>Gr\u00f6\u00dfe: 59mm<br \/>\nH\u00e4rte: 82a<br \/>\nyellow<\/p>","protected":false},"excerpt":{"rendered":"<p>POWEL-PERALTA SSF G-Slides 82A Wheels yellow POWEL-PERALTA SSF G-Slides 82A Wheels yellow Gr\u00f6\u00dfe: 59mm H\u00e4rte: 82a yellow<\/p>","protected":false},"featured_media":29142,"comment_status":"closed","ping_status":"closed","template":"","meta":{"jetpack_post_was_ever_published":false,"jetpack_publicize_message":"","jetpack_publicize_feature_enabled":true,"jetpack_social_post_already_shared":true,"jetpack_social_options":{"image_generator_settings":{"template":"highway","default_image_id":0,"font":"","enabled":false},"version":2}},"product_brand":[9148],"product_cat":[312,316,317],"product_tag":[759,769],"class_list":{"0":"post-29135","1":"product","2":"type-product","3":"status-publish","4":"has-post-thumbnail","6":"product_brand-powell-peralta","7":"product_cat-skateboards","8":"product_cat-skateboard-wheels","9":"product_cat-longboard-wheels","10":"product_tag-ssf","11":"product_tag-slide-wheels","12":"product_shipping_class-paket-m","14":"first","15":"outofstock","16":"taxable","17":"shipping-taxable","18":"purchasable","19":"product-type-simple"},"composite_virtual":false,"composite_layout":"","composite_add_to_cart_form_location":"","composite_editable_in_cart":false,"composite_sold_individually_context":"","composite_shop_price_calc":"","composite_components":[],"composite_scenarios":[],"booking_location":null,"booking_location_type":null,"booking_duration":null,"booking_duration_unit":null,"booking_buffer":null,"booking_cost":null,"booking_resources":null,"jetpack_publicize_connections":[],"jetpack_sharing_enabled":true,"_links":{"self":[{"href":"https:\/\/www.studiolongboard.com\/es\/wp-json\/wp\/v2\/product\/29135","targetHints":{"allow":["GET"]}}],"collection":[{"href":"https:\/\/www.studiolongboard.com\/es\/wp-json\/wp\/v2\/product"}],"about":[{"href":"https:\/\/www.studiolongboard.com\/es\/wp-json\/wp\/v2\/types\/product"}],"replies":[{"embeddable":true,"href":"https:\/\/www.studiolongboard.com\/es\/wp-json\/wp\/v2\/comments?post=29135"}],"wp:featuredmedia":[{"embeddable":true,"href":"https:\/\/www.studiolongboard.com\/es\/wp-json\/wp\/v2\/media\/29142"}],"wp:attachment":[{"href":"https:\/\/www.studiolongboard.com\/es\/wp-json\/wp\/v2\/media?parent=29135"}],"wp:term":[{"taxonomy":"product_brand","embeddable":true,"href":"https:\/\/www.studiolongboard.com\/es\/wp-json\/wp\/v2\/product_brand?post=29135"},{"taxonomy":"product_cat","embeddable":true,"href":"https:\/\/www.studiolongboard.com\/es\/wp-json\/wp\/v2\/product_cat?post=29135"},{"taxonomy":"product_tag","embeddable":true,"href":"https:\/\/www.studiolongboard.com\/es\/wp-json\/wp\/v2\/product_tag?post=29135"}],"curies":[{"name":"wp","href":"https:\/\/api.w.org\/{rel}","templated":true}]}}