{"id":28664,"date":"2024-03-28T17:15:39","date_gmt":"2024-03-28T16:15:39","guid":{"rendered":"https:\/\/www.studiolongboard.com\/?post_type=product&#038;p=28664"},"modified":"2025-09-01T16:00:26","modified_gmt":"2025-09-01T14:00:26","slug":"skf-standard-kugellager-kit","status":"publish","type":"product","link":"https:\/\/www.studiolongboard.com\/es\/shop\/accessories\/kugellager\/skf-standard-kugellager-kit\/","title":{"rendered":"Kit de rodamientos de bolas est\u00e1ndar SKF"},"content":{"rendered":"<h2>Kit de rodamientos de bolas est\u00e1ndar SKF<\/h2>\n<p>SKF Standard Kugellager Kit kann ab sofort bestellt werden. Die von SKF in Italien hergestellten hochwertigen, reibungsarmen Lager laufen schnell und reibungslos und bieten eine lang anhaltende Leistung.<\/p>\n<p>Desarrollados por SKF, empresa pionera en la fabricaci\u00f3n de rodamientos de alto rendimiento para diversas aplicaciones industriales, los Rodamientos SKF Alexis Pro ofrecen una combinaci\u00f3n imbatible de calidad, velocidad y fiabilidad que aprecian los skaters de todo el mundo.<\/p>\n<p>Los rodamientos est\u00e1n dise\u00f1ados con tecnolog\u00eda avanzada para garantizar una velocidad \u00f3ptima y un movimiento de rodadura sin esfuerzo. El material de acero de alta calidad y la fabricaci\u00f3n de precisi\u00f3n garantizan una distribuci\u00f3n uniforme de la carga y minimizan el desgaste, lo que se traduce en una mayor vida \u00fatil de los rodamientos.<\/p>\n<p>SKF Standard Kugellager bieten die bew\u00e4hrte Kombination aus Geschwindigkeit und Leichtg\u00e4ngigkeit, die jeder Skater sucht. Diese Lager sind zuverl\u00e4ssig und bieten niedrige Reibung, damit Sie so schnell wie m\u00f6glich rollen, f\u00fcr eine lange Zeit.<\/p>\n<p>&nbsp;<\/p>","protected":false},"excerpt":{"rendered":"<p>SKF Standard Kugellager Kit SKF Standard Kugellager Kit kann ab sofort bestellt werden. Die von SKF in Italien hergestellten hochwertigen, reibungsarmen Lager laufen schnell und reibungslos und bieten eine lang anhaltende Leistung. Entwickelt von SKF, einem Pionier in der Herstellung von Hochleistungslagern f\u00fcr verschiedene industrielle Anwendungen, bieten die SKF Alexis Pro Bearings eine unschlagbare Kombination [&#8230;]\n","protected":false},"featured_media":28665,"comment_status":"closed","ping_status":"closed","template":"","meta":{"jetpack_post_was_ever_published":false,"jetpack_publicize_message":"","jetpack_publicize_feature_enabled":true,"jetpack_social_post_already_shared":true,"jetpack_social_options":{"image_generator_settings":{"template":"highway","default_image_id":0,"font":"","enabled":false},"version":2}},"product_brand":[],"product_cat":[4130,320],"product_tag":[],"class_list":{"0":"post-28664","1":"product","2":"type-product","3":"status-publish","4":"has-post-thumbnail","6":"product_cat-kugellager","7":"product_cat-accessories","8":"product_shipping_class-paket-m","10":"first","11":"outofstock","12":"taxable","13":"shipping-taxable","14":"purchasable","15":"product-type-simple"},"composite_virtual":false,"composite_layout":"","composite_add_to_cart_form_location":"","composite_editable_in_cart":false,"composite_sold_individually_context":"","composite_shop_price_calc":"","composite_components":[],"composite_scenarios":[],"booking_location":null,"booking_location_type":null,"booking_duration":null,"booking_duration_unit":null,"booking_buffer":null,"booking_cost":null,"booking_resources":null,"jetpack_publicize_connections":[],"jetpack_sharing_enabled":true,"_links":{"self":[{"href":"https:\/\/www.studiolongboard.com\/es\/wp-json\/wp\/v2\/product\/28664","targetHints":{"allow":["GET"]}}],"collection":[{"href":"https:\/\/www.studiolongboard.com\/es\/wp-json\/wp\/v2\/product"}],"about":[{"href":"https:\/\/www.studiolongboard.com\/es\/wp-json\/wp\/v2\/types\/product"}],"replies":[{"embeddable":true,"href":"https:\/\/www.studiolongboard.com\/es\/wp-json\/wp\/v2\/comments?post=28664"}],"wp:featuredmedia":[{"embeddable":true,"href":"https:\/\/www.studiolongboard.com\/es\/wp-json\/wp\/v2\/media\/28665"}],"wp:attachment":[{"href":"https:\/\/www.studiolongboard.com\/es\/wp-json\/wp\/v2\/media?parent=28664"}],"wp:term":[{"taxonomy":"product_brand","embeddable":true,"href":"https:\/\/www.studiolongboard.com\/es\/wp-json\/wp\/v2\/product_brand?post=28664"},{"taxonomy":"product_cat","embeddable":true,"href":"https:\/\/www.studiolongboard.com\/es\/wp-json\/wp\/v2\/product_cat?post=28664"},{"taxonomy":"product_tag","embeddable":true,"href":"https:\/\/www.studiolongboard.com\/es\/wp-json\/wp\/v2\/product_tag?post=28664"}],"curies":[{"name":"wp","href":"https:\/\/api.w.org\/{rel}","templated":true}]}}