{"id":28658,"date":"2024-03-28T16:54:07","date_gmt":"2024-03-28T15:54:07","guid":{"rendered":"https:\/\/www.studiolongboard.com\/?post_type=product&#038;p=28658"},"modified":"2025-08-15T21:37:38","modified_gmt":"2025-08-15T19:37:38","slug":"kit-de-rodamientos-skf-alexis-pro","status":"publish","type":"product","link":"https:\/\/www.studiolongboard.com\/es\/shop\/accessories\/kugellager\/skf-alexis-pro-kugellager-kit\/","title":{"rendered":"Kit de rodamientos de bolas SKF Alexis Pro"},"content":{"rendered":"<h2>Kit de rodamientos de bolas SKF Alexis Pro<\/h2>\n<p>El kit de rodamientos de bolas SKF Alexis Pro ya est\u00e1 disponible para pedidos. Fabricados por SKF en Italia, los rodamientos de alta calidad y baja fricci\u00f3n funcionan con rapidez y suavidad y ofrecen un rendimiento duradero.<\/p>\n<p>Desarrollados por SKF, empresa pionera en la fabricaci\u00f3n de rodamientos de alto rendimiento para diversas aplicaciones industriales, los Rodamientos SKF Alexis Pro ofrecen una combinaci\u00f3n imbatible de calidad, velocidad y fiabilidad que aprecian los skaters de todo el mundo.<\/p>\n<p>Los rodamientos est\u00e1n dise\u00f1ados con tecnolog\u00eda avanzada para garantizar una velocidad \u00f3ptima y un movimiento de rodadura sin esfuerzo. El material de acero de alta calidad y la fabricaci\u00f3n de precisi\u00f3n garantizan una distribuci\u00f3n uniforme de la carga y minimizan el desgaste, lo que se traduce en una mayor vida \u00fatil de los rodamientos.<\/p>\n<p>Gracias al uso de lubricantes de alta calidad, los Rodamientos SKF Alexis Pro mantienen su suavidad y capacidad de respuesta incluso en las condiciones m\u00e1s exigentes. Esto permite un rendimiento de primera clase al patinar, ya sea circulando por la ciudad o realizando trucos en el skatepark.<\/p>\n<p>&nbsp;<\/p>","protected":false},"excerpt":{"rendered":"<p>SKF Alexis Pro Kugellager Kit SKF Alexis Pro Kugellager Kit kann ab sofort bestellt werden. Die von SKF in Italien hergestellten hochwertigen, reibungsarmen Lager laufen schnell und reibungslos und bieten eine lang anhaltende Leistung. Entwickelt von SKF, einem Pionier in der Herstellung von Hochleistungslagern f\u00fcr verschiedene industrielle Anwendungen, bieten die SKF Alexis Pro Bearings eine [&#8230;]\n","protected":false},"featured_media":28659,"comment_status":"closed","ping_status":"closed","template":"","meta":{"jetpack_post_was_ever_published":false,"jetpack_publicize_message":"","jetpack_publicize_feature_enabled":true,"jetpack_social_post_already_shared":true,"jetpack_social_options":{"image_generator_settings":{"template":"highway","default_image_id":0,"font":"","enabled":false},"version":2}},"product_brand":[],"product_cat":[4130,320],"product_tag":[],"class_list":{"0":"post-28658","1":"product","2":"type-product","3":"status-publish","4":"has-post-thumbnail","6":"product_cat-kugellager","7":"product_cat-accessories","8":"product_shipping_class-paket-m","10":"first","11":"outofstock","12":"taxable","13":"shipping-taxable","14":"purchasable","15":"product-type-simple"},"composite_virtual":false,"composite_layout":"","composite_add_to_cart_form_location":"","composite_editable_in_cart":false,"composite_sold_individually_context":"","composite_shop_price_calc":"","composite_components":[],"composite_scenarios":[],"booking_location":null,"booking_location_type":null,"booking_duration":null,"booking_duration_unit":null,"booking_buffer":null,"booking_cost":null,"booking_resources":null,"jetpack_publicize_connections":[],"jetpack_sharing_enabled":true,"_links":{"self":[{"href":"https:\/\/www.studiolongboard.com\/es\/wp-json\/wp\/v2\/product\/28658","targetHints":{"allow":["GET"]}}],"collection":[{"href":"https:\/\/www.studiolongboard.com\/es\/wp-json\/wp\/v2\/product"}],"about":[{"href":"https:\/\/www.studiolongboard.com\/es\/wp-json\/wp\/v2\/types\/product"}],"replies":[{"embeddable":true,"href":"https:\/\/www.studiolongboard.com\/es\/wp-json\/wp\/v2\/comments?post=28658"}],"wp:featuredmedia":[{"embeddable":true,"href":"https:\/\/www.studiolongboard.com\/es\/wp-json\/wp\/v2\/media\/28659"}],"wp:attachment":[{"href":"https:\/\/www.studiolongboard.com\/es\/wp-json\/wp\/v2\/media?parent=28658"}],"wp:term":[{"taxonomy":"product_brand","embeddable":true,"href":"https:\/\/www.studiolongboard.com\/es\/wp-json\/wp\/v2\/product_brand?post=28658"},{"taxonomy":"product_cat","embeddable":true,"href":"https:\/\/www.studiolongboard.com\/es\/wp-json\/wp\/v2\/product_cat?post=28658"},{"taxonomy":"product_tag","embeddable":true,"href":"https:\/\/www.studiolongboard.com\/es\/wp-json\/wp\/v2\/product_tag?post=28658"}],"curies":[{"name":"wp","href":"https:\/\/api.w.org\/{rel}","templated":true}]}}