{"id":28512,"date":"2024-03-21T14:17:23","date_gmt":"2024-03-21T13:17:23","guid":{"rendered":"https:\/\/www.studiolongboard.com\/?post_type=product&#038;p=28512"},"modified":"2024-09-11T09:31:38","modified_gmt":"2024-09-11T07:31:38","slug":"vision-don-brown-pig-stick-7-25-old-school-skateboard-deck","status":"publish","type":"product","link":"https:\/\/www.studiolongboard.com\/es\/shop\/skateboards\/skateboard-decks\/vision-don-brown-pig-stick-7-25-old-school-skateboard-deck\/","title":{"rendered":"VISION Don Brown Pig Stick 7.25&#8243; Old School Skateboard Deck"},"content":{"rendered":"<h2>VISION Don Brown Pig Stick 7.25&#8243; Old School Skateboard Deck<\/h2>\n<p>Tauche ein in die Nostalgie der goldenen \u00c4ra des Skateboardens mit dem VISION Don Brown Pig Stick 7.25&#8243; Old School Skateboard Deck. Dieses Deck verk\u00f6rpert die Essenz der alten Schule und bietet eine authentische Replik eines legend\u00e4ren Designs aus den 1980er Jahren.<\/p>\n<p>Das ikonische Don Brown Pig Stick Grafikdesign ist ein Tribut an die Wurzeln des Skateboardens und wird von Vintage-Fans und Sammlern gleicherma\u00dfen gesch\u00e4tzt.<\/p>\n<p>Einsatzgebiet: Freestyle-Skateboarding<\/p>\n<p><strong>Especificaciones<\/strong><\/p>\n<p>Length: 32.25&#8243;<br \/>\nWidth: 7.25&#8243;<br \/>\nWheelbase: 14.75&#8243;<br \/>\nNose: 6.75&#8243;<br \/>\nTail: 6.75&#8243;<\/p>","protected":false},"excerpt":{"rendered":"<p>VISION Don Brown Pig Stick 7.25&#8243; Old School Skateboard Deck Tauche ein in die Nostalgie der goldenen \u00c4ra des Skateboardens mit dem VISION Don Brown Pig Stick 7.25&#8243; Old School Skateboard Deck. Dieses Deck verk\u00f6rpert die Essenz der alten Schule und bietet eine authentische Replik eines legend\u00e4ren Designs aus den 1980er Jahren. Das ikonische Don [&#8230;]\n","protected":false},"featured_media":28513,"comment_status":"closed","ping_status":"closed","template":"","meta":{"jetpack_post_was_ever_published":false,"jetpack_publicize_message":"","jetpack_publicize_feature_enabled":true,"jetpack_social_post_already_shared":true,"jetpack_social_options":{"image_generator_settings":{"template":"highway","default_image_id":0,"font":"","enabled":false},"version":2}},"product_brand":[],"product_cat":[312,314],"product_tag":[2966],"class_list":{"0":"post-28512","1":"product","2":"type-product","3":"status-publish","4":"has-post-thumbnail","6":"product_cat-skateboards","7":"product_cat-skateboard-decks","8":"product_tag-freestyle","9":"product_shipping_class-paket","11":"first","12":"outofstock","13":"taxable","14":"shipping-taxable","15":"purchasable","16":"product-type-simple"},"composite_virtual":false,"composite_layout":"","composite_add_to_cart_form_location":"","composite_editable_in_cart":false,"composite_sold_individually_context":"","composite_shop_price_calc":"","composite_components":[],"composite_scenarios":[],"booking_location":null,"booking_location_type":null,"booking_duration":null,"booking_duration_unit":null,"booking_buffer":null,"booking_cost":null,"booking_resources":null,"jetpack_publicize_connections":[],"jetpack_sharing_enabled":true,"_links":{"self":[{"href":"https:\/\/www.studiolongboard.com\/es\/wp-json\/wp\/v2\/product\/28512","targetHints":{"allow":["GET"]}}],"collection":[{"href":"https:\/\/www.studiolongboard.com\/es\/wp-json\/wp\/v2\/product"}],"about":[{"href":"https:\/\/www.studiolongboard.com\/es\/wp-json\/wp\/v2\/types\/product"}],"replies":[{"embeddable":true,"href":"https:\/\/www.studiolongboard.com\/es\/wp-json\/wp\/v2\/comments?post=28512"}],"wp:featuredmedia":[{"embeddable":true,"href":"https:\/\/www.studiolongboard.com\/es\/wp-json\/wp\/v2\/media\/28513"}],"wp:attachment":[{"href":"https:\/\/www.studiolongboard.com\/es\/wp-json\/wp\/v2\/media?parent=28512"}],"wp:term":[{"taxonomy":"product_brand","embeddable":true,"href":"https:\/\/www.studiolongboard.com\/es\/wp-json\/wp\/v2\/product_brand?post=28512"},{"taxonomy":"product_cat","embeddable":true,"href":"https:\/\/www.studiolongboard.com\/es\/wp-json\/wp\/v2\/product_cat?post=28512"},{"taxonomy":"product_tag","embeddable":true,"href":"https:\/\/www.studiolongboard.com\/es\/wp-json\/wp\/v2\/product_tag?post=28512"}],"curies":[{"name":"wp","href":"https:\/\/api.w.org\/{rel}","templated":true}]}}