{"id":28417,"date":"2024-03-19T17:33:52","date_gmt":"2024-03-19T16:33:52","guid":{"rendered":"https:\/\/www.studiolongboard.com\/?post_type=product&#038;p=28417"},"modified":"2026-01-13T18:48:46","modified_gmt":"2026-01-13T17:48:46","slug":"powell-peralta-flight-pro-andy-anderson-heron-8-45","status":"publish","type":"product","link":"https:\/\/www.studiolongboard.com\/es\/shop\/skateboards\/skateboard-decks\/powell-peralta-flight-pro-andy-anderson-heron-8-45\/","title":{"rendered":"POWELL-PERALTA Flight Pro Andy Anderson Heron 8.45"},"content":{"rendered":"<h2>POWELL-PERALTA Flight Pro Andy Anderson Heron 8.45<\/h2>\n<p>POWELL-PERALTA Flight Pro Andy Anderson Heron 8.45<\/p>\n<p>Skateboard deck, Andy Anderson&#8217;s pro model<\/p>\n<p>Breite: 8.45&#8243;<br \/>\nL\u00e4nge: 31.8&#8243;<br \/>\nWheelbase: 14.25&#8243;<br \/>\nNose: 6.68&#8243;<br \/>\nTail: 6.68&#8243;<\/p>\n<p>High Concave<br \/>\nspezielles Powell-Peralta K20 Concave sorgt f\u00fcr gute Kontrolle zwischen den Trucks<br \/>\nShaped<br \/>\nFLIGHT\u2122 Konstruktion<br \/>\nsieben d\u00fcnne, aber starke Lagen Ahornholz, eine Schicht Glasfasern und Epoxidharz<br \/>\nl\u00e4ngere Haltbarkeit und weniger Gewicht als herk\u00f6mmliche 7-Ply Decks<br \/>\nh\u00f6herer Pop sowie schnelleres Flippen<br \/>\nAndy Anderson Pro Model<\/p>\n<p>Esta cubierta es tan universal y vers\u00e1til como cabr\u00eda esperar de Andy Anderson. Ya sea street, park, vert o freestyle cl\u00e1sico, con esta cubierta puedes manejar cualquier terreno. La construcci\u00f3n Flight tambi\u00e9n hace que sea extremadamente resistente y duradera. El t\u00edpico desgaste r\u00e1pido en la cola y la nariz, como lo conocemos de la construcci\u00f3n habitual de arce 7ply, no ocurre con esta tabla.<\/p>","protected":false},"excerpt":{"rendered":"<p>POWELL-PERALTA Flight Pro Andy Anderson Heron 8.45 POWELL-PERALTA Flight Pro Andy Anderson Heron 8.45 Skateboard deck, Andy Anderson&#8217;s pro model Breite: 8.45&#8243; L\u00e4nge: 31.8&#8243; Wheelbase: 14.25&#8243; Nose: 6.68&#8243; Tail: 6.68&#8243; High Concave spezielles Powell-Peralta K20 Concave sorgt f\u00fcr gute Kontrolle zwischen den Trucks Shaped FLIGHT\u2122 Konstruktion sieben d\u00fcnne, aber starke Lagen Ahornholz, eine Schicht Glasfasern [&#8230;]\n","protected":false},"featured_media":28418,"comment_status":"closed","ping_status":"closed","template":"","meta":{"jetpack_post_was_ever_published":false,"jetpack_publicize_message":"","jetpack_publicize_feature_enabled":true,"jetpack_social_post_already_shared":true,"jetpack_social_options":{"image_generator_settings":{"template":"highway","default_image_id":0,"font":"","enabled":false},"version":2}},"product_brand":[9148],"product_cat":[312,314],"product_tag":[8647],"class_list":{"0":"post-28417","1":"product","2":"type-product","3":"status-publish","4":"has-post-thumbnail","6":"product_brand-powell-peralta","7":"product_cat-skateboards","8":"product_cat-skateboard-decks","9":"product_tag-andy-anderson","10":"product_shipping_class-paket","12":"first","13":"outofstock","14":"taxable","15":"shipping-taxable","16":"purchasable","17":"product-type-simple"},"composite_virtual":false,"composite_layout":"","composite_add_to_cart_form_location":"","composite_editable_in_cart":false,"composite_sold_individually_context":"","composite_shop_price_calc":"","composite_components":[],"composite_scenarios":[],"booking_location":null,"booking_location_type":null,"booking_duration":null,"booking_duration_unit":null,"booking_buffer":null,"booking_cost":null,"booking_resources":null,"jetpack_publicize_connections":[],"jetpack_sharing_enabled":true,"_links":{"self":[{"href":"https:\/\/www.studiolongboard.com\/es\/wp-json\/wp\/v2\/product\/28417","targetHints":{"allow":["GET"]}}],"collection":[{"href":"https:\/\/www.studiolongboard.com\/es\/wp-json\/wp\/v2\/product"}],"about":[{"href":"https:\/\/www.studiolongboard.com\/es\/wp-json\/wp\/v2\/types\/product"}],"replies":[{"embeddable":true,"href":"https:\/\/www.studiolongboard.com\/es\/wp-json\/wp\/v2\/comments?post=28417"}],"wp:featuredmedia":[{"embeddable":true,"href":"https:\/\/www.studiolongboard.com\/es\/wp-json\/wp\/v2\/media\/28418"}],"wp:attachment":[{"href":"https:\/\/www.studiolongboard.com\/es\/wp-json\/wp\/v2\/media?parent=28417"}],"wp:term":[{"taxonomy":"product_brand","embeddable":true,"href":"https:\/\/www.studiolongboard.com\/es\/wp-json\/wp\/v2\/product_brand?post=28417"},{"taxonomy":"product_cat","embeddable":true,"href":"https:\/\/www.studiolongboard.com\/es\/wp-json\/wp\/v2\/product_cat?post=28417"},{"taxonomy":"product_tag","embeddable":true,"href":"https:\/\/www.studiolongboard.com\/es\/wp-json\/wp\/v2\/product_tag?post=28417"}],"curies":[{"name":"wp","href":"https:\/\/api.w.org\/{rel}","templated":true}]}}