{"id":28065,"date":"2024-03-04T17:49:15","date_gmt":"2024-03-04T16:49:15","guid":{"rendered":"https:\/\/www.studiolongboard.com\/?post_type=product&#038;p=28065"},"modified":"2024-10-23T13:14:22","modified_gmt":"2024-10-23T11:14:22","slug":"landyachtz-dinghy-flamingo-28-5","status":"publish","type":"product","link":"https:\/\/www.studiolongboard.com\/es\/shop\/longboards\/komplett-longboards\/kinder-longboards\/landyachtz-dinghy-flamingo-28-5\/","title":{"rendered":"LANDYACHTZ Dinghy Flamingo 28.5&#8243;"},"content":{"rendered":"<h2>LANDYACHTZ Dinghy Flamingo 28.5&#8243;<\/h2>\n<p>LANDYACHTZ Dinghy Flamingo 28.5&#8243; ist ein Skateboard-Cruiser, das nicht nur auff\u00e4llt, sondern auch h\u00f6chste Leistung bietet. Mit seinem lebendigen Design und seiner erstklassigen Konstruktion ist es das ideale Board f\u00fcr Fahrer, die Stil und Funktionalit\u00e4t gleicherma\u00dfen sch\u00e4tzen.<\/p>\n<p>Mit einer L\u00e4nge von 28,5 Zoll bietet das Dinghy Flamingo die perfekte Balance zwischen Wendigkeit und Stabilit\u00e4t. Egal, ob du durch die engen Gassen der Stadt cruisst oder die Boardwalks entlangf\u00e4hrst, dieses Board ist agil und zuverl\u00e4ssig. Das Deck besteht aus hochwertigem kanadischem Ahornholz, das f\u00fcr seine Langlebigkeit und Flexibilit\u00e4t bekannt ist. Es bietet eine solide Plattform f\u00fcr Fahrer aller Gr\u00f6\u00dfen und sorgt f\u00fcr ein reaktionsschnelles Fahrgef\u00fchl.<\/p>\n<p>Ausgestattet mit robusten 130-mm-Polar-Bear-Trucks bietet das Dinghy Flamingo eine pr\u00e4zise Lenkung und Stabilit\u00e4t bei hohen Geschwindigkeiten. Die 60mm Chubby Hawgs Rollen mit einer H\u00e4rte von 78A bieten ausgezeichneten Grip und Rollgeschwindigkeit auf verschiedenen Oberfl\u00e4chen. Das ABEC-7-Kugellager sorgt f\u00fcr eine reibungslose Fahrt und eine effiziente Kraft\u00fcbertragung.<\/p>\n<p>Das Design des Dinghy Flamingo ist ebenso auff\u00e4llig wie sein Name. Mit einem lebendigen Flamingo-Motiv auf der Unterseite des Decks und einem auff\u00e4lligen Farbschema ist dieses Board ein echter Blickfang. Egal, ob du auf der Stra\u00dfe unterwegs bist oder deine Tricks im Skatepark zeigst, das LANDYACHTZ Dinghy Flamingo 28.5&#8243; macht \u00fcberall eine gute Figur.<\/p>\n<p>Entdecke die Freiheit des Skateboardens mit dem LANDYACHTZ Dinghy Flamingo 28.5&#8243; und erlebe ein Fahrerlebnis, das sowohl auf der Stra\u00dfe als auch auf der Rampe f\u00fcr Aufsehen sorgt. Mit seinem einzigartigen Design und seiner erstklassigen Leistung wird dieses Board sicherlich deine Erwartungen \u00fcbertreffen.<\/p>\n<p>Especificaciones<\/p>\n<p>Length: 72.4cm \/ 28.5&#8243;<br \/>\nWidth: 21.8cm \/ 8.6&#8243;<br \/>\nConstruction: 100% Canadian Maple.<\/p>\n<p>Configurar<\/p>\n<p>Camiones: <a href=\"https:\/\/www.studiolongboard.com\/es\/product-2\/bear-polar-truck-130mm-black\/\">Polar Bear 130mm<\/a><br \/>\nRuedas: <a href=\"https:\/\/www.studiolongboard.com\/es\/product-2\/ruedas-60mm-chubby-hawgs\/\">60mm Chubby Hawgs<\/a><br \/>\nBearings: <a href=\"https:\/\/www.studiolongboard.com\/es\/product-2\/bear-spaceball-bearings-abec-7-kugellager\/\">Bear Space Balls ABEC 7<\/a><\/p>","protected":false},"excerpt":{"rendered":"<p>LANDYACHTZ Dinghy Flamingo 28.5&#8243; LANDYACHTZ Dinghy Flamingo 28.5&#8243; ist ein Skateboard-Cruiser, das nicht nur auff\u00e4llt, sondern auch h\u00f6chste Leistung bietet. Mit seinem lebendigen Design und seiner erstklassigen Konstruktion ist es das ideale Board f\u00fcr Fahrer, die Stil und Funktionalit\u00e4t gleicherma\u00dfen sch\u00e4tzen. Mit einer L\u00e4nge von 28,5 Zoll bietet das Dinghy Flamingo die perfekte Balance zwischen [&#8230;]\n","protected":false},"featured_media":28066,"comment_status":"open","ping_status":"closed","template":"","meta":{"jetpack_post_was_ever_published":false,"jetpack_publicize_message":"","jetpack_publicize_feature_enabled":true,"jetpack_social_post_already_shared":true,"jetpack_social_options":{"image_generator_settings":{"template":"highway","default_image_id":0,"font":"","enabled":false},"version":2}},"product_brand":[],"product_cat":[8641,8643,310,311,312,319],"product_tag":[604,605],"class_list":{"0":"post-28065","1":"product","2":"type-product","3":"status-publish","4":"has-post-thumbnail","6":"product_cat-kinder-longboards","7":"product_cat-mini-cruiser","8":"product_cat-komplett-longboards","9":"product_cat-longboards","10":"product_cat-skateboards","11":"product_cat-komplett-skateboards","12":"product_tag-dinghy","13":"product_tag-mini-crusier","14":"product_shipping_class-paket","16":"first","17":"outofstock","18":"taxable","19":"shipping-taxable","20":"purchasable","21":"product-type-simple"},"composite_virtual":false,"composite_layout":"","composite_add_to_cart_form_location":"","composite_editable_in_cart":false,"composite_sold_individually_context":"","composite_shop_price_calc":"","composite_components":[],"composite_scenarios":[],"booking_location":null,"booking_location_type":null,"booking_duration":null,"booking_duration_unit":null,"booking_buffer":null,"booking_cost":null,"booking_resources":null,"jetpack_publicize_connections":[],"jetpack_sharing_enabled":true,"_links":{"self":[{"href":"https:\/\/www.studiolongboard.com\/es\/wp-json\/wp\/v2\/product\/28065","targetHints":{"allow":["GET"]}}],"collection":[{"href":"https:\/\/www.studiolongboard.com\/es\/wp-json\/wp\/v2\/product"}],"about":[{"href":"https:\/\/www.studiolongboard.com\/es\/wp-json\/wp\/v2\/types\/product"}],"replies":[{"embeddable":true,"href":"https:\/\/www.studiolongboard.com\/es\/wp-json\/wp\/v2\/comments?post=28065"}],"wp:featuredmedia":[{"embeddable":true,"href":"https:\/\/www.studiolongboard.com\/es\/wp-json\/wp\/v2\/media\/28066"}],"wp:attachment":[{"href":"https:\/\/www.studiolongboard.com\/es\/wp-json\/wp\/v2\/media?parent=28065"}],"wp:term":[{"taxonomy":"product_brand","embeddable":true,"href":"https:\/\/www.studiolongboard.com\/es\/wp-json\/wp\/v2\/product_brand?post=28065"},{"taxonomy":"product_cat","embeddable":true,"href":"https:\/\/www.studiolongboard.com\/es\/wp-json\/wp\/v2\/product_cat?post=28065"},{"taxonomy":"product_tag","embeddable":true,"href":"https:\/\/www.studiolongboard.com\/es\/wp-json\/wp\/v2\/product_tag?post=28065"}],"curies":[{"name":"wp","href":"https:\/\/api.w.org\/{rel}","templated":true}]}}