{"id":27605,"date":"2024-02-12T12:58:37","date_gmt":"2024-02-12T11:58:37","guid":{"rendered":"https:\/\/www.studiolongboard.com\/?post_type=product&#038;p=27605"},"modified":"2026-01-06T23:35:21","modified_gmt":"2026-01-06T22:35:21","slug":"sunrise-hardware-kreuzschrauben-flachkopf-silver","status":"publish","type":"product","link":"https:\/\/www.studiolongboard.com\/es\/shop\/accessories\/hardware\/sunrise-hardware-kreuzschrauben-flachkopf-silver\/","title":{"rendered":"Sunrise Hardware Kreuzschrauben Flachkopf silver"},"content":{"rendered":"<h2>Sunrise Hardware Kreuzschrauben Flachkopf silver<\/h2>\n<p>Sunrise Hardware Kreuzschrauben Flachkopf silver<\/p>\n<p>erh\u00e4ltlich in zwei Gr\u00f6\u00dfen: 1&#8243; und 1.25&#8243;<\/p>\n<p>1 inch \/ ca\u00a02.5 cm<br \/>\n1.25 inch \/ ca\u00a03.2 cm<\/p>\n<p>Edelstahl in silber.<br \/>\n8 Schrauben plus Muttern.<\/p>\n<p>F\u00fcr US Skatetools &#8211; keine DIN Schrauben!<\/p>","protected":false},"excerpt":{"rendered":"<p>Sunrise Hardware Kreuzschrauben Flachkopf silver Sunrise Hardware Kreuzschrauben Flachkopf silver erh\u00e4ltlich in zwei Gr\u00f6\u00dfen: 1&#8243; und 1.25&#8243; 1 inch \/ ca\u00a02.5 cm 1.25 inch \/ ca\u00a03.2 cm Edelstahl in silber. 8 Schrauben plus Muttern. F\u00fcr US Skatetools &#8211; keine DIN Schrauben!<\/p>","protected":false},"featured_media":27608,"comment_status":"closed","ping_status":"closed","template":"","meta":{"jetpack_post_was_ever_published":false,"jetpack_publicize_message":"","jetpack_publicize_feature_enabled":true,"jetpack_social_post_already_shared":true,"jetpack_social_options":{"image_generator_settings":{"template":"highway","default_image_id":0,"font":"","enabled":false},"version":2}},"product_brand":[],"product_cat":[320,532],"product_tag":[8958,8957],"class_list":{"0":"post-27605","1":"product","2":"type-product","3":"status-publish","4":"has-post-thumbnail","6":"product_cat-accessories","7":"product_cat-hardware","8":"product_tag-montagesatz","9":"product_tag-schrauben","10":"product_shipping_class-paket-m","12":"first","13":"instock","14":"taxable","15":"shipping-taxable","16":"purchasable","17":"product-type-variable"},"composite_virtual":false,"composite_layout":"","composite_add_to_cart_form_location":"","composite_editable_in_cart":false,"composite_sold_individually_context":"","composite_shop_price_calc":"","composite_components":[],"composite_scenarios":[],"booking_location":null,"booking_location_type":null,"booking_duration":null,"booking_duration_unit":null,"booking_buffer":null,"booking_cost":null,"booking_resources":null,"jetpack_publicize_connections":[],"jetpack_sharing_enabled":true,"_links":{"self":[{"href":"https:\/\/www.studiolongboard.com\/es\/wp-json\/wp\/v2\/product\/27605","targetHints":{"allow":["GET"]}}],"collection":[{"href":"https:\/\/www.studiolongboard.com\/es\/wp-json\/wp\/v2\/product"}],"about":[{"href":"https:\/\/www.studiolongboard.com\/es\/wp-json\/wp\/v2\/types\/product"}],"replies":[{"embeddable":true,"href":"https:\/\/www.studiolongboard.com\/es\/wp-json\/wp\/v2\/comments?post=27605"}],"wp:featuredmedia":[{"embeddable":true,"href":"https:\/\/www.studiolongboard.com\/es\/wp-json\/wp\/v2\/media\/27608"}],"wp:attachment":[{"href":"https:\/\/www.studiolongboard.com\/es\/wp-json\/wp\/v2\/media?parent=27605"}],"wp:term":[{"taxonomy":"product_brand","embeddable":true,"href":"https:\/\/www.studiolongboard.com\/es\/wp-json\/wp\/v2\/product_brand?post=27605"},{"taxonomy":"product_cat","embeddable":true,"href":"https:\/\/www.studiolongboard.com\/es\/wp-json\/wp\/v2\/product_cat?post=27605"},{"taxonomy":"product_tag","embeddable":true,"href":"https:\/\/www.studiolongboard.com\/es\/wp-json\/wp\/v2\/product_tag?post=27605"}],"curies":[{"name":"wp","href":"https:\/\/api.w.org\/{rel}","templated":true}]}}